{"id":4505,"date":"2025-06-28T16:44:05","date_gmt":"2025-06-28T14:44:05","guid":{"rendered":"https:\/\/uj.adatbank.ro\/lexikon\/termek\/bertalan-antal\/"},"modified":"2025-06-28T16:44:05","modified_gmt":"2025-06-28T14:44:05","slug":"bertalan-antal","status":"publish","type":"product","link":"https:\/\/uj.adatbank.ro\/lexikon\/termek\/bertalan-antal\/","title":{"rendered":"BERTALAN Antal"},"content":{"rendered":"<p>Altorja, ? \u2020 1766. j\u00fan. 12.: r. k. pap. \u2013 Kv.-on (1733\u201340) \u00e9s Nagyszombaton tanult (1741\u201342). Pl\u00e9b\u00e1nos B\u00f6z\u00f6d\u00fajfaluban (1744\u201353), Erkeden, Sz\u00e9kelyszentkir\u00e1lyon (1753\u2013), majd Mez\u0151s\u00e1msondon (1763\u201366). <br \/><strong>Irod.:<\/strong> Ferenczi S\u00e1ndor 2009<\/br><\/p>\n","protected":false},"excerpt":{"rendered":"<p>Altorja, ? \u2020 1766. j\u00fan. 12.: r. k. pap. \u2013 Kv.-on (1733\u201340) \u00e9s Nagyszombaton tanult (1741\u201342). Pl\u00e9b\u00e1nos B\u00f6z\u00f6d\u00fajfaluban (1744\u201353), Erkeden, Sz\u00e9kelyszentkir\u00e1lyon (1753\u2013), majd Mez\u0151s\u00e1msondon (1763\u201366). Irod.: Ferenczi S\u00e1ndor 2009<\/p>\n","protected":false},"featured_media":0,"comment_status":"open","ping_status":"closed","template":"","meta":[],"product_brand":[],"product_cat":[137],"product_tag":[],"class_list":{"0":"post-4505","1":"product","2":"type-product","3":"status-publish","5":"product_cat-maros-megyei-eletrajzi-lexikon","7":"first","8":"instock","9":"shipping-taxable","10":"product-type-simple"},"_links":{"self":[{"href":"https:\/\/uj.adatbank.ro\/lexikon\/wp-json\/wp\/v2\/product\/4505","targetHints":{"allow":["GET"]}}],"collection":[{"href":"https:\/\/uj.adatbank.ro\/lexikon\/wp-json\/wp\/v2\/product"}],"about":[{"href":"https:\/\/uj.adatbank.ro\/lexikon\/wp-json\/wp\/v2\/types\/product"}],"replies":[{"embeddable":true,"href":"https:\/\/uj.adatbank.ro\/lexikon\/wp-json\/wp\/v2\/comments?post=4505"}],"wp:attachment":[{"href":"https:\/\/uj.adatbank.ro\/lexikon\/wp-json\/wp\/v2\/media?parent=4505"}],"wp:term":[{"taxonomy":"product_brand","embeddable":true,"href":"https:\/\/uj.adatbank.ro\/lexikon\/wp-json\/wp\/v2\/product_brand?post=4505"},{"taxonomy":"product_cat","embeddable":true,"href":"https:\/\/uj.adatbank.ro\/lexikon\/wp-json\/wp\/v2\/product_cat?post=4505"},{"taxonomy":"product_tag","embeddable":true,"href":"https:\/\/uj.adatbank.ro\/lexikon\/wp-json\/wp\/v2\/product_tag?post=4505"}],"curies":[{"name":"wp","href":"https:\/\/api.w.org\/{rel}","templated":true}]}}