{"id":4506,"date":"2025-06-28T16:44:07","date_gmt":"2025-06-28T14:44:07","guid":{"rendered":"https:\/\/uj.adatbank.ro\/lexikon\/termek\/bertalan-ilona\/"},"modified":"2025-06-28T16:44:07","modified_gmt":"2025-06-28T14:44:07","slug":"bertalan-ilona","status":"publish","type":"product","link":"https:\/\/uj.adatbank.ro\/lexikon\/termek\/bertalan-ilona\/","title":{"rendered":"BERTALAN Ilona"},"content":{"rendered":"<p>1912., ? \u2020 Mv., 1999. jan. 11.: tan\u00e1rn\u0151.- Az Unirea L\u00edc. matematika tan\u00e1ra volt. <br \/><strong>Irod.:<\/strong> [Nekrol\u00f3g] (N\u00fa., 1999. jan. 12.)<\/br><\/p>\n","protected":false},"excerpt":{"rendered":"<p>1912., ? \u2020 Mv., 1999. jan. 11.: tan\u00e1rn\u0151.- Az Unirea L\u00edc. matematika tan\u00e1ra volt. Irod.: [Nekrol\u00f3g] (N\u00fa., 1999. jan. 12.)<\/p>\n","protected":false},"featured_media":0,"comment_status":"open","ping_status":"closed","template":"","meta":[],"product_brand":[],"product_cat":[137],"product_tag":[],"class_list":{"0":"post-4506","1":"product","2":"type-product","3":"status-publish","5":"product_cat-maros-megyei-eletrajzi-lexikon","7":"first","8":"instock","9":"shipping-taxable","10":"product-type-simple"},"_links":{"self":[{"href":"https:\/\/uj.adatbank.ro\/lexikon\/wp-json\/wp\/v2\/product\/4506","targetHints":{"allow":["GET"]}}],"collection":[{"href":"https:\/\/uj.adatbank.ro\/lexikon\/wp-json\/wp\/v2\/product"}],"about":[{"href":"https:\/\/uj.adatbank.ro\/lexikon\/wp-json\/wp\/v2\/types\/product"}],"replies":[{"embeddable":true,"href":"https:\/\/uj.adatbank.ro\/lexikon\/wp-json\/wp\/v2\/comments?post=4506"}],"wp:attachment":[{"href":"https:\/\/uj.adatbank.ro\/lexikon\/wp-json\/wp\/v2\/media?parent=4506"}],"wp:term":[{"taxonomy":"product_brand","embeddable":true,"href":"https:\/\/uj.adatbank.ro\/lexikon\/wp-json\/wp\/v2\/product_brand?post=4506"},{"taxonomy":"product_cat","embeddable":true,"href":"https:\/\/uj.adatbank.ro\/lexikon\/wp-json\/wp\/v2\/product_cat?post=4506"},{"taxonomy":"product_tag","embeddable":true,"href":"https:\/\/uj.adatbank.ro\/lexikon\/wp-json\/wp\/v2\/product_tag?post=4506"}],"curies":[{"name":"wp","href":"https:\/\/api.w.org\/{rel}","templated":true}]}}