{"id":4507,"date":"2025-06-28T16:44:09","date_gmt":"2025-06-28T14:44:09","guid":{"rendered":"https:\/\/uj.adatbank.ro\/lexikon\/termek\/bertalan-jozsef\/"},"modified":"2025-06-28T16:44:09","modified_gmt":"2025-06-28T14:44:09","slug":"bertalan-jozsef","status":"publish","type":"product","link":"https:\/\/uj.adatbank.ro\/lexikon\/termek\/bertalan-jozsef\/","title":{"rendered":"BERTALAN J\u00f3zsef"},"content":{"rendered":"<p>1904, \u2020 Mv., 1979. febr. 15.: ref. lelk\u00e9sz. \u2013 Seg\u00e9dlelk\u00e9sz Nagyenyeden (1927\u20131929), szolg\u00e1latot v\u00e9gzett Mez\u0151b\u00e1ndon, Als\u00f3r\u00e1koson, Alvincen. Magyarb\u00fck\u00f6s\u00f6n \u00e1lland\u00f3 lelk\u00e9sz (1930\u20131939). Marosbog\u00e1ton volt lelk\u00e9sz, esperes (1938\u201374). A ref. templom fal\u00e1ra eml\u00e9kt\u00e1bl\u00e1t helyeztek, felavattak eml\u00e9k\u00e9re (2004. j\u00fal. 18). <br \/><strong>Irod.:<\/strong> Eml\u00e9kt\u00e1bla-avat\u00e1s Marosbog\u00e1ton (N\u00fa., 2004. j\u00fal. 15.); [Nekrol\u00f3g] (V. Z., 1979. febr. 16.)<\/br><\/p>\n","protected":false},"excerpt":{"rendered":"<p>1904, \u2020 Mv., 1979. febr. 15.: ref. lelk\u00e9sz. \u2013 Seg\u00e9dlelk\u00e9sz Nagyenyeden (1927\u20131929), szolg\u00e1latot v\u00e9gzett Mez\u0151b\u00e1ndon, Als\u00f3r\u00e1koson, Alvincen. Magyarb\u00fck\u00f6s\u00f6n \u00e1lland\u00f3 lelk\u00e9sz (1930\u20131939). Marosbog\u00e1ton volt lelk\u00e9sz, esperes (1938\u201374). A ref. templom fal\u00e1ra eml\u00e9kt\u00e1bl\u00e1t helyeztek, felavattak eml\u00e9k\u00e9re (2004. j\u00fal. 18). Irod.: Eml\u00e9kt\u00e1bla-avat\u00e1s Marosbog\u00e1ton (N\u00fa., 2004. j\u00fal. 15.); [Nekrol\u00f3g] (V. Z., 1979. febr. 16.)<\/p>\n","protected":false},"featured_media":0,"comment_status":"open","ping_status":"closed","template":"","meta":[],"product_brand":[],"product_cat":[137],"product_tag":[],"class_list":{"0":"post-4507","1":"product","2":"type-product","3":"status-publish","5":"product_cat-maros-megyei-eletrajzi-lexikon","7":"first","8":"instock","9":"shipping-taxable","10":"product-type-simple"},"_links":{"self":[{"href":"https:\/\/uj.adatbank.ro\/lexikon\/wp-json\/wp\/v2\/product\/4507","targetHints":{"allow":["GET"]}}],"collection":[{"href":"https:\/\/uj.adatbank.ro\/lexikon\/wp-json\/wp\/v2\/product"}],"about":[{"href":"https:\/\/uj.adatbank.ro\/lexikon\/wp-json\/wp\/v2\/types\/product"}],"replies":[{"embeddable":true,"href":"https:\/\/uj.adatbank.ro\/lexikon\/wp-json\/wp\/v2\/comments?post=4507"}],"wp:attachment":[{"href":"https:\/\/uj.adatbank.ro\/lexikon\/wp-json\/wp\/v2\/media?parent=4507"}],"wp:term":[{"taxonomy":"product_brand","embeddable":true,"href":"https:\/\/uj.adatbank.ro\/lexikon\/wp-json\/wp\/v2\/product_brand?post=4507"},{"taxonomy":"product_cat","embeddable":true,"href":"https:\/\/uj.adatbank.ro\/lexikon\/wp-json\/wp\/v2\/product_cat?post=4507"},{"taxonomy":"product_tag","embeddable":true,"href":"https:\/\/uj.adatbank.ro\/lexikon\/wp-json\/wp\/v2\/product_tag?post=4507"}],"curies":[{"name":"wp","href":"https:\/\/api.w.org\/{rel}","templated":true}]}}