{"id":4509,"date":"2025-06-28T16:44:16","date_gmt":"2025-06-28T14:44:16","guid":{"rendered":"https:\/\/uj.adatbank.ro\/lexikon\/termek\/bertalan-peter\/"},"modified":"2025-06-28T16:44:16","modified_gmt":"2025-06-28T14:44:16","slug":"bertalan-peter","status":"publish","type":"product","link":"https:\/\/uj.adatbank.ro\/lexikon\/termek\/bertalan-peter\/","title":{"rendered":"BERTALAN P\u00e9ter"},"content":{"rendered":"<p>? \u2020 ? : pixid\u00e1rius. \u2013 Ny\u00e1r\u00e1dszeredai csal\u00e1d tagja, pixid\u00e1riusi levelet nyert (gyalogoss\u00e1got) (1608. j\u00fan. 8.), Jedden lustr\u00e1lt\u00e1k (1614). <br \/><strong>Irod.:<\/strong> Kempelen; P\u00e1lmay<\/br><\/p>\n","protected":false},"excerpt":{"rendered":"<p>? \u2020 ? : pixid\u00e1rius. \u2013 Ny\u00e1r\u00e1dszeredai csal\u00e1d tagja, pixid\u00e1riusi levelet nyert (gyalogoss\u00e1got) (1608. j\u00fan. 8.), Jedden lustr\u00e1lt\u00e1k (1614). Irod.: Kempelen; P\u00e1lmay<\/p>\n","protected":false},"featured_media":0,"comment_status":"open","ping_status":"closed","template":"","meta":[],"product_brand":[],"product_cat":[137],"product_tag":[],"class_list":{"0":"post-4509","1":"product","2":"type-product","3":"status-publish","5":"product_cat-maros-megyei-eletrajzi-lexikon","7":"first","8":"instock","9":"shipping-taxable","10":"product-type-simple"},"_links":{"self":[{"href":"https:\/\/uj.adatbank.ro\/lexikon\/wp-json\/wp\/v2\/product\/4509","targetHints":{"allow":["GET"]}}],"collection":[{"href":"https:\/\/uj.adatbank.ro\/lexikon\/wp-json\/wp\/v2\/product"}],"about":[{"href":"https:\/\/uj.adatbank.ro\/lexikon\/wp-json\/wp\/v2\/types\/product"}],"replies":[{"embeddable":true,"href":"https:\/\/uj.adatbank.ro\/lexikon\/wp-json\/wp\/v2\/comments?post=4509"}],"wp:attachment":[{"href":"https:\/\/uj.adatbank.ro\/lexikon\/wp-json\/wp\/v2\/media?parent=4509"}],"wp:term":[{"taxonomy":"product_brand","embeddable":true,"href":"https:\/\/uj.adatbank.ro\/lexikon\/wp-json\/wp\/v2\/product_brand?post=4509"},{"taxonomy":"product_cat","embeddable":true,"href":"https:\/\/uj.adatbank.ro\/lexikon\/wp-json\/wp\/v2\/product_cat?post=4509"},{"taxonomy":"product_tag","embeddable":true,"href":"https:\/\/uj.adatbank.ro\/lexikon\/wp-json\/wp\/v2\/product_tag?post=4509"}],"curies":[{"name":"wp","href":"https:\/\/api.w.org\/{rel}","templated":true}]}}