{"id":4510,"date":"2025-06-28T16:44:18","date_gmt":"2025-06-28T14:44:18","guid":{"rendered":"https:\/\/uj.adatbank.ro\/lexikon\/termek\/berth\/"},"modified":"2025-06-28T16:44:18","modified_gmt":"2025-06-28T14:44:18","slug":"berth","status":"publish","type":"product","link":"https:\/\/uj.adatbank.ro\/lexikon\/termek\/berth\/","title":{"rendered":"BERTH"},"content":{"rendered":"<p>? \u2020 ? : gy\u00e1ros. \u2013 Berth &#038; Tichy n\u00e9ven alap\u00edtottak mez\u0151gazdas\u00e1gi g\u00e9p- \u00e9s alkatr\u00e9sz gy\u00e1rat Segesv\u00e1ron (1929). <br \/><strong>Irod.:<\/strong> Pan\u0103<\/br><\/p>\n","protected":false},"excerpt":{"rendered":"<p>? \u2020 ? : gy\u00e1ros. \u2013 Berth &#038; Tichy n\u00e9ven alap\u00edtottak mez\u0151gazdas\u00e1gi g\u00e9p- \u00e9s alkatr\u00e9sz gy\u00e1rat Segesv\u00e1ron (1929). Irod.: Pan\u0103<\/p>\n","protected":false},"featured_media":0,"comment_status":"open","ping_status":"closed","template":"","meta":[],"product_brand":[],"product_cat":[137],"product_tag":[],"class_list":{"0":"post-4510","1":"product","2":"type-product","3":"status-publish","5":"product_cat-maros-megyei-eletrajzi-lexikon","7":"first","8":"instock","9":"shipping-taxable","10":"product-type-simple"},"_links":{"self":[{"href":"https:\/\/uj.adatbank.ro\/lexikon\/wp-json\/wp\/v2\/product\/4510","targetHints":{"allow":["GET"]}}],"collection":[{"href":"https:\/\/uj.adatbank.ro\/lexikon\/wp-json\/wp\/v2\/product"}],"about":[{"href":"https:\/\/uj.adatbank.ro\/lexikon\/wp-json\/wp\/v2\/types\/product"}],"replies":[{"embeddable":true,"href":"https:\/\/uj.adatbank.ro\/lexikon\/wp-json\/wp\/v2\/comments?post=4510"}],"wp:attachment":[{"href":"https:\/\/uj.adatbank.ro\/lexikon\/wp-json\/wp\/v2\/media?parent=4510"}],"wp:term":[{"taxonomy":"product_brand","embeddable":true,"href":"https:\/\/uj.adatbank.ro\/lexikon\/wp-json\/wp\/v2\/product_brand?post=4510"},{"taxonomy":"product_cat","embeddable":true,"href":"https:\/\/uj.adatbank.ro\/lexikon\/wp-json\/wp\/v2\/product_cat?post=4510"},{"taxonomy":"product_tag","embeddable":true,"href":"https:\/\/uj.adatbank.ro\/lexikon\/wp-json\/wp\/v2\/product_tag?post=4510"}],"curies":[{"name":"wp","href":"https:\/\/api.w.org\/{rel}","templated":true}]}}