{"id":4514,"date":"2025-06-28T16:44:27","date_gmt":"2025-06-28T14:44:27","guid":{"rendered":"https:\/\/uj.adatbank.ro\/lexikon\/termek\/bertia-lazar\/"},"modified":"2025-06-28T16:44:27","modified_gmt":"2025-06-28T14:44:27","slug":"bertia-lazar","status":"publish","type":"product","link":"https:\/\/uj.adatbank.ro\/lexikon\/termek\/bertia-lazar\/","title":{"rendered":"BER\u0162IA Laz\u0103r"},"content":{"rendered":"<p>Ny\u00e1r\u00e1dszentbenedek, 1899. j\u00fan. 19., \u2020 ? : tan\u00e1r. \u2013 K\u00f6z\u00e9piskolai tanulm\u00e1nyait Mv.-en, az akad.-\u00e1t Kv.-on v\u00e9gezte. Mv.-en a rom\u00e1n Fels\u0151kereskedelmi Iskol\u00e1ban tan\u00edtott. \u2013 <strong>F. m.:<\/strong> Biroul comercial ( ?); Contabilitatea comercial\u0103 ( ?); Contabilitatea bancar\u0103 \u015fi industrial\u0103 (1928). <br \/><strong>Irod.:<\/strong> Guly\u00e1s<\/br><\/p>\n","protected":false},"excerpt":{"rendered":"<p>Ny\u00e1r\u00e1dszentbenedek, 1899. j\u00fan. 19., \u2020 ? : tan\u00e1r. \u2013 K\u00f6z\u00e9piskolai tanulm\u00e1nyait Mv.-en, az akad.-\u00e1t Kv.-on v\u00e9gezte. Mv.-en a rom\u00e1n Fels\u0151kereskedelmi Iskol\u00e1ban tan\u00edtott. \u2013 F. m.: Biroul comercial ( ?); Contabilitatea comercial\u0103 ( ?); Contabilitatea bancar\u0103 \u015fi industrial\u0103 (1928). Irod.: Guly\u00e1s<\/p>\n","protected":false},"featured_media":0,"comment_status":"open","ping_status":"closed","template":"","meta":[],"product_brand":[],"product_cat":[137],"product_tag":[],"class_list":{"0":"post-4514","1":"product","2":"type-product","3":"status-publish","5":"product_cat-maros-megyei-eletrajzi-lexikon","7":"first","8":"instock","9":"shipping-taxable","10":"product-type-simple"},"_links":{"self":[{"href":"https:\/\/uj.adatbank.ro\/lexikon\/wp-json\/wp\/v2\/product\/4514","targetHints":{"allow":["GET"]}}],"collection":[{"href":"https:\/\/uj.adatbank.ro\/lexikon\/wp-json\/wp\/v2\/product"}],"about":[{"href":"https:\/\/uj.adatbank.ro\/lexikon\/wp-json\/wp\/v2\/types\/product"}],"replies":[{"embeddable":true,"href":"https:\/\/uj.adatbank.ro\/lexikon\/wp-json\/wp\/v2\/comments?post=4514"}],"wp:attachment":[{"href":"https:\/\/uj.adatbank.ro\/lexikon\/wp-json\/wp\/v2\/media?parent=4514"}],"wp:term":[{"taxonomy":"product_brand","embeddable":true,"href":"https:\/\/uj.adatbank.ro\/lexikon\/wp-json\/wp\/v2\/product_brand?post=4514"},{"taxonomy":"product_cat","embeddable":true,"href":"https:\/\/uj.adatbank.ro\/lexikon\/wp-json\/wp\/v2\/product_cat?post=4514"},{"taxonomy":"product_tag","embeddable":true,"href":"https:\/\/uj.adatbank.ro\/lexikon\/wp-json\/wp\/v2\/product_tag?post=4514"}],"curies":[{"name":"wp","href":"https:\/\/api.w.org\/{rel}","templated":true}]}}