{"id":4516,"date":"2025-06-28T16:44:30","date_gmt":"2025-06-28T14:44:30","guid":{"rendered":"https:\/\/uj.adatbank.ro\/lexikon\/termek\/bertleff-johann-fredrich\/"},"modified":"2025-06-28T16:44:30","modified_gmt":"2025-06-28T14:44:30","slug":"bertleff-johann-fredrich","status":"publish","type":"product","link":"https:\/\/uj.adatbank.ro\/lexikon\/termek\/bertleff-johann-fredrich\/","title":{"rendered":"BERTLEFF Johann Fredrich"},"content":{"rendered":"<p>Apold, ? \u2020\u00a0? : orvos \u2013 Apja pap Segesv\u00e1ron. \u2013 A b\u00e9csi Egy. Orvos Kar\u00e1n tanult (1850\u201356). Hazat\u00e9rt, orvosi gyakorlatot folytatott. Segesv\u00e1ron k\u00f3rh\u00e1zi orvos (1890). <br \/><strong>Irod.:<\/strong> Szab\u00f3\u2013Simon\u2013Sz\u00f6gi<\/br><\/p>\n","protected":false},"excerpt":{"rendered":"<p>Apold, ? \u2020\u00a0? : orvos \u2013 Apja pap Segesv\u00e1ron. \u2013 A b\u00e9csi Egy. Orvos Kar\u00e1n tanult (1850\u201356). Hazat\u00e9rt, orvosi gyakorlatot folytatott. Segesv\u00e1ron k\u00f3rh\u00e1zi orvos (1890). Irod.: Szab\u00f3\u2013Simon\u2013Sz\u00f6gi<\/p>\n","protected":false},"featured_media":0,"comment_status":"open","ping_status":"closed","template":"","meta":[],"product_brand":[],"product_cat":[137],"product_tag":[],"class_list":{"0":"post-4516","1":"product","2":"type-product","3":"status-publish","5":"product_cat-maros-megyei-eletrajzi-lexikon","7":"first","8":"instock","9":"shipping-taxable","10":"product-type-simple"},"_links":{"self":[{"href":"https:\/\/uj.adatbank.ro\/lexikon\/wp-json\/wp\/v2\/product\/4516","targetHints":{"allow":["GET"]}}],"collection":[{"href":"https:\/\/uj.adatbank.ro\/lexikon\/wp-json\/wp\/v2\/product"}],"about":[{"href":"https:\/\/uj.adatbank.ro\/lexikon\/wp-json\/wp\/v2\/types\/product"}],"replies":[{"embeddable":true,"href":"https:\/\/uj.adatbank.ro\/lexikon\/wp-json\/wp\/v2\/comments?post=4516"}],"wp:attachment":[{"href":"https:\/\/uj.adatbank.ro\/lexikon\/wp-json\/wp\/v2\/media?parent=4516"}],"wp:term":[{"taxonomy":"product_brand","embeddable":true,"href":"https:\/\/uj.adatbank.ro\/lexikon\/wp-json\/wp\/v2\/product_brand?post=4516"},{"taxonomy":"product_cat","embeddable":true,"href":"https:\/\/uj.adatbank.ro\/lexikon\/wp-json\/wp\/v2\/product_cat?post=4516"},{"taxonomy":"product_tag","embeddable":true,"href":"https:\/\/uj.adatbank.ro\/lexikon\/wp-json\/wp\/v2\/product_tag?post=4516"}],"curies":[{"name":"wp","href":"https:\/\/api.w.org\/{rel}","templated":true}]}}