{"id":4517,"date":"2025-06-28T16:44:32","date_gmt":"2025-06-28T14:44:32","guid":{"rendered":"https:\/\/uj.adatbank.ro\/lexikon\/termek\/bertok-imre-adamosi\/"},"modified":"2025-06-28T16:44:32","modified_gmt":"2025-06-28T14:44:32","slug":"bertok-imre-adamosi","status":"publish","type":"product","link":"https:\/\/uj.adatbank.ro\/lexikon\/termek\/bertok-imre-adamosi\/","title":{"rendered":"BERT\u00d3K Imre, \u00e1d\u00e1mosi"},"content":{"rendered":"<p>? \u2020\u00a0? : not\u00e1rius. <br \/><strong>Irod.:<\/strong> P\u00e9csi Anna: Az erd\u00e9lyi fejedelmi kancell\u00e1ria kialakul\u00e1sa \u00e9s okleveles gyakorlata 1571-ig (Bp., 1938)<\/br><\/p>\n","protected":false},"excerpt":{"rendered":"<p>? \u2020\u00a0? : not\u00e1rius. Irod.: P\u00e9csi Anna: Az erd\u00e9lyi fejedelmi kancell\u00e1ria kialakul\u00e1sa \u00e9s okleveles gyakorlata 1571-ig (Bp., 1938)<\/p>\n","protected":false},"featured_media":0,"comment_status":"open","ping_status":"closed","template":"","meta":[],"product_brand":[],"product_cat":[137],"product_tag":[],"class_list":{"0":"post-4517","1":"product","2":"type-product","3":"status-publish","5":"product_cat-maros-megyei-eletrajzi-lexikon","7":"first","8":"instock","9":"shipping-taxable","10":"product-type-simple"},"_links":{"self":[{"href":"https:\/\/uj.adatbank.ro\/lexikon\/wp-json\/wp\/v2\/product\/4517","targetHints":{"allow":["GET"]}}],"collection":[{"href":"https:\/\/uj.adatbank.ro\/lexikon\/wp-json\/wp\/v2\/product"}],"about":[{"href":"https:\/\/uj.adatbank.ro\/lexikon\/wp-json\/wp\/v2\/types\/product"}],"replies":[{"embeddable":true,"href":"https:\/\/uj.adatbank.ro\/lexikon\/wp-json\/wp\/v2\/comments?post=4517"}],"wp:attachment":[{"href":"https:\/\/uj.adatbank.ro\/lexikon\/wp-json\/wp\/v2\/media?parent=4517"}],"wp:term":[{"taxonomy":"product_brand","embeddable":true,"href":"https:\/\/uj.adatbank.ro\/lexikon\/wp-json\/wp\/v2\/product_brand?post=4517"},{"taxonomy":"product_cat","embeddable":true,"href":"https:\/\/uj.adatbank.ro\/lexikon\/wp-json\/wp\/v2\/product_cat?post=4517"},{"taxonomy":"product_tag","embeddable":true,"href":"https:\/\/uj.adatbank.ro\/lexikon\/wp-json\/wp\/v2\/product_tag?post=4517"}],"curies":[{"name":"wp","href":"https:\/\/api.w.org\/{rel}","templated":true}]}}