{"id":4520,"date":"2025-06-28T16:44:37","date_gmt":"2025-06-28T14:44:37","guid":{"rendered":"https:\/\/uj.adatbank.ro\/lexikon\/termek\/bertramus-andreas-bertram-andreas\/"},"modified":"2025-06-28T16:44:37","modified_gmt":"2025-06-28T14:44:37","slug":"bertramus-andreas-bertram-andreas","status":"publish","type":"product","link":"https:\/\/uj.adatbank.ro\/lexikon\/termek\/bertramus-andreas-bertram-andreas\/","title":{"rendered":"BERTRAMUS Andreas, Bertram Andreas"},"content":{"rendered":"<p>? \u2020\u00a0? : gy\u00f3gyszer\u00e9sz. \u2013 Segesv\u00e1r legr\u00e9gibb gy\u00f3gyszer\u00e9sze volt. M\u0171szert\u00e1sk\u00e1j\u00e1t (1636) a segesv\u00e1ri m\u00fazeumban \u00f6rzik. <br \/><strong>Irod.:<\/strong> Kraus: Erd\u00e9lyi kr\u00f3nika; Megyei kis lexikon \/ Rajz: Porzsolt Borb\u00e1la, Sz\u00f6veg: Izs\u00e1k Istv\u00e1n: Dr. Josef Bacon (V. Z., 1968. j\u00fan. 30.)<\/br><\/p>\n","protected":false},"excerpt":{"rendered":"<p>? \u2020\u00a0? : gy\u00f3gyszer\u00e9sz. \u2013 Segesv\u00e1r legr\u00e9gibb gy\u00f3gyszer\u00e9sze volt. M\u0171szert\u00e1sk\u00e1j\u00e1t (1636) a segesv\u00e1ri m\u00fazeumban \u00f6rzik. Irod.: Kraus: Erd\u00e9lyi kr\u00f3nika; Megyei kis lexikon \/ Rajz: Porzsolt Borb\u00e1la, Sz\u00f6veg: Izs\u00e1k Istv\u00e1n: Dr. Josef Bacon (V. Z., 1968. j\u00fan. 30.)<\/p>\n","protected":false},"featured_media":0,"comment_status":"open","ping_status":"closed","template":"","meta":[],"product_brand":[],"product_cat":[137],"product_tag":[],"class_list":{"0":"post-4520","1":"product","2":"type-product","3":"status-publish","5":"product_cat-maros-megyei-eletrajzi-lexikon","7":"first","8":"instock","9":"shipping-taxable","10":"product-type-simple"},"_links":{"self":[{"href":"https:\/\/uj.adatbank.ro\/lexikon\/wp-json\/wp\/v2\/product\/4520","targetHints":{"allow":["GET"]}}],"collection":[{"href":"https:\/\/uj.adatbank.ro\/lexikon\/wp-json\/wp\/v2\/product"}],"about":[{"href":"https:\/\/uj.adatbank.ro\/lexikon\/wp-json\/wp\/v2\/types\/product"}],"replies":[{"embeddable":true,"href":"https:\/\/uj.adatbank.ro\/lexikon\/wp-json\/wp\/v2\/comments?post=4520"}],"wp:attachment":[{"href":"https:\/\/uj.adatbank.ro\/lexikon\/wp-json\/wp\/v2\/media?parent=4520"}],"wp:term":[{"taxonomy":"product_brand","embeddable":true,"href":"https:\/\/uj.adatbank.ro\/lexikon\/wp-json\/wp\/v2\/product_brand?post=4520"},{"taxonomy":"product_cat","embeddable":true,"href":"https:\/\/uj.adatbank.ro\/lexikon\/wp-json\/wp\/v2\/product_cat?post=4520"},{"taxonomy":"product_tag","embeddable":true,"href":"https:\/\/uj.adatbank.ro\/lexikon\/wp-json\/wp\/v2\/product_tag?post=4520"}],"curies":[{"name":"wp","href":"https:\/\/api.w.org\/{rel}","templated":true}]}}