{"id":4522,"date":"2025-06-28T16:44:39","date_gmt":"2025-06-28T14:44:39","guid":{"rendered":"https:\/\/uj.adatbank.ro\/lexikon\/termek\/berwerth-friedrich-martin\/"},"modified":"2025-06-28T16:44:39","modified_gmt":"2025-06-28T14:44:39","slug":"berwerth-friedrich-martin","status":"publish","type":"product","link":"https:\/\/uj.adatbank.ro\/lexikon\/termek\/berwerth-friedrich-martin\/","title":{"rendered":"BERWERTH Friedrich Martin"},"content":{"rendered":"<p>Segesv\u00e1r, 1850. nov. 16., \u2020 B\u00e9cs, 1918. szept. 22.: egy.-i tan\u00e1r, botanikus, mineralogus, vegy\u00e9sz, k\u00eds\u00e9rleti fizikus. \u2013 Apja gy\u00f3gyszer\u00e9sz. \u2013 A b\u00e9csi egy. b\u00f6lcs\u00e9sz hallgat\u00f3ja volt (1869\u201371), a gr\u00e1ci egy.-en a b\u00f6lcs\u00e9sz karon tanult (1871\u2013), majd a heidelbergi egy.-en folytatta tanulm\u00e1nyait (1872. okt. 26. \u2013) \u00e1sv\u00e1nytant, k\u00e9mi\u00e1t, fizik\u00e1t, botanik\u00e1t \u00e9s \u00e1llattant tanult, gy\u00f3gyszer\u00e9szi oklevelet nyert Philosophiae insigni cum laude min\u0151s\u00edt\u00e9ssel doktor\u00e1lt (1873. dec. 6.). A B\u00e9csi Egy.-en az \u00e1sv\u00e1nytan \u00e9s petrogr\u00e1fia tan\u00e1rseg\u00e9dje (1874\u2013), mag\u00e1ntan\u00e1r (1888\u2013) a Cs. Kir. \u00c1sv\u00e1nytani Int\u00e9zetben dolgozott (1885\u2013), mag\u00e1ntan\u00e1r (1888\u2013), rk. tan\u00e1r (1894\u2013), majd egy.-i tan\u00e1r (1907\u2013), tansz\u00e9kvezet\u0151. A b\u00e9csi Cs. Kir. Term\u00e9szettud. M\u00fazeum (Hofmuseum) \u00c1sv\u00e1ny- \u00e9s K\u00f6zettani r\u00e9szleg\u00e9nek gondnoka (1888-t\u00f3l), vezet\u0151je (1897\u2013) \u00e9s igazgat\u00f3ja (1904\u2013). A B\u00e9csi Cs. Kir. Akad. levelez\u0151 tagja (1905\u2013). Udvari tan\u00e1csos (1918\u2013). Elk\u00eds\u00e9rte a h\u00edres Eduard Suess geol\u00f3gust a d\u00e9ltiroli, sv\u00e1jci, olaszo.-i \u00e9s sziciliai kutat\u00f3\u00fatjain. Saj\u00e1t maga is kutat\u00e1sokat v\u00e9gzett a Magas T\u00e1tr\u00e1ban, Szlov\u00e1kia b\u00e1ny\u00e1iban, Karintia hut\u00e1iban, az erd\u00e9lyi \u00c9rchegys\u00e9gben \u00e9s a Vaskapun\u00e1l. Kutat\u00e1sainak eredm\u00e9nyeit sz\u00e1mos szakdolgozatban tette k\u00f6zz\u00e9 a Tschermaks mineralogische Mitteilungen c. lapban. A b\u00e9csi Tud. Akad. \u00e9s Term\u00e9szettud. M\u00fazem megb\u00edzta az Alpok K\u00f6z\u00e9phegys\u00e9g keleti gerinc\u00e9nek fellelt\u00e1roz\u00e1s\u00e1val (1891). Irodalmi tev\u00e9kenys\u00e9ge az \u00e1sv\u00e1nytanra ir\u00e1nyul, cikkeket jelentet meg szakfoly\u00f3iratokban. \u2013 <strong>F. m.:<\/strong> \u00dcber die Gesteine von Jan Mayen (1866); Ein neuer Fundort von Pharmakosiderit (Wien, 1875); Salze von K\u00f6nigsberg in Ungarn (Wien, 1875); Untersuchungen zweier Magnesialglimmer (1877); Kommt Nephrit in den Alpen vor? (1881); Ausfl\u00fcge im Siebenb\u00fcrgischen Erzgebirge (1888); \u00dcber vulkanischen Bomben von den Kanarischen Inseln (1894); Mikroskopische Strukturbilder der Massengesteine (Stuttgart, 1895); Der meteorische Eukrit von Peramiho (Wien, 1903); Verzeichnis der Meteoriten im k. k. Naturhistorische Hofmuseum Ende Okt. 1902. (Wien, 1903); Das Meteoreisen von Quesa (Wien, 1909); Fortschritte der Meteoritenkunde seit 1900 (G\u00f6ttingen, 1911, 1912, 1913, 1916); Ein naturliches System der Eisenmeteoriten (Wien, 1914). <br \/><strong>Irod.:<\/strong> Barth, Hans; D\u00f6rnyei 2005; LSS; Guly\u00e1s; RNL; Szab\u00f3\u2013Simon\u2013Sz\u00f6gi; Szinnyei; Todea\u2013F\u00fcl\u00f6p\u2013Avram<\/br><\/p>\n","protected":false},"excerpt":{"rendered":"<p>Segesv\u00e1r, 1850. nov. 16., \u2020 B\u00e9cs, 1918. szept. 22.: egy.-i tan\u00e1r, botanikus, mineralogus, vegy\u00e9sz, k\u00eds\u00e9rleti fizikus. \u2013 Apja gy\u00f3gyszer\u00e9sz. \u2013 A b\u00e9csi egy. b\u00f6lcs\u00e9sz hallgat\u00f3ja volt (1869\u201371), a gr\u00e1ci egy.-en a b\u00f6lcs\u00e9sz karon tanult (1871\u2013), majd a heidelbergi egy.-en folytatta tanulm\u00e1nyait (1872. okt. 26. \u2013) \u00e1sv\u00e1nytant, k\u00e9mi\u00e1t, fizik\u00e1t, botanik\u00e1t \u00e9s \u00e1llattant tanult, gy\u00f3gyszer\u00e9szi oklevelet nyert [&hellip;]<\/p>\n","protected":false},"featured_media":0,"comment_status":"open","ping_status":"closed","template":"","meta":[],"product_brand":[],"product_cat":[137],"product_tag":[],"class_list":{"0":"post-4522","1":"product","2":"type-product","3":"status-publish","5":"product_cat-maros-megyei-eletrajzi-lexikon","7":"first","8":"instock","9":"shipping-taxable","10":"product-type-simple"},"_links":{"self":[{"href":"https:\/\/uj.adatbank.ro\/lexikon\/wp-json\/wp\/v2\/product\/4522","targetHints":{"allow":["GET"]}}],"collection":[{"href":"https:\/\/uj.adatbank.ro\/lexikon\/wp-json\/wp\/v2\/product"}],"about":[{"href":"https:\/\/uj.adatbank.ro\/lexikon\/wp-json\/wp\/v2\/types\/product"}],"replies":[{"embeddable":true,"href":"https:\/\/uj.adatbank.ro\/lexikon\/wp-json\/wp\/v2\/comments?post=4522"}],"wp:attachment":[{"href":"https:\/\/uj.adatbank.ro\/lexikon\/wp-json\/wp\/v2\/media?parent=4522"}],"wp:term":[{"taxonomy":"product_brand","embeddable":true,"href":"https:\/\/uj.adatbank.ro\/lexikon\/wp-json\/wp\/v2\/product_brand?post=4522"},{"taxonomy":"product_cat","embeddable":true,"href":"https:\/\/uj.adatbank.ro\/lexikon\/wp-json\/wp\/v2\/product_cat?post=4522"},{"taxonomy":"product_tag","embeddable":true,"href":"https:\/\/uj.adatbank.ro\/lexikon\/wp-json\/wp\/v2\/product_tag?post=4522"}],"curies":[{"name":"wp","href":"https:\/\/api.w.org\/{rel}","templated":true}]}}