{"id":4524,"date":"2025-06-28T16:44:42","date_gmt":"2025-06-28T14:44:42","guid":{"rendered":"https:\/\/uj.adatbank.ro\/lexikon\/termek\/berwerth-martin-wilhelm\/"},"modified":"2025-06-28T16:44:42","modified_gmt":"2025-06-28T14:44:42","slug":"berwerth-martin-wilhelm","status":"publish","type":"product","link":"https:\/\/uj.adatbank.ro\/lexikon\/termek\/berwerth-martin-wilhelm\/","title":{"rendered":"BERWERTH Martin Wilhelm"},"content":{"rendered":"<p>Segesv\u00e1r ?, \u2020 Apold, 1868. jan. 3.: tan\u00e1r, lelk\u00e9sz. \u2013 Teol\u00f3gi\u00e1t tanult Lipcs\u00e9ben (1844), Berlinben (1833\u201345). Tan\u00edtott Segesv\u00e1ron (1847\u201353), Apoldon (1859\u201368). <br \/><strong>Irod.:<\/strong> Szab\u00f3\u2013Sz\u00f6gi<\/br><\/p>\n","protected":false},"excerpt":{"rendered":"<p>Segesv\u00e1r ?, \u2020 Apold, 1868. jan. 3.: tan\u00e1r, lelk\u00e9sz. \u2013 Teol\u00f3gi\u00e1t tanult Lipcs\u00e9ben (1844), Berlinben (1833\u201345). Tan\u00edtott Segesv\u00e1ron (1847\u201353), Apoldon (1859\u201368). Irod.: Szab\u00f3\u2013Sz\u00f6gi<\/p>\n","protected":false},"featured_media":0,"comment_status":"open","ping_status":"closed","template":"","meta":[],"product_brand":[],"product_cat":[137],"product_tag":[],"class_list":{"0":"post-4524","1":"product","2":"type-product","3":"status-publish","5":"product_cat-maros-megyei-eletrajzi-lexikon","7":"first","8":"instock","9":"shipping-taxable","10":"product-type-simple"},"_links":{"self":[{"href":"https:\/\/uj.adatbank.ro\/lexikon\/wp-json\/wp\/v2\/product\/4524","targetHints":{"allow":["GET"]}}],"collection":[{"href":"https:\/\/uj.adatbank.ro\/lexikon\/wp-json\/wp\/v2\/product"}],"about":[{"href":"https:\/\/uj.adatbank.ro\/lexikon\/wp-json\/wp\/v2\/types\/product"}],"replies":[{"embeddable":true,"href":"https:\/\/uj.adatbank.ro\/lexikon\/wp-json\/wp\/v2\/comments?post=4524"}],"wp:attachment":[{"href":"https:\/\/uj.adatbank.ro\/lexikon\/wp-json\/wp\/v2\/media?parent=4524"}],"wp:term":[{"taxonomy":"product_brand","embeddable":true,"href":"https:\/\/uj.adatbank.ro\/lexikon\/wp-json\/wp\/v2\/product_brand?post=4524"},{"taxonomy":"product_cat","embeddable":true,"href":"https:\/\/uj.adatbank.ro\/lexikon\/wp-json\/wp\/v2\/product_cat?post=4524"},{"taxonomy":"product_tag","embeddable":true,"href":"https:\/\/uj.adatbank.ro\/lexikon\/wp-json\/wp\/v2\/product_tag?post=4524"}],"curies":[{"name":"wp","href":"https:\/\/api.w.org\/{rel}","templated":true}]}}