{"id":4525,"date":"2025-06-28T16:44:45","date_gmt":"2025-06-28T14:44:45","guid":{"rendered":"https:\/\/uj.adatbank.ro\/lexikon\/termek\/berwerth-wilhelm-joseph-friedrich-berwert-vilmos-berwerth-friedrich-josef-wilhelm\/"},"modified":"2025-06-28T16:44:45","modified_gmt":"2025-06-28T14:44:45","slug":"berwerth-wilhelm-joseph-friedrich-berwert-vilmos-berwerth-friedrich-josef-wilhelm","status":"publish","type":"product","link":"https:\/\/uj.adatbank.ro\/lexikon\/termek\/berwerth-wilhelm-joseph-friedrich-berwert-vilmos-berwerth-friedrich-josef-wilhelm\/","title":{"rendered":"BERWERTH Wilhelm Joseph Friedrich, Berwert Vilmos, Berwerth Friedrich Josef Wilhelm"},"content":{"rendered":"<p>Segesv\u00e1r, 1850. aug. 23., \u2020 1900. dec. 1.: tan\u00e1r. \u2013 Apja lelk\u00e9sz volt. \u2013 A Heidelbergi Egy. (1869. nov. 13. \u2013) \u00e9s a Lipcsei Egy. Hittud. Kar.-nak hallgat\u00f3ja (1871. nov. 27.- 72. m\u00e1j. 13.), a Bonni Egy. B\u00f6lcs\u00e9sz Kar\u00e1n (1872. m\u00e1j. 21. \u201372. aug. 10.) folytatta tanulm\u00e1nyait. Hazat\u00e9rte ut\u00e1n re\u00e1liskolai \u00e9s gimn.-i tan\u00e1r volt, Segesv\u00e1ron tan\u00edtott (1873- m\u00e9g 1890-ben is). Kisebb k\u00f6zlem\u00e9nyek szerz\u0151je: Program d. Gymn. v. Sch\u00e4ssburg (1880\u201382); Katalog der Bibliothek des Gymnasiums a Sz\u00e1zadok-ban. <br \/><strong>Irod.:<\/strong> Guly\u00e1s; A Magyro.-i k\u00f6z\u00e9piskol\u00e1kban 1850\u201355 \u2013ig megjelent \u00f6sszes programm\u00e9rtekez\u00e9sek repert\u00f3riuma (Bp., 1887); Szab\u00f3\u2013Simon\u2013Sz\u00f6gi<\/br><\/p>\n","protected":false},"excerpt":{"rendered":"<p>Segesv\u00e1r, 1850. aug. 23., \u2020 1900. dec. 1.: tan\u00e1r. \u2013 Apja lelk\u00e9sz volt. \u2013 A Heidelbergi Egy. (1869. nov. 13. \u2013) \u00e9s a Lipcsei Egy. Hittud. Kar.-nak hallgat\u00f3ja (1871. nov. 27.- 72. m\u00e1j. 13.), a Bonni Egy. B\u00f6lcs\u00e9sz Kar\u00e1n (1872. m\u00e1j. 21. \u201372. aug. 10.) folytatta tanulm\u00e1nyait. Hazat\u00e9rte ut\u00e1n re\u00e1liskolai \u00e9s gimn.-i tan\u00e1r volt, Segesv\u00e1ron [&hellip;]<\/p>\n","protected":false},"featured_media":0,"comment_status":"open","ping_status":"closed","template":"","meta":[],"product_brand":[],"product_cat":[137],"product_tag":[],"class_list":{"0":"post-4525","1":"product","2":"type-product","3":"status-publish","5":"product_cat-maros-megyei-eletrajzi-lexikon","7":"first","8":"instock","9":"shipping-taxable","10":"product-type-simple"},"_links":{"self":[{"href":"https:\/\/uj.adatbank.ro\/lexikon\/wp-json\/wp\/v2\/product\/4525","targetHints":{"allow":["GET"]}}],"collection":[{"href":"https:\/\/uj.adatbank.ro\/lexikon\/wp-json\/wp\/v2\/product"}],"about":[{"href":"https:\/\/uj.adatbank.ro\/lexikon\/wp-json\/wp\/v2\/types\/product"}],"replies":[{"embeddable":true,"href":"https:\/\/uj.adatbank.ro\/lexikon\/wp-json\/wp\/v2\/comments?post=4525"}],"wp:attachment":[{"href":"https:\/\/uj.adatbank.ro\/lexikon\/wp-json\/wp\/v2\/media?parent=4525"}],"wp:term":[{"taxonomy":"product_brand","embeddable":true,"href":"https:\/\/uj.adatbank.ro\/lexikon\/wp-json\/wp\/v2\/product_brand?post=4525"},{"taxonomy":"product_cat","embeddable":true,"href":"https:\/\/uj.adatbank.ro\/lexikon\/wp-json\/wp\/v2\/product_cat?post=4525"},{"taxonomy":"product_tag","embeddable":true,"href":"https:\/\/uj.adatbank.ro\/lexikon\/wp-json\/wp\/v2\/product_tag?post=4525"}],"curies":[{"name":"wp","href":"https:\/\/api.w.org\/{rel}","templated":true}]}}