{"id":4527,"date":"2025-06-28T16:44:50","date_gmt":"2025-06-28T14:44:50","guid":{"rendered":"https:\/\/uj.adatbank.ro\/lexikon\/termek\/berzenczey-istvan-gorgenyszentimrei\/"},"modified":"2025-06-28T16:44:50","modified_gmt":"2025-06-28T14:44:50","slug":"berzenczey-istvan-gorgenyszentimrei","status":"publish","type":"product","link":"https:\/\/uj.adatbank.ro\/lexikon\/termek\/berzenczey-istvan-gorgenyszentimrei\/","title":{"rendered":"BERZENCZEY Istv\u00e1n, g\u00f6rg\u00e9nyszentimrei"},"content":{"rendered":"<p>Mez\u0151s\u00e1msond, 1846. aug. 30., \u2020 Nagyszeben, 1905.: f\u00f6ldbirtokos, katona. \u2013 B. L\u00e1szl\u00f3 (1820\u201384) fia. Nagyb\u00e1tyja Makray L\u00e1szl\u00f3 nevelte. \u2013 Mv.-en tanult (1851\u201361). Apj\u00e1hoz sz\u00f6k\u00f6tt Galacra, onnan a m. l\u00e9gi\u00f3hoz Olaszorsz\u00e1gba, ahol a t\u00fcz\u00e9rs\u00e9gn\u00e9l szolg\u00e1lt, ezut\u00e1n Klagenfurtban t\u00f6lt\u00f6tt f\u00e9l \u00e9vet, majd a budai Kert\u00e9szeti \u00e9s Sz\u0151l\u00e9szeti int\u00e9zetben tanult egy \u00e9vig; Kv.-on gimn.-ba tanult (1865\u201366), majd jogot hallgatott. Jegyz\u0151k\u00e9nt m\u0171k\u00f6d\u00f6tt Marossz\u00e9ken (1866\u201369). Katonai p\u00e1ly\u00e1ra l\u00e9pett (1869\u201377), hadnagyi rangban, fegyvertan el\u0151ad\u00e1sokat tartott az erd\u00e9lyi tisztk\u00e9pz\u0151 iskol\u00e1ban, onnan Bp.-re k\u00fcldt\u00e9k a soron kiv\u00fcli tiszti tanfolyam hallgat\u00e1s\u00e1ra. Szegeden az 1877-es \u00e1rv\u00edz alkalm\u00e1val megbetegedett \u00e9s leszerelt, visszavonult MT vm.-be, ahol az ellenz\u00e9k vez\u00e9re lett. A keskenyv\u00e1g\u00e1ny\u00fa vas\u00fatvonal \u00e9p\u00edt\u00e9s\u00e9nek egyik kezdem\u00e9nyez\u0151je (1895). Nemzetgazdas\u00e1gi \u00e9s k\u00f6zigazgat\u00e1si cikkeket \u00edrt az Erd\u00e9lyi H\u00edrad\u00f3, Budapesti \u00dajs\u00e1g, Ellenz\u00e9k-ben. \u2013 <strong>F. m.:<\/strong> Elemi fegyvertan (Kv., 1872.); Leleplez\u00e9s az 1887. \u00e9v j\u00fanius 17-\u00e9n Gernyeszegen megejtett orsz\u00e1gos k\u00e9pvisel\u0151v\u00e1laszt\u00e1s \u00fczelmeir\u0151l (Kv., 1887); A br. B\u00e1nffy Zolt\u00e1n f\u0151isp\u00e1n ellen elk\u00f6vetett inzultus el\u0151zm\u00e9nyei (Bp., 1890.); Ki hazudott: V\u00e1dirat a maros-tordamegyei klikkuralom 1890. m\u00e1j. 22. hat\u00e1rozata ellen (Kv., 1890); Pyrrhusi gy\u0151zelme Szentiv\u00e1nyi K\u00e1lm\u00e1n orszgy\u0171l. k\u00e9pvisel\u0151nek (Mv., 1892). <br \/><strong>Irod.:<\/strong> EMKE 120<\/br><\/p>\n","protected":false},"excerpt":{"rendered":"<p>Mez\u0151s\u00e1msond, 1846. aug. 30., \u2020 Nagyszeben, 1905.: f\u00f6ldbirtokos, katona. \u2013 B. L\u00e1szl\u00f3 (1820\u201384) fia. Nagyb\u00e1tyja Makray L\u00e1szl\u00f3 nevelte. \u2013 Mv.-en tanult (1851\u201361). Apj\u00e1hoz sz\u00f6k\u00f6tt Galacra, onnan a m. l\u00e9gi\u00f3hoz Olaszorsz\u00e1gba, ahol a t\u00fcz\u00e9rs\u00e9gn\u00e9l szolg\u00e1lt, ezut\u00e1n Klagenfurtban t\u00f6lt\u00f6tt f\u00e9l \u00e9vet, majd a budai Kert\u00e9szeti \u00e9s Sz\u0151l\u00e9szeti int\u00e9zetben tanult egy \u00e9vig; Kv.-on gimn.-ba tanult (1865\u201366), majd jogot [&hellip;]<\/p>\n","protected":false},"featured_media":0,"comment_status":"open","ping_status":"closed","template":"","meta":[],"product_brand":[],"product_cat":[137],"product_tag":[],"class_list":{"0":"post-4527","1":"product","2":"type-product","3":"status-publish","5":"product_cat-maros-megyei-eletrajzi-lexikon","7":"first","8":"instock","9":"shipping-taxable","10":"product-type-simple"},"_links":{"self":[{"href":"https:\/\/uj.adatbank.ro\/lexikon\/wp-json\/wp\/v2\/product\/4527","targetHints":{"allow":["GET"]}}],"collection":[{"href":"https:\/\/uj.adatbank.ro\/lexikon\/wp-json\/wp\/v2\/product"}],"about":[{"href":"https:\/\/uj.adatbank.ro\/lexikon\/wp-json\/wp\/v2\/types\/product"}],"replies":[{"embeddable":true,"href":"https:\/\/uj.adatbank.ro\/lexikon\/wp-json\/wp\/v2\/comments?post=4527"}],"wp:attachment":[{"href":"https:\/\/uj.adatbank.ro\/lexikon\/wp-json\/wp\/v2\/media?parent=4527"}],"wp:term":[{"taxonomy":"product_brand","embeddable":true,"href":"https:\/\/uj.adatbank.ro\/lexikon\/wp-json\/wp\/v2\/product_brand?post=4527"},{"taxonomy":"product_cat","embeddable":true,"href":"https:\/\/uj.adatbank.ro\/lexikon\/wp-json\/wp\/v2\/product_cat?post=4527"},{"taxonomy":"product_tag","embeddable":true,"href":"https:\/\/uj.adatbank.ro\/lexikon\/wp-json\/wp\/v2\/product_tag?post=4527"}],"curies":[{"name":"wp","href":"https:\/\/api.w.org\/{rel}","templated":true}]}}