{"id":4528,"date":"2025-06-28T16:44:51","date_gmt":"2025-06-28T14:44:51","guid":{"rendered":"https:\/\/uj.adatbank.ro\/lexikon\/termek\/berzenczey-istvan-gorgenyszentimrei-berentzei-istvan\/"},"modified":"2025-06-28T16:44:51","modified_gmt":"2025-06-28T14:44:51","slug":"berzenczey-istvan-gorgenyszentimrei-berentzei-istvan","status":"publish","type":"product","link":"https:\/\/uj.adatbank.ro\/lexikon\/termek\/berzenczey-istvan-gorgenyszentimrei-berentzei-istvan\/","title":{"rendered":"BERZENCZEY Istv\u00e1n, g\u00f6rg\u00e9nyszentimrei, Berentzei Istv\u00e1n"},"content":{"rendered":"<p>? \u2020 ?. Feles\u00e9g\u00e9vel egy\u00fctt, a sz\u00e9kelyk\u00e1li kripta hegyen l\u00e9v\u0151 r\u00e9gi temploma kript\u00e1j\u00e1ba temett\u00e9k: f\u0151kir\u00e1lyb\u00edr\u00f3. \u2013 Feles\u00e9ge: ka\u00e1li K\u00fan Ilona. \u2013 Marossz\u00e9k alkir\u00e1lyb\u00edr\u00e1ja (1733\u201344), f\u0151kir\u00e1lybir\u00e1ja (1745\u201361). A sz\u00e9ki k\u00f6zgy\u0171l\u00e9si jegyz\u0151k\u00f6nyv szerint a mv.-i v\u00e1rosh\u00e1z\u00e1n br. Pongr\u00e1tz Gy\u00f6rgy tartom\u00e1nyi korl\u00e1tnok \u00e9s br. Husz\u00e1r J\u00f3zsef kir. t\u00e1blai \u00fcln\u00f6k iktattak be hivatal\u00e1ba (1745. jan. 11.), egyidej\u0171leg Mv. v\u00e1rosnak a f\u0151korm\u00e1nysz\u00e9k \u00e1lal kirendelt fel\u00fcgyel\u0151je volt (\u20131760-ig), amikor hely\u00e9be Nagyajtai Cserei Mih\u00e1ly kir. t\u00e1blai f\u0151jegyz\u0151 ker\u00fclt. Az\u00e9rt harcolt, hogy a sz\u00e9k sz\u00e1m\u00e1ra a v\u00e1ros helyet biztos\u00edtson (1750 k.). Neve szerepel Marossz\u00e9k sz\u00e9kh\u00e1z\u00e1nak eml\u00e9kt\u00e1bl\u00e1j\u00e1n. A kat.-ok nagylelk\u0171 t\u00e1mogat\u00f3ja volt. A sz\u00e9kelyk\u00e1li r. k. r\u00e9gi templomot renov\u00e1ltatt\u00e1k (1725), majd lebontott\u00e1k \u00e9s feles\u00e9g\u00e9vel k\u00f6z\u00f6sen \u00faj templomot \u00e9p\u00edtettek (1752). Kereszt\u00fari Istv\u00e1nnal Mez\u0151s\u00e1msondon r. k. templomot \u00e9s par\u00f3ki\u00e1t \u00e9p\u00edtetett (1740). Berzenczey h\u00e1z Mv.-en a Nagyszentkir\u00e1ly u. volt, Csiky J\u00f3zsef tulajdona (1810\u2013). <br \/><strong>Irod.:<\/strong> B\u00e1lint Zsigmond 2010; Benk\u0151 K.: Mv; Id\u0151t\u00e1r 1; Kempelen; Kr\u00f3n. F\u00fcz. (1940. 10.); L\u00e9sty\u00e1n \u2013 templomok 1.; Mez\u0151s\u00e1msond; Orb\u00e1n J\u00e1nos: A Kir\u00e1lyi T\u00e1bla els\u0151 k\u00e9t mv.-i sz\u00e9kh\u00e1za = St\u00edlusok, m\u0171vek, mestere; P\u00e1l-Antal 2002; P\u00e1lmay; Sz\u00e9kelyk\u00e1l<\/br><\/p>\n","protected":false},"excerpt":{"rendered":"<p>? \u2020 ?. Feles\u00e9g\u00e9vel egy\u00fctt, a sz\u00e9kelyk\u00e1li kripta hegyen l\u00e9v\u0151 r\u00e9gi temploma kript\u00e1j\u00e1ba temett\u00e9k: f\u0151kir\u00e1lyb\u00edr\u00f3. \u2013 Feles\u00e9ge: ka\u00e1li K\u00fan Ilona. \u2013 Marossz\u00e9k alkir\u00e1lyb\u00edr\u00e1ja (1733\u201344), f\u0151kir\u00e1lybir\u00e1ja (1745\u201361). A sz\u00e9ki k\u00f6zgy\u0171l\u00e9si jegyz\u0151k\u00f6nyv szerint a mv.-i v\u00e1rosh\u00e1z\u00e1n br. Pongr\u00e1tz Gy\u00f6rgy tartom\u00e1nyi korl\u00e1tnok \u00e9s br. Husz\u00e1r J\u00f3zsef kir. t\u00e1blai \u00fcln\u00f6k iktattak be hivatal\u00e1ba (1745. jan. 11.), egyidej\u0171leg Mv. v\u00e1rosnak [&hellip;]<\/p>\n","protected":false},"featured_media":0,"comment_status":"open","ping_status":"closed","template":"","meta":[],"product_brand":[],"product_cat":[137],"product_tag":[],"class_list":{"0":"post-4528","1":"product","2":"type-product","3":"status-publish","5":"product_cat-maros-megyei-eletrajzi-lexikon","7":"first","8":"instock","9":"shipping-taxable","10":"product-type-simple"},"_links":{"self":[{"href":"https:\/\/uj.adatbank.ro\/lexikon\/wp-json\/wp\/v2\/product\/4528","targetHints":{"allow":["GET"]}}],"collection":[{"href":"https:\/\/uj.adatbank.ro\/lexikon\/wp-json\/wp\/v2\/product"}],"about":[{"href":"https:\/\/uj.adatbank.ro\/lexikon\/wp-json\/wp\/v2\/types\/product"}],"replies":[{"embeddable":true,"href":"https:\/\/uj.adatbank.ro\/lexikon\/wp-json\/wp\/v2\/comments?post=4528"}],"wp:attachment":[{"href":"https:\/\/uj.adatbank.ro\/lexikon\/wp-json\/wp\/v2\/media?parent=4528"}],"wp:term":[{"taxonomy":"product_brand","embeddable":true,"href":"https:\/\/uj.adatbank.ro\/lexikon\/wp-json\/wp\/v2\/product_brand?post=4528"},{"taxonomy":"product_cat","embeddable":true,"href":"https:\/\/uj.adatbank.ro\/lexikon\/wp-json\/wp\/v2\/product_cat?post=4528"},{"taxonomy":"product_tag","embeddable":true,"href":"https:\/\/uj.adatbank.ro\/lexikon\/wp-json\/wp\/v2\/product_tag?post=4528"}],"curies":[{"name":"wp","href":"https:\/\/api.w.org\/{rel}","templated":true}]}}