{"id":4533,"date":"2025-06-28T16:45:00","date_gmt":"2025-06-28T14:45:00","guid":{"rendered":"https:\/\/uj.adatbank.ro\/lexikon\/termek\/berzenczey-marton\/"},"modified":"2025-06-28T16:45:00","modified_gmt":"2025-06-28T14:45:00","slug":"berzenczey-marton","status":"publish","type":"product","link":"https:\/\/uj.adatbank.ro\/lexikon\/termek\/berzenczey-marton\/","title":{"rendered":"BERZENCZEY M\u00e1rton"},"content":{"rendered":"<p>? \u2020 ? : kat. f\u0151\u00far, iskolat\u00e1mogat\u00f3. \u2013 A Mv.-en \u00fajraszervez\u0151d\u0151 r. k. egyh\u00e1z \u00e9s jezsiuita misszi\u00f3 t\u00e1mogat\u00f3ja (1709). <br \/><strong>Irod.:<\/strong> P\u00e1l-Antal 2009<\/br><\/p>\n","protected":false},"excerpt":{"rendered":"<p>? \u2020 ? : kat. f\u0151\u00far, iskolat\u00e1mogat\u00f3. \u2013 A Mv.-en \u00fajraszervez\u0151d\u0151 r. k. egyh\u00e1z \u00e9s jezsiuita misszi\u00f3 t\u00e1mogat\u00f3ja (1709). Irod.: P\u00e1l-Antal 2009<\/p>\n","protected":false},"featured_media":0,"comment_status":"open","ping_status":"closed","template":"","meta":[],"product_brand":[],"product_cat":[137],"product_tag":[],"class_list":{"0":"post-4533","1":"product","2":"type-product","3":"status-publish","5":"product_cat-maros-megyei-eletrajzi-lexikon","7":"first","8":"instock","9":"shipping-taxable","10":"product-type-simple"},"_links":{"self":[{"href":"https:\/\/uj.adatbank.ro\/lexikon\/wp-json\/wp\/v2\/product\/4533","targetHints":{"allow":["GET"]}}],"collection":[{"href":"https:\/\/uj.adatbank.ro\/lexikon\/wp-json\/wp\/v2\/product"}],"about":[{"href":"https:\/\/uj.adatbank.ro\/lexikon\/wp-json\/wp\/v2\/types\/product"}],"replies":[{"embeddable":true,"href":"https:\/\/uj.adatbank.ro\/lexikon\/wp-json\/wp\/v2\/comments?post=4533"}],"wp:attachment":[{"href":"https:\/\/uj.adatbank.ro\/lexikon\/wp-json\/wp\/v2\/media?parent=4533"}],"wp:term":[{"taxonomy":"product_brand","embeddable":true,"href":"https:\/\/uj.adatbank.ro\/lexikon\/wp-json\/wp\/v2\/product_brand?post=4533"},{"taxonomy":"product_cat","embeddable":true,"href":"https:\/\/uj.adatbank.ro\/lexikon\/wp-json\/wp\/v2\/product_cat?post=4533"},{"taxonomy":"product_tag","embeddable":true,"href":"https:\/\/uj.adatbank.ro\/lexikon\/wp-json\/wp\/v2\/product_tag?post=4533"}],"curies":[{"name":"wp","href":"https:\/\/api.w.org\/{rel}","templated":true}]}}