{"id":4534,"date":"2025-06-28T16:45:02","date_gmt":"2025-06-28T14:45:02","guid":{"rendered":"https:\/\/uj.adatbank.ro\/lexikon\/termek\/berzenczey-mihaly-gorgenyszentimrei-berzenczei-mihaly\/"},"modified":"2025-06-28T16:45:02","modified_gmt":"2025-06-28T14:45:02","slug":"berzenczey-mihaly-gorgenyszentimrei-berzenczei-mihaly","status":"publish","type":"product","link":"https:\/\/uj.adatbank.ro\/lexikon\/termek\/berzenczey-mihaly-gorgenyszentimrei-berzenczei-mihaly\/","title":{"rendered":"BERZENCZEY Mih\u00e1ly, g\u00f6rg\u00e9nyszentimrei, Berzenczei Mih\u00e1ly"},"content":{"rendered":"<p>1758.? \u2020 Marosszentkir\u00e1ly, 1834. jan. 5. temett\u00e9k a n\u00e1zn\u00e1nfalvi k\u00f6ztemet\u0151be, a feles\u00e9ge mell\u00e9.: nemes. \u2013 Feles\u00e9ge: nagybarcsai Barcsai Erzs\u00e9bet. Fiaik: J\u00e1nos, Ferenc. \u2013 Mv en polg\u00e1rjogot nyert (1806. j\u00fan. 25). \u2013 Irod: Gy\u00e1szjelent\u0151; P\u00e1l-Antal 2006<\/br><\/p>\n","protected":false},"excerpt":{"rendered":"<p>1758.? \u2020 Marosszentkir\u00e1ly, 1834. jan. 5. temett\u00e9k a n\u00e1zn\u00e1nfalvi k\u00f6ztemet\u0151be, a feles\u00e9ge mell\u00e9.: nemes. \u2013 Feles\u00e9ge: nagybarcsai Barcsai Erzs\u00e9bet. Fiaik: J\u00e1nos, Ferenc. \u2013 Mv en polg\u00e1rjogot nyert (1806. j\u00fan. 25). \u2013 Irod: Gy\u00e1szjelent\u0151; P\u00e1l-Antal 2006<\/p>\n","protected":false},"featured_media":0,"comment_status":"open","ping_status":"closed","template":"","meta":[],"product_brand":[],"product_cat":[137],"product_tag":[],"class_list":{"0":"post-4534","1":"product","2":"type-product","3":"status-publish","5":"product_cat-maros-megyei-eletrajzi-lexikon","7":"first","8":"instock","9":"shipping-taxable","10":"product-type-simple"},"_links":{"self":[{"href":"https:\/\/uj.adatbank.ro\/lexikon\/wp-json\/wp\/v2\/product\/4534","targetHints":{"allow":["GET"]}}],"collection":[{"href":"https:\/\/uj.adatbank.ro\/lexikon\/wp-json\/wp\/v2\/product"}],"about":[{"href":"https:\/\/uj.adatbank.ro\/lexikon\/wp-json\/wp\/v2\/types\/product"}],"replies":[{"embeddable":true,"href":"https:\/\/uj.adatbank.ro\/lexikon\/wp-json\/wp\/v2\/comments?post=4534"}],"wp:attachment":[{"href":"https:\/\/uj.adatbank.ro\/lexikon\/wp-json\/wp\/v2\/media?parent=4534"}],"wp:term":[{"taxonomy":"product_brand","embeddable":true,"href":"https:\/\/uj.adatbank.ro\/lexikon\/wp-json\/wp\/v2\/product_brand?post=4534"},{"taxonomy":"product_cat","embeddable":true,"href":"https:\/\/uj.adatbank.ro\/lexikon\/wp-json\/wp\/v2\/product_cat?post=4534"},{"taxonomy":"product_tag","embeddable":true,"href":"https:\/\/uj.adatbank.ro\/lexikon\/wp-json\/wp\/v2\/product_tag?post=4534"}],"curies":[{"name":"wp","href":"https:\/\/api.w.org\/{rel}","templated":true}]}}