{"id":4535,"date":"2025-06-28T16:45:03","date_gmt":"2025-06-28T14:45:03","guid":{"rendered":"https:\/\/uj.adatbank.ro\/lexikon\/termek\/berzenczey-miklos-gorgenyszentimrei\/"},"modified":"2025-06-28T16:45:03","modified_gmt":"2025-06-28T14:45:03","slug":"berzenczey-miklos-gorgenyszentimrei","status":"publish","type":"product","link":"https:\/\/uj.adatbank.ro\/lexikon\/termek\/berzenczey-miklos-gorgenyszentimrei\/","title":{"rendered":"BERZENCZEY Mikl\u00f3s, g\u00f6rg\u00e9nyszentimrei"},"content":{"rendered":"<p>? \u2020\u00a0? : g\u00f6rg\u00e9nyi f\u0151v\u00e1rnagy (1661\u2013). <br \/><strong>Irod.:<\/strong> \u00daIL<\/br><\/p>\n","protected":false},"excerpt":{"rendered":"<p>? \u2020\u00a0? : g\u00f6rg\u00e9nyi f\u0151v\u00e1rnagy (1661\u2013). Irod.: \u00daIL<\/p>\n","protected":false},"featured_media":0,"comment_status":"open","ping_status":"closed","template":"","meta":[],"product_brand":[],"product_cat":[137],"product_tag":[],"class_list":{"0":"post-4535","1":"product","2":"type-product","3":"status-publish","5":"product_cat-maros-megyei-eletrajzi-lexikon","7":"first","8":"instock","9":"shipping-taxable","10":"product-type-simple"},"_links":{"self":[{"href":"https:\/\/uj.adatbank.ro\/lexikon\/wp-json\/wp\/v2\/product\/4535","targetHints":{"allow":["GET"]}}],"collection":[{"href":"https:\/\/uj.adatbank.ro\/lexikon\/wp-json\/wp\/v2\/product"}],"about":[{"href":"https:\/\/uj.adatbank.ro\/lexikon\/wp-json\/wp\/v2\/types\/product"}],"replies":[{"embeddable":true,"href":"https:\/\/uj.adatbank.ro\/lexikon\/wp-json\/wp\/v2\/comments?post=4535"}],"wp:attachment":[{"href":"https:\/\/uj.adatbank.ro\/lexikon\/wp-json\/wp\/v2\/media?parent=4535"}],"wp:term":[{"taxonomy":"product_brand","embeddable":true,"href":"https:\/\/uj.adatbank.ro\/lexikon\/wp-json\/wp\/v2\/product_brand?post=4535"},{"taxonomy":"product_cat","embeddable":true,"href":"https:\/\/uj.adatbank.ro\/lexikon\/wp-json\/wp\/v2\/product_cat?post=4535"},{"taxonomy":"product_tag","embeddable":true,"href":"https:\/\/uj.adatbank.ro\/lexikon\/wp-json\/wp\/v2\/product_tag?post=4535"}],"curies":[{"name":"wp","href":"https:\/\/api.w.org\/{rel}","templated":true}]}}