{"id":4536,"date":"2025-06-28T16:45:05","date_gmt":"2025-06-28T14:45:05","guid":{"rendered":"https:\/\/uj.adatbank.ro\/lexikon\/termek\/berzetei-jakab-berzethei-jakab-berzetai-jakab-berzeti-jakab\/"},"modified":"2025-06-28T16:45:05","modified_gmt":"2025-06-28T14:45:05","slug":"berzetei-jakab-berzethei-jakab-berzetai-jakab-berzeti-jakab","status":"publish","type":"product","link":"https:\/\/uj.adatbank.ro\/lexikon\/termek\/berzetei-jakab-berzethei-jakab-berzetai-jakab-berzeti-jakab\/","title":{"rendered":"BERZ\u00c9TEI Jakab, Berz\u00e9thei Jakab, Berz\u00e9tai Jakab, Berz\u00e9ti Jakab"},"content":{"rendered":"<p>? \u2020 ? : ref. lelk\u00e9sz. \u2013 Subscrib\u00e1lt S\u00e1rosptak-Gyulafeh\u00e9rv\u00e1ron (1694). Fogarason volt rektor (1699\u20131701). Lelk\u00e9sz D\u00e1ny\u00e1nban (1716\u2013), S\u00f6v\u00e9nyfalv\u00e1n (1720\u201323) \u00e9s K\u00fck\u00fcll\u0151alm\u00e1son (1724\u201342). <br \/><strong>Irod.:<\/strong> K\u00fck\u00fcll\u0151i Ref. Egyh\u00e1zm. 1., 3., 4.<\/br><\/p>\n","protected":false},"excerpt":{"rendered":"<p>? \u2020 ? : ref. lelk\u00e9sz. \u2013 Subscrib\u00e1lt S\u00e1rosptak-Gyulafeh\u00e9rv\u00e1ron (1694). Fogarason volt rektor (1699\u20131701). Lelk\u00e9sz D\u00e1ny\u00e1nban (1716\u2013), S\u00f6v\u00e9nyfalv\u00e1n (1720\u201323) \u00e9s K\u00fck\u00fcll\u0151alm\u00e1son (1724\u201342). Irod.: K\u00fck\u00fcll\u0151i Ref. Egyh\u00e1zm. 1., 3., 4.<\/p>\n","protected":false},"featured_media":0,"comment_status":"open","ping_status":"closed","template":"","meta":[],"product_brand":[],"product_cat":[137],"product_tag":[],"class_list":{"0":"post-4536","1":"product","2":"type-product","3":"status-publish","5":"product_cat-maros-megyei-eletrajzi-lexikon","7":"first","8":"instock","9":"shipping-taxable","10":"product-type-simple"},"_links":{"self":[{"href":"https:\/\/uj.adatbank.ro\/lexikon\/wp-json\/wp\/v2\/product\/4536","targetHints":{"allow":["GET"]}}],"collection":[{"href":"https:\/\/uj.adatbank.ro\/lexikon\/wp-json\/wp\/v2\/product"}],"about":[{"href":"https:\/\/uj.adatbank.ro\/lexikon\/wp-json\/wp\/v2\/types\/product"}],"replies":[{"embeddable":true,"href":"https:\/\/uj.adatbank.ro\/lexikon\/wp-json\/wp\/v2\/comments?post=4536"}],"wp:attachment":[{"href":"https:\/\/uj.adatbank.ro\/lexikon\/wp-json\/wp\/v2\/media?parent=4536"}],"wp:term":[{"taxonomy":"product_brand","embeddable":true,"href":"https:\/\/uj.adatbank.ro\/lexikon\/wp-json\/wp\/v2\/product_brand?post=4536"},{"taxonomy":"product_cat","embeddable":true,"href":"https:\/\/uj.adatbank.ro\/lexikon\/wp-json\/wp\/v2\/product_cat?post=4536"},{"taxonomy":"product_tag","embeddable":true,"href":"https:\/\/uj.adatbank.ro\/lexikon\/wp-json\/wp\/v2\/product_tag?post=4536"}],"curies":[{"name":"wp","href":"https:\/\/api.w.org\/{rel}","templated":true}]}}