{"id":4537,"date":"2025-06-28T16:45:10","date_gmt":"2025-06-28T14:45:10","guid":{"rendered":"https:\/\/uj.adatbank.ro\/lexikon\/termek\/berzeviczy-jozsef\/"},"modified":"2025-06-28T16:45:10","modified_gmt":"2025-06-28T14:45:10","slug":"berzeviczy-jozsef","status":"publish","type":"product","link":"https:\/\/uj.adatbank.ro\/lexikon\/termek\/berzeviczy-jozsef\/","title":{"rendered":"BERZEVICZY J\u00f3zsef"},"content":{"rendered":"<p>1820.? \u2020\u00a0Mv., 1867. j\u00fan. 7.: t\u00f6rv\u00e9nysz\u00e9ki \u00fcln\u00f6k. \u2013 Feles\u00e9ge: Pascer J\u00f3z\u00e9fa. Gyermekeik: K\u00e1roly, Bertha, Anna. \u2013 Az erd\u00e9lyi t\u00f6rv\u00e9nysz\u00e9k kir. t\u00e1blai \u00fcln\u00f6ke. <br \/><strong>Irod.:<\/strong> Gy\u00e1szjelent\u0151<\/br><\/p>\n","protected":false},"excerpt":{"rendered":"<p>1820.? \u2020\u00a0Mv., 1867. j\u00fan. 7.: t\u00f6rv\u00e9nysz\u00e9ki \u00fcln\u00f6k. \u2013 Feles\u00e9ge: Pascer J\u00f3z\u00e9fa. Gyermekeik: K\u00e1roly, Bertha, Anna. \u2013 Az erd\u00e9lyi t\u00f6rv\u00e9nysz\u00e9k kir. t\u00e1blai \u00fcln\u00f6ke. Irod.: Gy\u00e1szjelent\u0151<\/p>\n","protected":false},"featured_media":0,"comment_status":"open","ping_status":"closed","template":"","meta":[],"product_brand":[],"product_cat":[137],"product_tag":[],"class_list":{"0":"post-4537","1":"product","2":"type-product","3":"status-publish","5":"product_cat-maros-megyei-eletrajzi-lexikon","7":"first","8":"instock","9":"shipping-taxable","10":"product-type-simple"},"_links":{"self":[{"href":"https:\/\/uj.adatbank.ro\/lexikon\/wp-json\/wp\/v2\/product\/4537","targetHints":{"allow":["GET"]}}],"collection":[{"href":"https:\/\/uj.adatbank.ro\/lexikon\/wp-json\/wp\/v2\/product"}],"about":[{"href":"https:\/\/uj.adatbank.ro\/lexikon\/wp-json\/wp\/v2\/types\/product"}],"replies":[{"embeddable":true,"href":"https:\/\/uj.adatbank.ro\/lexikon\/wp-json\/wp\/v2\/comments?post=4537"}],"wp:attachment":[{"href":"https:\/\/uj.adatbank.ro\/lexikon\/wp-json\/wp\/v2\/media?parent=4537"}],"wp:term":[{"taxonomy":"product_brand","embeddable":true,"href":"https:\/\/uj.adatbank.ro\/lexikon\/wp-json\/wp\/v2\/product_brand?post=4537"},{"taxonomy":"product_cat","embeddable":true,"href":"https:\/\/uj.adatbank.ro\/lexikon\/wp-json\/wp\/v2\/product_cat?post=4537"},{"taxonomy":"product_tag","embeddable":true,"href":"https:\/\/uj.adatbank.ro\/lexikon\/wp-json\/wp\/v2\/product_tag?post=4537"}],"curies":[{"name":"wp","href":"https:\/\/api.w.org\/{rel}","templated":true}]}}