{"id":4547,"date":"2025-06-28T16:45:27","date_gmt":"2025-06-28T14:45:27","guid":{"rendered":"https:\/\/uj.adatbank.ro\/lexikon\/termek\/besenyei-janos-bessenyei-janos\/"},"modified":"2025-06-28T16:45:27","modified_gmt":"2025-06-28T14:45:27","slug":"besenyei-janos-bessenyei-janos","status":"publish","type":"product","link":"https:\/\/uj.adatbank.ro\/lexikon\/termek\/besenyei-janos-bessenyei-janos\/","title":{"rendered":"BESENYEI J\u00e1nos, Bessenyei J\u00e1nos"},"content":{"rendered":"<p>? \u2020 ? : tan\u00edt\u00f3. \u2013 Magyarkir\u00e1lyfalv\u00e1n tan\u00edtott (1685), Ny\u00e1r\u00e1dszentann\u00e1n ref. tan\u00edt\u00f3mester (1695). <br \/><strong>Irod.:<\/strong> Imreh Barna; K\u00fck\u00fcll\u0151i Ref. Egyh\u00e1zm. 3.<\/br><\/p>\n","protected":false},"excerpt":{"rendered":"<p>? \u2020 ? : tan\u00edt\u00f3. \u2013 Magyarkir\u00e1lyfalv\u00e1n tan\u00edtott (1685), Ny\u00e1r\u00e1dszentann\u00e1n ref. tan\u00edt\u00f3mester (1695). Irod.: Imreh Barna; K\u00fck\u00fcll\u0151i Ref. Egyh\u00e1zm. 3.<\/p>\n","protected":false},"featured_media":0,"comment_status":"open","ping_status":"closed","template":"","meta":[],"product_brand":[],"product_cat":[137],"product_tag":[],"class_list":{"0":"post-4547","1":"product","2":"type-product","3":"status-publish","5":"product_cat-maros-megyei-eletrajzi-lexikon","7":"first","8":"instock","9":"shipping-taxable","10":"product-type-simple"},"_links":{"self":[{"href":"https:\/\/uj.adatbank.ro\/lexikon\/wp-json\/wp\/v2\/product\/4547","targetHints":{"allow":["GET"]}}],"collection":[{"href":"https:\/\/uj.adatbank.ro\/lexikon\/wp-json\/wp\/v2\/product"}],"about":[{"href":"https:\/\/uj.adatbank.ro\/lexikon\/wp-json\/wp\/v2\/types\/product"}],"replies":[{"embeddable":true,"href":"https:\/\/uj.adatbank.ro\/lexikon\/wp-json\/wp\/v2\/comments?post=4547"}],"wp:attachment":[{"href":"https:\/\/uj.adatbank.ro\/lexikon\/wp-json\/wp\/v2\/media?parent=4547"}],"wp:term":[{"taxonomy":"product_brand","embeddable":true,"href":"https:\/\/uj.adatbank.ro\/lexikon\/wp-json\/wp\/v2\/product_brand?post=4547"},{"taxonomy":"product_cat","embeddable":true,"href":"https:\/\/uj.adatbank.ro\/lexikon\/wp-json\/wp\/v2\/product_cat?post=4547"},{"taxonomy":"product_tag","embeddable":true,"href":"https:\/\/uj.adatbank.ro\/lexikon\/wp-json\/wp\/v2\/product_tag?post=4547"}],"curies":[{"name":"wp","href":"https:\/\/api.w.org\/{rel}","templated":true}]}}