{"id":4549,"date":"2025-06-28T16:45:33","date_gmt":"2025-06-28T14:45:33","guid":{"rendered":"https:\/\/uj.adatbank.ro\/lexikon\/termek\/besenyei-mihaly\/"},"modified":"2025-06-28T16:45:33","modified_gmt":"2025-06-28T14:45:33","slug":"besenyei-mihaly","status":"publish","type":"product","link":"https:\/\/uj.adatbank.ro\/lexikon\/termek\/besenyei-mihaly\/","title":{"rendered":"BESENYEI Mih\u00e1ly"},"content":{"rendered":"<p>? \u2020 1695. nov. 5.? : tan\u00edt\u00f3. \u2013 S\u00f6v\u00e9nyfalv\u00e1n tan\u00edtott (1650). <br \/><strong>Irod.:<\/strong> K\u00fck\u00fcll\u0151i Ref. Egyh\u00e1zm. 4.; M. t\u00f6rt. \u00e9vk. napl\u00f3k M. t\u00f6rt. \u00e9vk. napl\u00f3k 3. M. t\u00f6rt. \u00e9vk. Napl\u00f3k<\/br><\/p>\n","protected":false},"excerpt":{"rendered":"<p>? \u2020 1695. nov. 5.? : tan\u00edt\u00f3. \u2013 S\u00f6v\u00e9nyfalv\u00e1n tan\u00edtott (1650). Irod.: K\u00fck\u00fcll\u0151i Ref. Egyh\u00e1zm. 4.; M. t\u00f6rt. \u00e9vk. napl\u00f3k M. t\u00f6rt. \u00e9vk. napl\u00f3k 3. M. t\u00f6rt. \u00e9vk. Napl\u00f3k<\/p>\n","protected":false},"featured_media":0,"comment_status":"open","ping_status":"closed","template":"","meta":[],"product_brand":[],"product_cat":[137],"product_tag":[],"class_list":{"0":"post-4549","1":"product","2":"type-product","3":"status-publish","5":"product_cat-maros-megyei-eletrajzi-lexikon","7":"first","8":"instock","9":"shipping-taxable","10":"product-type-simple"},"_links":{"self":[{"href":"https:\/\/uj.adatbank.ro\/lexikon\/wp-json\/wp\/v2\/product\/4549","targetHints":{"allow":["GET"]}}],"collection":[{"href":"https:\/\/uj.adatbank.ro\/lexikon\/wp-json\/wp\/v2\/product"}],"about":[{"href":"https:\/\/uj.adatbank.ro\/lexikon\/wp-json\/wp\/v2\/types\/product"}],"replies":[{"embeddable":true,"href":"https:\/\/uj.adatbank.ro\/lexikon\/wp-json\/wp\/v2\/comments?post=4549"}],"wp:attachment":[{"href":"https:\/\/uj.adatbank.ro\/lexikon\/wp-json\/wp\/v2\/media?parent=4549"}],"wp:term":[{"taxonomy":"product_brand","embeddable":true,"href":"https:\/\/uj.adatbank.ro\/lexikon\/wp-json\/wp\/v2\/product_brand?post=4549"},{"taxonomy":"product_cat","embeddable":true,"href":"https:\/\/uj.adatbank.ro\/lexikon\/wp-json\/wp\/v2\/product_cat?post=4549"},{"taxonomy":"product_tag","embeddable":true,"href":"https:\/\/uj.adatbank.ro\/lexikon\/wp-json\/wp\/v2\/product_tag?post=4549"}],"curies":[{"name":"wp","href":"https:\/\/api.w.org\/{rel}","templated":true}]}}