{"id":4551,"date":"2025-06-28T16:45:36","date_gmt":"2025-06-28T14:45:36","guid":{"rendered":"https:\/\/uj.adatbank.ro\/lexikon\/termek\/bessenyei-puhola-jozsef\/"},"modified":"2025-06-28T16:45:36","modified_gmt":"2025-06-28T14:45:36","slug":"bessenyei-puhola-jozsef","status":"publish","type":"product","link":"https:\/\/uj.adatbank.ro\/lexikon\/termek\/bessenyei-puhola-jozsef\/","title":{"rendered":"BESSENYEI PUHOLA J\u00f3zsef"},"content":{"rendered":"<p>Nagyenyed, 1859. \u00e1pr. 10., \u2020 Nagyenyed, 1896. szept. 11.: r. k. pap. \u2013 Teol\u00f3giai tanulm\u00e1nyait a b\u00e9csi P\u00e1zm\u00e1neum hallgat\u00f3jak\u00e9nt v\u00e9gezte (1878\u201381). Papp\u00e1 szentelt\u00e9k (1882. m\u00e1j. 7.). Az els\u0151 k\u00e9pes\u00edt\u00e9ssel rendelkez\u0151 hittan\u00e1r a marosi egyh\u00e1zmegy\u00e9ben (1886). Gimn.-i tan\u00e1r volt Gyulafeh\u00e9rv\u00e1ron \u00e9s Mv.-en. Lelkip\u00e1sztor volt B\u00e1nffyhunyadon (1887\u201393). <br \/><strong>Irod.:<\/strong> Ferenczi S\u00e1ndor 2009<\/br><\/p>\n","protected":false},"excerpt":{"rendered":"<p>Nagyenyed, 1859. \u00e1pr. 10., \u2020 Nagyenyed, 1896. szept. 11.: r. k. pap. \u2013 Teol\u00f3giai tanulm\u00e1nyait a b\u00e9csi P\u00e1zm\u00e1neum hallgat\u00f3jak\u00e9nt v\u00e9gezte (1878\u201381). Papp\u00e1 szentelt\u00e9k (1882. m\u00e1j. 7.). Az els\u0151 k\u00e9pes\u00edt\u00e9ssel rendelkez\u0151 hittan\u00e1r a marosi egyh\u00e1zmegy\u00e9ben (1886). Gimn.-i tan\u00e1r volt Gyulafeh\u00e9rv\u00e1ron \u00e9s Mv.-en. Lelkip\u00e1sztor volt B\u00e1nffyhunyadon (1887\u201393). Irod.: Ferenczi S\u00e1ndor 2009<\/p>\n","protected":false},"featured_media":0,"comment_status":"open","ping_status":"closed","template":"","meta":[],"product_brand":[],"product_cat":[137],"product_tag":[],"class_list":{"0":"post-4551","1":"product","2":"type-product","3":"status-publish","5":"product_cat-maros-megyei-eletrajzi-lexikon","7":"first","8":"instock","9":"shipping-taxable","10":"product-type-simple"},"_links":{"self":[{"href":"https:\/\/uj.adatbank.ro\/lexikon\/wp-json\/wp\/v2\/product\/4551","targetHints":{"allow":["GET"]}}],"collection":[{"href":"https:\/\/uj.adatbank.ro\/lexikon\/wp-json\/wp\/v2\/product"}],"about":[{"href":"https:\/\/uj.adatbank.ro\/lexikon\/wp-json\/wp\/v2\/types\/product"}],"replies":[{"embeddable":true,"href":"https:\/\/uj.adatbank.ro\/lexikon\/wp-json\/wp\/v2\/comments?post=4551"}],"wp:attachment":[{"href":"https:\/\/uj.adatbank.ro\/lexikon\/wp-json\/wp\/v2\/media?parent=4551"}],"wp:term":[{"taxonomy":"product_brand","embeddable":true,"href":"https:\/\/uj.adatbank.ro\/lexikon\/wp-json\/wp\/v2\/product_brand?post=4551"},{"taxonomy":"product_cat","embeddable":true,"href":"https:\/\/uj.adatbank.ro\/lexikon\/wp-json\/wp\/v2\/product_cat?post=4551"},{"taxonomy":"product_tag","embeddable":true,"href":"https:\/\/uj.adatbank.ro\/lexikon\/wp-json\/wp\/v2\/product_tag?post=4551"}],"curies":[{"name":"wp","href":"https:\/\/api.w.org\/{rel}","templated":true}]}}