{"id":4552,"date":"2025-06-28T16:45:38","date_gmt":"2025-06-28T14:45:38","guid":{"rendered":"https:\/\/uj.adatbank.ro\/lexikon\/termek\/beta-gyorgy-szabedi\/"},"modified":"2025-06-28T16:45:38","modified_gmt":"2025-06-28T14:45:38","slug":"beta-gyorgy-szabedi","status":"publish","type":"product","link":"https:\/\/uj.adatbank.ro\/lexikon\/termek\/beta-gyorgy-szabedi\/","title":{"rendered":"B\u00c9TA Gy\u00f6rgy, szab\u00e9di"},"content":{"rendered":"<p>? \u2020\u00a0? : prmipil\u00e1ris. \u2013 II. R\u00e1k\u00f3czi Gy\u00f6rgy a csal\u00e1d k\u00e9t tagj\u00e1nak, Gy\u00f6rgynek \u00e9s Istv\u00e1nnak, adott primipil\u00e1ris levelet (1655. j\u00fan. 28.). <br \/><strong>Irod.:<\/strong> P\u00e1lmay<\/br><\/p>\n","protected":false},"excerpt":{"rendered":"<p>? \u2020\u00a0? : prmipil\u00e1ris. \u2013 II. R\u00e1k\u00f3czi Gy\u00f6rgy a csal\u00e1d k\u00e9t tagj\u00e1nak, Gy\u00f6rgynek \u00e9s Istv\u00e1nnak, adott primipil\u00e1ris levelet (1655. j\u00fan. 28.). Irod.: P\u00e1lmay<\/p>\n","protected":false},"featured_media":0,"comment_status":"open","ping_status":"closed","template":"","meta":[],"product_brand":[],"product_cat":[137],"product_tag":[],"class_list":{"0":"post-4552","1":"product","2":"type-product","3":"status-publish","5":"product_cat-maros-megyei-eletrajzi-lexikon","7":"first","8":"instock","9":"shipping-taxable","10":"product-type-simple"},"_links":{"self":[{"href":"https:\/\/uj.adatbank.ro\/lexikon\/wp-json\/wp\/v2\/product\/4552","targetHints":{"allow":["GET"]}}],"collection":[{"href":"https:\/\/uj.adatbank.ro\/lexikon\/wp-json\/wp\/v2\/product"}],"about":[{"href":"https:\/\/uj.adatbank.ro\/lexikon\/wp-json\/wp\/v2\/types\/product"}],"replies":[{"embeddable":true,"href":"https:\/\/uj.adatbank.ro\/lexikon\/wp-json\/wp\/v2\/comments?post=4552"}],"wp:attachment":[{"href":"https:\/\/uj.adatbank.ro\/lexikon\/wp-json\/wp\/v2\/media?parent=4552"}],"wp:term":[{"taxonomy":"product_brand","embeddable":true,"href":"https:\/\/uj.adatbank.ro\/lexikon\/wp-json\/wp\/v2\/product_brand?post=4552"},{"taxonomy":"product_cat","embeddable":true,"href":"https:\/\/uj.adatbank.ro\/lexikon\/wp-json\/wp\/v2\/product_cat?post=4552"},{"taxonomy":"product_tag","embeddable":true,"href":"https:\/\/uj.adatbank.ro\/lexikon\/wp-json\/wp\/v2\/product_tag?post=4552"}],"curies":[{"name":"wp","href":"https:\/\/api.w.org\/{rel}","templated":true}]}}