{"id":4553,"date":"2025-06-28T16:45:39","date_gmt":"2025-06-28T14:45:39","guid":{"rendered":"https:\/\/uj.adatbank.ro\/lexikon\/termek\/betegh-daniel-csiktusnadi\/"},"modified":"2025-06-28T16:45:39","modified_gmt":"2025-06-28T14:45:39","slug":"betegh-daniel-csiktusnadi","status":"publish","type":"product","link":"https:\/\/uj.adatbank.ro\/lexikon\/termek\/betegh-daniel-csiktusnadi\/","title":{"rendered":"BETEGH D\u00e1niel, cs\u00edktusn\u00e1di"},"content":{"rendered":"<p>Sz\u00e1szr\u00e9gen, 1790. aug. 1., \u2020 Mez\u0151szengyel, 1843.: m\u00e9rn\u00f6k. \u2013 B\u00e9csben, Laimgrube-ban hadm\u00e9rn\u00f6ki f\u0151iskol\u00e1ban tanult (1807). R\u00e9szt vett a napoleoni h\u00e1bor\u00faban mint g\u00e1rdista, fogs\u00e1gba esett, \u00edgy P\u00e1rizsba is eljutott. \u0150 hozta a megy\u00e9be az els\u0151 vasek\u00e9t \u00e9s lucernamagot. Torda megye f\u0151b\u00edr\u00f3ja, lakhelye \u00e9s birtoka Mez\u0151szak\u00e1lon volt. <br \/><strong>Irod.:<\/strong> csal\u00e1di inf.; Szab\u00f3\u2013Sz\u00f6gi<\/br><\/p>\n","protected":false},"excerpt":{"rendered":"<p>Sz\u00e1szr\u00e9gen, 1790. aug. 1., \u2020 Mez\u0151szengyel, 1843.: m\u00e9rn\u00f6k. \u2013 B\u00e9csben, Laimgrube-ban hadm\u00e9rn\u00f6ki f\u0151iskol\u00e1ban tanult (1807). R\u00e9szt vett a napoleoni h\u00e1bor\u00faban mint g\u00e1rdista, fogs\u00e1gba esett, \u00edgy P\u00e1rizsba is eljutott. \u0150 hozta a megy\u00e9be az els\u0151 vasek\u00e9t \u00e9s lucernamagot. Torda megye f\u0151b\u00edr\u00f3ja, lakhelye \u00e9s birtoka Mez\u0151szak\u00e1lon volt. Irod.: csal\u00e1di inf.; Szab\u00f3\u2013Sz\u00f6gi<\/p>\n","protected":false},"featured_media":0,"comment_status":"open","ping_status":"closed","template":"","meta":[],"product_brand":[],"product_cat":[137],"product_tag":[],"class_list":{"0":"post-4553","1":"product","2":"type-product","3":"status-publish","5":"product_cat-maros-megyei-eletrajzi-lexikon","7":"first","8":"instock","9":"shipping-taxable","10":"product-type-simple"},"_links":{"self":[{"href":"https:\/\/uj.adatbank.ro\/lexikon\/wp-json\/wp\/v2\/product\/4553","targetHints":{"allow":["GET"]}}],"collection":[{"href":"https:\/\/uj.adatbank.ro\/lexikon\/wp-json\/wp\/v2\/product"}],"about":[{"href":"https:\/\/uj.adatbank.ro\/lexikon\/wp-json\/wp\/v2\/types\/product"}],"replies":[{"embeddable":true,"href":"https:\/\/uj.adatbank.ro\/lexikon\/wp-json\/wp\/v2\/comments?post=4553"}],"wp:attachment":[{"href":"https:\/\/uj.adatbank.ro\/lexikon\/wp-json\/wp\/v2\/media?parent=4553"}],"wp:term":[{"taxonomy":"product_brand","embeddable":true,"href":"https:\/\/uj.adatbank.ro\/lexikon\/wp-json\/wp\/v2\/product_brand?post=4553"},{"taxonomy":"product_cat","embeddable":true,"href":"https:\/\/uj.adatbank.ro\/lexikon\/wp-json\/wp\/v2\/product_cat?post=4553"},{"taxonomy":"product_tag","embeddable":true,"href":"https:\/\/uj.adatbank.ro\/lexikon\/wp-json\/wp\/v2\/product_tag?post=4553"}],"curies":[{"name":"wp","href":"https:\/\/api.w.org\/{rel}","templated":true}]}}