{"id":4554,"date":"2025-06-28T16:45:42","date_gmt":"2025-06-28T14:45:42","guid":{"rendered":"https:\/\/uj.adatbank.ro\/lexikon\/termek\/betegh-gabor-csiktusnadi\/"},"modified":"2026-02-17T16:45:50","modified_gmt":"2026-02-17T15:45:50","slug":"betegh-gabor-csiktusnadi","status":"publish","type":"product","link":"https:\/\/uj.adatbank.ro\/lexikon\/termek\/betegh-gabor-csiktusnadi\/","title":{"rendered":"BETEGH G\u00e1bor, cs\u00edktusn\u00e1di"},"content":{"rendered":"<p>1758. febr. 11, \u2020\u00a0Mez\u0151szengyel, 1834. okt. 23.: kir. guberniumi tisztvisel\u0151. \u2013 Fia: S\u00e1ndor. \u2013 A kir. t\u00e1bla kancellist\u00e1ja, majd Tord\u00e1n archiv\u00e1rius, vicenot\u00e1rius, f\u0151not\u00e1rius, vicisp\u00e1n, f\u0151b\u00edr\u00f3 (16 \u00e9vig), kir. t\u00e1blai asszesszor (18 \u00e9vig), \u0151 az alap\u00edt\u00f3ja a Mez\u0151szengyelbe telep\u00edtett Betegh fam\u00edli\u00e1nak. A mez\u0151szengyeli kis k\u00fari\u00e1ja nagy parkban \u00e1llt (az 1700-as \u00e9vek v\u00e9g\u00e9n \u00e9p\u00fclt). Itt a Monarchia-szerte ismert Furioz\u00f3-m\u00e9nes megalap\u00edt\u00f3ja volt. Az \u00e1llamos\u00edt\u00e1s ut\u00e1n az udvarh\u00e1zat a mez\u0151gazdas\u00e1gi v\u00e1llalat haszn\u00e1lta, a parkot felsz\u00e1molt\u00e1k. A csal\u00e1dnak Mez\u0151t\u00f3h\u00e1ton is nagy udvarh\u00e1za volt.<br \/>\n<strong>Irod.:<\/strong> csal\u00e1di inf.; Keresztes Gyula: \u00d6r\u00f6ks\u00e9g\u00fcnk 58.: A Mez\u0151s\u00e9g udvarh\u00e1zai (N\u00fa., 1994. j\u00fal. 1.)<\/p>\n","protected":false},"excerpt":{"rendered":"<p>1758. febr. 11, \u2020\u00a0Mez\u0151szengyel, 1834. okt. 23.: kir. guberniumi tisztvisel\u0151. \u2013 Fia: S\u00e1ndor. \u2013 A kir. t\u00e1bla kancellist\u00e1ja, majd Tord\u00e1n archiv\u00e1rius, vicenot\u00e1rius, f\u0151not\u00e1rius, vicisp\u00e1n, f\u0151b\u00edr\u00f3 (16 \u00e9vig), kir. t\u00e1blai asszesszor (18 \u00e9vig), \u0151 az alap\u00edt\u00f3ja a Mez\u0151szengyelbe telep\u00edtett Betegh fam\u00edli\u00e1nak. A mez\u0151szengyeli kis k\u00fari\u00e1ja nagy parkban \u00e1llt (az 1700-as \u00e9vek v\u00e9g\u00e9n \u00e9p\u00fclt). Itt a Monarchia-szerte [&hellip;]<\/p>\n","protected":false},"featured_media":0,"comment_status":"open","ping_status":"closed","template":"","meta":[],"product_brand":[],"product_cat":[137],"product_tag":[],"class_list":{"0":"post-4554","1":"product","2":"type-product","3":"status-publish","5":"product_cat-maros-megyei-eletrajzi-lexikon","7":"first","8":"instock","9":"shipping-taxable","10":"product-type-simple"},"_links":{"self":[{"href":"https:\/\/uj.adatbank.ro\/lexikon\/wp-json\/wp\/v2\/product\/4554","targetHints":{"allow":["GET"]}}],"collection":[{"href":"https:\/\/uj.adatbank.ro\/lexikon\/wp-json\/wp\/v2\/product"}],"about":[{"href":"https:\/\/uj.adatbank.ro\/lexikon\/wp-json\/wp\/v2\/types\/product"}],"replies":[{"embeddable":true,"href":"https:\/\/uj.adatbank.ro\/lexikon\/wp-json\/wp\/v2\/comments?post=4554"}],"wp:attachment":[{"href":"https:\/\/uj.adatbank.ro\/lexikon\/wp-json\/wp\/v2\/media?parent=4554"}],"wp:term":[{"taxonomy":"product_brand","embeddable":true,"href":"https:\/\/uj.adatbank.ro\/lexikon\/wp-json\/wp\/v2\/product_brand?post=4554"},{"taxonomy":"product_cat","embeddable":true,"href":"https:\/\/uj.adatbank.ro\/lexikon\/wp-json\/wp\/v2\/product_cat?post=4554"},{"taxonomy":"product_tag","embeddable":true,"href":"https:\/\/uj.adatbank.ro\/lexikon\/wp-json\/wp\/v2\/product_tag?post=4554"}],"curies":[{"name":"wp","href":"https:\/\/api.w.org\/{rel}","templated":true}]}}