{"id":4555,"date":"2025-06-28T16:45:43","date_gmt":"2025-06-28T14:45:43","guid":{"rendered":"https:\/\/uj.adatbank.ro\/lexikon\/termek\/betegh-miklos-csiktusnadi\/"},"modified":"2025-06-28T16:45:43","modified_gmt":"2025-06-28T14:45:43","slug":"betegh-miklos-csiktusnadi","status":"publish","type":"product","link":"https:\/\/uj.adatbank.ro\/lexikon\/termek\/betegh-miklos-csiktusnadi\/","title":{"rendered":"BETEGH Mikl\u00f3s, cs\u00edktusn\u00e1di"},"content":{"rendered":"<p>Nagyb\u00e1nya, 1868. jan. 10., \u2020 Nagyv\u00e1rad, 1945. \u00e1pr. 19.: jog\u00e1sz, politikus, f\u0151isp\u00e1n, korm\u00e1nybiztos. \u2013 F\u0151isp\u00e1ni titk\u00e1r, dr. Bethlen G\u00e9za Torda-Aranyos vm. f\u0151isp\u00e1nja mellett, majd Marosludason f\u0151szolgab\u00edr\u00f3, alisp\u00e1n Tord\u00e1n, nyugd\u00edjba vonult (1905) aranyosgy\u00e9resi birtok\u00e1ra. F\u0151isp\u00e1n Torda-Aranyos vm.-ben (1910\u2013); Mv.-re k\u00fcldt\u00e9k az Er\u0151sdy f\u0151isp\u00e1n k\u00f6r\u00fcl kialakult botr\u00e1nyos helyzet kivizsg\u00e1l\u00e1s\u00e1ra (1910). Korm\u00e1nybiztos eg\u00e9sz Erd\u00e9ly felett (1914\u201315), menek\u00edt\u00e9si korm\u00e1nybiztos (1916\u201317). V\u00e9gigkalauzolta Tisza Istv\u00e1n minisztereln\u00f6k\u00f6t \u00e9s S\u00e1ndor J\u00e1nos bel\u00fcgyminisztert, (akinek bizalmas bar\u00e1tja) a Sz\u00e9kekyf\u00f6ld\u00f6n, ahol a front v\u00e9gigvonult (1917. nov. 12. \u2013). Kit\u00fcntet\u00e9se: a Polg\u00e1ri Hadi\u00e9rdemkereszt I. oszt., a Szent Istv\u00e1n rend III. \u00e9s megkapta a v. b. t. t. c.-et. Igazgat\u00f3 tan\u00e1csosa az Erd\u00e9lyi R. K. Egyh\u00e1zmegyei Tan\u00e1csnak (1918 ut\u00e1n), eln\u00f6ke a rom\u00e1niai R. K. N\u00e9psz\u00f6vets\u00e9gnek. A r\u00f3mai p\u00e1pa adom\u00e1nyak\u00e9nt megkapta a Nagy Szent Gergely rend I. oszt. kit\u00fcntet\u00e9st. \u2013 <strong>F. m.:<\/strong> Erd\u00e9ly a h\u00e1bor\u00faban. N\u00e9h\u00e1ny erd\u00e9lyi adat az 1914\u20131917. \u00e9vek t\u00f6rt\u00e9net\u00e9hez. (Dicios\u00e2nm\u0103rtin-Dics\u0151szentm\u00e1rton, 1924). <br \/><strong>Irod.:<\/strong> csal\u00e1di inf.; Bern\u00e1dy; Gy\u00f6rgy 1926; Id\u0151t\u00e1r 2; \u00daIL<\/br><\/p>\n","protected":false},"excerpt":{"rendered":"<p>Nagyb\u00e1nya, 1868. jan. 10., \u2020 Nagyv\u00e1rad, 1945. \u00e1pr. 19.: jog\u00e1sz, politikus, f\u0151isp\u00e1n, korm\u00e1nybiztos. \u2013 F\u0151isp\u00e1ni titk\u00e1r, dr. Bethlen G\u00e9za Torda-Aranyos vm. f\u0151isp\u00e1nja mellett, majd Marosludason f\u0151szolgab\u00edr\u00f3, alisp\u00e1n Tord\u00e1n, nyugd\u00edjba vonult (1905) aranyosgy\u00e9resi birtok\u00e1ra. F\u0151isp\u00e1n Torda-Aranyos vm.-ben (1910\u2013); Mv.-re k\u00fcldt\u00e9k az Er\u0151sdy f\u0151isp\u00e1n k\u00f6r\u00fcl kialakult botr\u00e1nyos helyzet kivizsg\u00e1l\u00e1s\u00e1ra (1910). Korm\u00e1nybiztos eg\u00e9sz Erd\u00e9ly felett (1914\u201315), menek\u00edt\u00e9si korm\u00e1nybiztos [&hellip;]<\/p>\n","protected":false},"featured_media":0,"comment_status":"open","ping_status":"closed","template":"","meta":[],"product_brand":[],"product_cat":[137],"product_tag":[],"class_list":{"0":"post-4555","1":"product","2":"type-product","3":"status-publish","5":"product_cat-maros-megyei-eletrajzi-lexikon","7":"first","8":"instock","9":"shipping-taxable","10":"product-type-simple"},"_links":{"self":[{"href":"https:\/\/uj.adatbank.ro\/lexikon\/wp-json\/wp\/v2\/product\/4555","targetHints":{"allow":["GET"]}}],"collection":[{"href":"https:\/\/uj.adatbank.ro\/lexikon\/wp-json\/wp\/v2\/product"}],"about":[{"href":"https:\/\/uj.adatbank.ro\/lexikon\/wp-json\/wp\/v2\/types\/product"}],"replies":[{"embeddable":true,"href":"https:\/\/uj.adatbank.ro\/lexikon\/wp-json\/wp\/v2\/comments?post=4555"}],"wp:attachment":[{"href":"https:\/\/uj.adatbank.ro\/lexikon\/wp-json\/wp\/v2\/media?parent=4555"}],"wp:term":[{"taxonomy":"product_brand","embeddable":true,"href":"https:\/\/uj.adatbank.ro\/lexikon\/wp-json\/wp\/v2\/product_brand?post=4555"},{"taxonomy":"product_cat","embeddable":true,"href":"https:\/\/uj.adatbank.ro\/lexikon\/wp-json\/wp\/v2\/product_cat?post=4555"},{"taxonomy":"product_tag","embeddable":true,"href":"https:\/\/uj.adatbank.ro\/lexikon\/wp-json\/wp\/v2\/product_tag?post=4555"}],"curies":[{"name":"wp","href":"https:\/\/api.w.org\/{rel}","templated":true}]}}