{"id":4556,"date":"2025-06-28T16:45:44","date_gmt":"2025-06-28T14:45:44","guid":{"rendered":"https:\/\/uj.adatbank.ro\/lexikon\/termek\/betegh-pal\/"},"modified":"2025-06-28T16:45:44","modified_gmt":"2025-06-28T14:45:44","slug":"betegh-pal","status":"publish","type":"product","link":"https:\/\/uj.adatbank.ro\/lexikon\/termek\/betegh-pal\/","title":{"rendered":"BETEGH P\u00e1l"},"content":{"rendered":"<p>? \u2020\u00a0? : f\u0151szerkezt\u0151. \u2013 Segesv\u00e1ron kiadta a Sz\u00e9kely-Udvarhely \u00e9s Nagy-K\u00fck\u00fcll\u0151 (1899\u20131910) c. lapokat, Bolyai Farkas \u00e9s Bolyai J\u00e1nos m\u0171veinek megv\u00e9tel utj\u00e1n jogut\u00f3dnak tartotta mag\u00e1t \u00e9s perbe ker\u00fclt a MTA-val ez \u00fcgyben. <br \/><strong>Irod.:<\/strong> Ol\u00e1h-G\u00e1l; Popt\u0103ma\u015f\u2013M\u00f3zes<\/br><\/p>\n","protected":false},"excerpt":{"rendered":"<p>? \u2020\u00a0? : f\u0151szerkezt\u0151. \u2013 Segesv\u00e1ron kiadta a Sz\u00e9kely-Udvarhely \u00e9s Nagy-K\u00fck\u00fcll\u0151 (1899\u20131910) c. lapokat, Bolyai Farkas \u00e9s Bolyai J\u00e1nos m\u0171veinek megv\u00e9tel utj\u00e1n jogut\u00f3dnak tartotta mag\u00e1t \u00e9s perbe ker\u00fclt a MTA-val ez \u00fcgyben. Irod.: Ol\u00e1h-G\u00e1l; Popt\u0103ma\u015f\u2013M\u00f3zes<\/p>\n","protected":false},"featured_media":0,"comment_status":"open","ping_status":"closed","template":"","meta":[],"product_brand":[],"product_cat":[137],"product_tag":[],"class_list":{"0":"post-4556","1":"product","2":"type-product","3":"status-publish","5":"product_cat-maros-megyei-eletrajzi-lexikon","7":"first","8":"instock","9":"shipping-taxable","10":"product-type-simple"},"_links":{"self":[{"href":"https:\/\/uj.adatbank.ro\/lexikon\/wp-json\/wp\/v2\/product\/4556","targetHints":{"allow":["GET"]}}],"collection":[{"href":"https:\/\/uj.adatbank.ro\/lexikon\/wp-json\/wp\/v2\/product"}],"about":[{"href":"https:\/\/uj.adatbank.ro\/lexikon\/wp-json\/wp\/v2\/types\/product"}],"replies":[{"embeddable":true,"href":"https:\/\/uj.adatbank.ro\/lexikon\/wp-json\/wp\/v2\/comments?post=4556"}],"wp:attachment":[{"href":"https:\/\/uj.adatbank.ro\/lexikon\/wp-json\/wp\/v2\/media?parent=4556"}],"wp:term":[{"taxonomy":"product_brand","embeddable":true,"href":"https:\/\/uj.adatbank.ro\/lexikon\/wp-json\/wp\/v2\/product_brand?post=4556"},{"taxonomy":"product_cat","embeddable":true,"href":"https:\/\/uj.adatbank.ro\/lexikon\/wp-json\/wp\/v2\/product_cat?post=4556"},{"taxonomy":"product_tag","embeddable":true,"href":"https:\/\/uj.adatbank.ro\/lexikon\/wp-json\/wp\/v2\/product_tag?post=4556"}],"curies":[{"name":"wp","href":"https:\/\/api.w.org\/{rel}","templated":true}]}}