{"id":4557,"date":"2025-06-28T16:45:48","date_gmt":"2025-06-28T14:45:48","guid":{"rendered":"https:\/\/uj.adatbank.ro\/lexikon\/termek\/betegh-sandor-csiktusnadi\/"},"modified":"2025-06-28T16:45:48","modified_gmt":"2025-06-28T14:45:48","slug":"betegh-sandor-csiktusnadi","status":"publish","type":"product","link":"https:\/\/uj.adatbank.ro\/lexikon\/termek\/betegh-sandor-csiktusnadi\/","title":{"rendered":"BETEGH S\u00e1ndor, cs\u00edktusn\u00e1di"},"content":{"rendered":"<p>1793. dec. 25., \u2020 Mez\u0151szengyel, 1870. jan. 27.: f\u00f6ldbirtokos. \u2013 Betegh G\u00e1bor fia. \u2013 Hivatalnokoskodott (37 \u00e9vet), p\u00e9nzt\u00e1rnok (20 \u00e9vig), f\u0151b\u00edr\u00f3 Torda megy\u00e9ben (8 \u00e9vig), f\u0151isp\u00e1nhelyettes, kir. tan\u00e1csos. Tov\u00e1bbfejlesztette apja m\u00e9nes\u00e9t, Mez\u0151szengyelen a m\u00e9nes az eg\u00e9sz gazdas\u00e1g\u00e1val \u00e1ldozat\u00e1ul esett az 1848. \u00e9vi esem\u00e9nyeknek. A csal\u00e1d mez\u0151szengyeli nagy k\u00fari\u00e1ja a 19. sz. v\u00e9g\u00e9n \u00e9p\u00fclt. Ezut\u00e1n v\u00e9glegesen Tord\u00e1n telepedett le, eladta a mez\u0151s\u00e1rm\u00e1si 800 holdas birtok\u00e1t. <br \/><strong>Irod.:<\/strong> csal\u00e1di inf.; Keresztes Gyula: \u00d6r\u00f6ks\u00e9g\u00fcnk 58.: A Mez\u0151s\u00e9g udvarh\u00e1zai (N\u00fa., 1994. j\u00fal. 1.)<\/br><\/p>\n","protected":false},"excerpt":{"rendered":"<p>1793. dec. 25., \u2020 Mez\u0151szengyel, 1870. jan. 27.: f\u00f6ldbirtokos. \u2013 Betegh G\u00e1bor fia. \u2013 Hivatalnokoskodott (37 \u00e9vet), p\u00e9nzt\u00e1rnok (20 \u00e9vig), f\u0151b\u00edr\u00f3 Torda megy\u00e9ben (8 \u00e9vig), f\u0151isp\u00e1nhelyettes, kir. tan\u00e1csos. Tov\u00e1bbfejlesztette apja m\u00e9nes\u00e9t, Mez\u0151szengyelen a m\u00e9nes az eg\u00e9sz gazdas\u00e1g\u00e1val \u00e1ldozat\u00e1ul esett az 1848. \u00e9vi esem\u00e9nyeknek. A csal\u00e1d mez\u0151szengyeli nagy k\u00fari\u00e1ja a 19. sz. v\u00e9g\u00e9n \u00e9p\u00fclt. Ezut\u00e1n v\u00e9glegesen [&hellip;]<\/p>\n","protected":false},"featured_media":0,"comment_status":"open","ping_status":"closed","template":"","meta":[],"product_brand":[],"product_cat":[137],"product_tag":[],"class_list":{"0":"post-4557","1":"product","2":"type-product","3":"status-publish","5":"product_cat-maros-megyei-eletrajzi-lexikon","7":"first","8":"instock","9":"shipping-taxable","10":"product-type-simple"},"_links":{"self":[{"href":"https:\/\/uj.adatbank.ro\/lexikon\/wp-json\/wp\/v2\/product\/4557","targetHints":{"allow":["GET"]}}],"collection":[{"href":"https:\/\/uj.adatbank.ro\/lexikon\/wp-json\/wp\/v2\/product"}],"about":[{"href":"https:\/\/uj.adatbank.ro\/lexikon\/wp-json\/wp\/v2\/types\/product"}],"replies":[{"embeddable":true,"href":"https:\/\/uj.adatbank.ro\/lexikon\/wp-json\/wp\/v2\/comments?post=4557"}],"wp:attachment":[{"href":"https:\/\/uj.adatbank.ro\/lexikon\/wp-json\/wp\/v2\/media?parent=4557"}],"wp:term":[{"taxonomy":"product_brand","embeddable":true,"href":"https:\/\/uj.adatbank.ro\/lexikon\/wp-json\/wp\/v2\/product_brand?post=4557"},{"taxonomy":"product_cat","embeddable":true,"href":"https:\/\/uj.adatbank.ro\/lexikon\/wp-json\/wp\/v2\/product_cat?post=4557"},{"taxonomy":"product_tag","embeddable":true,"href":"https:\/\/uj.adatbank.ro\/lexikon\/wp-json\/wp\/v2\/product_tag?post=4557"}],"curies":[{"name":"wp","href":"https:\/\/api.w.org\/{rel}","templated":true}]}}