{"id":4559,"date":"2025-06-28T16:45:56","date_gmt":"2025-06-28T14:45:56","guid":{"rendered":"https:\/\/uj.adatbank.ro\/lexikon\/termek\/betegh-sandor-csiktusnadi-3\/"},"modified":"2025-06-28T16:45:56","modified_gmt":"2025-06-28T14:45:56","slug":"betegh-sandor-csiktusnadi-3","status":"publish","type":"product","link":"https:\/\/uj.adatbank.ro\/lexikon\/termek\/betegh-sandor-csiktusnadi-3\/","title":{"rendered":"BETEGH S\u00e1ndor, cs\u00edktusn\u00e1di"},"content":{"rendered":"<p>Mv., 1830. febr. 19., \u2020 Mez\u0151szengyel, 1898. j\u00fal. 22.: mez\u0151szengyeli f\u00f6ldbirtokos. \u2013 Feles\u00e9ge v\u00e1radi Szakm\u00e1ry Irma (esk\u00fcv\u0151: 1865). A Szabadelv\u0171 P\u00e1rt MT vm.-i tagozat\u00e1nak eln\u00f6ke. Az EMKE alap\u00edt\u00f3 \u00e9s v\u00e1lasztm\u00e1nyi tagja, fi\u00f3k v\u00e1lasztm\u00e1nyi eln\u00f6ke (1885\u2013). Kezdem\u00e9nyezte a mez\u0151szengyeli r. k. iskola l\u00e9tes\u00edt\u00e9s\u00e9t (1887), ez\u00e9rt beadv\u00e1nyt int\u00e9zett az EMKE-hez, t\u00e1mogat\u00e1st k\u00e9rve, amit meg is kapott. Udvarh\u00e1za volt Kiss\u00e1rm\u00e1son (19.sz.), a csal\u00e1d a B\u00e1nffyaknak idegen\u00edtette el, majd a Bethlen csal\u00e1d tulajdon\u00e1ba ker\u00fclt. <br \/><strong>Irod.:<\/strong> csal\u00e1di inf., Keresztes Gyula: \u00d6r\u00f6ks\u00e9g\u00fcnk 59.: A mez\u0151s\u00e9g udvarh\u00e1zai (N\u00fa., 1994. j\u00fal. 15.); S\u00e1ndor<\/br><\/p>\n","protected":false},"excerpt":{"rendered":"<p>Mv., 1830. febr. 19., \u2020 Mez\u0151szengyel, 1898. j\u00fal. 22.: mez\u0151szengyeli f\u00f6ldbirtokos. \u2013 Feles\u00e9ge v\u00e1radi Szakm\u00e1ry Irma (esk\u00fcv\u0151: 1865). A Szabadelv\u0171 P\u00e1rt MT vm.-i tagozat\u00e1nak eln\u00f6ke. Az EMKE alap\u00edt\u00f3 \u00e9s v\u00e1lasztm\u00e1nyi tagja, fi\u00f3k v\u00e1lasztm\u00e1nyi eln\u00f6ke (1885\u2013). Kezdem\u00e9nyezte a mez\u0151szengyeli r. k. iskola l\u00e9tes\u00edt\u00e9s\u00e9t (1887), ez\u00e9rt beadv\u00e1nyt int\u00e9zett az EMKE-hez, t\u00e1mogat\u00e1st k\u00e9rve, amit meg is kapott. Udvarh\u00e1za [&hellip;]<\/p>\n","protected":false},"featured_media":0,"comment_status":"open","ping_status":"closed","template":"","meta":[],"product_brand":[],"product_cat":[137],"product_tag":[],"class_list":{"0":"post-4559","1":"product","2":"type-product","3":"status-publish","5":"product_cat-maros-megyei-eletrajzi-lexikon","7":"first","8":"instock","9":"shipping-taxable","10":"product-type-simple"},"_links":{"self":[{"href":"https:\/\/uj.adatbank.ro\/lexikon\/wp-json\/wp\/v2\/product\/4559","targetHints":{"allow":["GET"]}}],"collection":[{"href":"https:\/\/uj.adatbank.ro\/lexikon\/wp-json\/wp\/v2\/product"}],"about":[{"href":"https:\/\/uj.adatbank.ro\/lexikon\/wp-json\/wp\/v2\/types\/product"}],"replies":[{"embeddable":true,"href":"https:\/\/uj.adatbank.ro\/lexikon\/wp-json\/wp\/v2\/comments?post=4559"}],"wp:attachment":[{"href":"https:\/\/uj.adatbank.ro\/lexikon\/wp-json\/wp\/v2\/media?parent=4559"}],"wp:term":[{"taxonomy":"product_brand","embeddable":true,"href":"https:\/\/uj.adatbank.ro\/lexikon\/wp-json\/wp\/v2\/product_brand?post=4559"},{"taxonomy":"product_cat","embeddable":true,"href":"https:\/\/uj.adatbank.ro\/lexikon\/wp-json\/wp\/v2\/product_cat?post=4559"},{"taxonomy":"product_tag","embeddable":true,"href":"https:\/\/uj.adatbank.ro\/lexikon\/wp-json\/wp\/v2\/product_tag?post=4559"}],"curies":[{"name":"wp","href":"https:\/\/api.w.org\/{rel}","templated":true}]}}