{"id":4560,"date":"2025-06-28T16:45:57","date_gmt":"2025-06-28T14:45:57","guid":{"rendered":"https:\/\/uj.adatbank.ro\/lexikon\/termek\/bethfalvi-pal-bettfalvi-pal\/"},"modified":"2025-06-28T16:45:57","modified_gmt":"2025-06-28T14:45:57","slug":"bethfalvi-pal-bettfalvi-pal","status":"publish","type":"product","link":"https:\/\/uj.adatbank.ro\/lexikon\/termek\/bethfalvi-pal-bettfalvi-pal\/","title":{"rendered":"BETHFALVI P\u00e1l, Bettfalvi P\u00e1l"},"content":{"rendered":"<p>? \u2020 ? : ref. lelk\u00e9sz. \u2013 Fogarason subscrib\u00e1lt (1639). Szolg\u00e1lt Magyarherep\u00e9n (1656), D\u00e1ny\u00e1n (1657) \u00e9s G\u00f3g\u00e1nban (1666). <br \/><strong>Irod.:<\/strong> K\u00fck\u00fcll\u0151i Ref. Egyh\u00e1zm. 1., 2., 3.<\/br><\/p>\n","protected":false},"excerpt":{"rendered":"<p>? \u2020 ? : ref. lelk\u00e9sz. \u2013 Fogarason subscrib\u00e1lt (1639). Szolg\u00e1lt Magyarherep\u00e9n (1656), D\u00e1ny\u00e1n (1657) \u00e9s G\u00f3g\u00e1nban (1666). Irod.: K\u00fck\u00fcll\u0151i Ref. Egyh\u00e1zm. 1., 2., 3.<\/p>\n","protected":false},"featured_media":0,"comment_status":"open","ping_status":"closed","template":"","meta":[],"product_brand":[],"product_cat":[137],"product_tag":[],"class_list":{"0":"post-4560","1":"product","2":"type-product","3":"status-publish","5":"product_cat-maros-megyei-eletrajzi-lexikon","7":"first","8":"instock","9":"shipping-taxable","10":"product-type-simple"},"_links":{"self":[{"href":"https:\/\/uj.adatbank.ro\/lexikon\/wp-json\/wp\/v2\/product\/4560","targetHints":{"allow":["GET"]}}],"collection":[{"href":"https:\/\/uj.adatbank.ro\/lexikon\/wp-json\/wp\/v2\/product"}],"about":[{"href":"https:\/\/uj.adatbank.ro\/lexikon\/wp-json\/wp\/v2\/types\/product"}],"replies":[{"embeddable":true,"href":"https:\/\/uj.adatbank.ro\/lexikon\/wp-json\/wp\/v2\/comments?post=4560"}],"wp:attachment":[{"href":"https:\/\/uj.adatbank.ro\/lexikon\/wp-json\/wp\/v2\/media?parent=4560"}],"wp:term":[{"taxonomy":"product_brand","embeddable":true,"href":"https:\/\/uj.adatbank.ro\/lexikon\/wp-json\/wp\/v2\/product_brand?post=4560"},{"taxonomy":"product_cat","embeddable":true,"href":"https:\/\/uj.adatbank.ro\/lexikon\/wp-json\/wp\/v2\/product_cat?post=4560"},{"taxonomy":"product_tag","embeddable":true,"href":"https:\/\/uj.adatbank.ro\/lexikon\/wp-json\/wp\/v2\/product_tag?post=4560"}],"curies":[{"name":"wp","href":"https:\/\/api.w.org\/{rel}","templated":true}]}}