{"id":4561,"date":"2025-06-28T16:45:59","date_gmt":"2025-06-28T14:45:59","guid":{"rendered":"https:\/\/uj.adatbank.ro\/lexikon\/termek\/bethlen-adam-%c2%a7-bethleni-gr\/"},"modified":"2025-06-28T16:45:59","modified_gmt":"2025-06-28T14:45:59","slug":"bethlen-adam-%c2%a7-bethleni-gr","status":"publish","type":"product","link":"https:\/\/uj.adatbank.ro\/lexikon\/termek\/bethlen-adam-%c2%a7-bethleni-gr\/","title":{"rendered":"BETHLEN \u00c1d\u00e1m, \u00a7 bethleni gr."},"content":{"rendered":"<p>1719. aug. 1., \u2020 Kv., 1772. jan. 28.: ezredes, gener\u00e1lis. \u2013 B. \u00c1d\u00e1m (1691\u20131748) \u00e9s br. B\u00e1nffy Kl\u00e1ra (1692\u20131767) fia. Feles\u00e9ge: losonci br. B\u00e1nffy Zsuzsanna (\u20131794). \u2013 Katonai p\u00e1ly\u00e1ra l\u00e9pett. A K\u00e1lnoky-ezred ezredese, hadtestparancsnok \u00e9s kamar\u00e1s (1760\u2013), a 2. sz. husz\u00e1rezred tulajdonosa-parancsnoka, amely a nev\u00e9t viselte, kapit\u00e1ny, \u0151rnagy, ezredes, vez\u00e9r\u0151rnagy. R\u00e9szt vett az \u00f6r\u00f6k\u00f6s\u00f6d\u00e9si \u00e9s a h\u00e9t\u00e9ves h\u00e1bor\u00fa minden csat\u00e1j\u00e1ban. B\u0151kez\u0171en t\u00e1mogatta az iskol\u00e1t, fizet\u00e9s\u00e9nek tized\u00e9t a Koll. rendelkez\u00e9s\u00e9re bocs\u00e1totta (1741\u2013), majd sz\u00e1z forintot adott \u00e9vente (1764\u2013), ebb\u0151l 50 frt. a t\u00e9k\u00e1riusnak, 30-at a k\u00e9t alumnusnak \u00e9s 20-at tan\u00e1ri sz\u00e1ll\u00e1s jav\u00edt\u00e1s\u00e1ra. Hal\u00e1la ut\u00e1n, feles\u00e9ge, v\u00e9gakarat\u00e1nak megfelel\u0151en tov\u00e1bb fizette az adom\u00e1nyt. Nagy adom\u00e1nyokat tettek a teremi-i ref. egyh\u00e1z r\u00e9sz\u00e9re is. Vit\u00e9zs\u00e9g\u00e9\u00e9rt a M\u00e1ria Ter\u00e9zia-Rend kit\u00fcntetettje. Halotti c\u00edmere a kv.-i Farkas utcai templomban. <br \/><strong>Irod.:<\/strong> Albiz\u00e1l\u00e1s; \u00c1ll\u00f3- \u00e9s mozg\u00f3k\u00e9pek; Castellum \u00c9rtes\u00edt\u0151 (2005, 15\/2. sz.); Entz\u2013Kov\u00e1cs; Hector Dacae Paludatus&#8230; (Claudiopoli, 1772); Kakasy M\u00e1rton: Naplemente (Mv., 1931); Kr\u00f3n. F\u00fcz. (1940. 4\/10.); K\u00fck\u00fcll\u0151i Ref. Egyh\u00e1zm. 4.; Lev\u00e9lt\u00e1ri gy\u00e1szj; Lukinich<\/br><\/p>\n","protected":false},"excerpt":{"rendered":"<p>1719. aug. 1., \u2020 Kv., 1772. jan. 28.: ezredes, gener\u00e1lis. \u2013 B. \u00c1d\u00e1m (1691\u20131748) \u00e9s br. B\u00e1nffy Kl\u00e1ra (1692\u20131767) fia. Feles\u00e9ge: losonci br. B\u00e1nffy Zsuzsanna (\u20131794). \u2013 Katonai p\u00e1ly\u00e1ra l\u00e9pett. A K\u00e1lnoky-ezred ezredese, hadtestparancsnok \u00e9s kamar\u00e1s (1760\u2013), a 2. sz. husz\u00e1rezred tulajdonosa-parancsnoka, amely a nev\u00e9t viselte, kapit\u00e1ny, \u0151rnagy, ezredes, vez\u00e9r\u0151rnagy. R\u00e9szt vett az \u00f6r\u00f6k\u00f6s\u00f6d\u00e9si \u00e9s [&hellip;]<\/p>\n","protected":false},"featured_media":0,"comment_status":"open","ping_status":"closed","template":"","meta":[],"product_brand":[],"product_cat":[137],"product_tag":[],"class_list":{"0":"post-4561","1":"product","2":"type-product","3":"status-publish","5":"product_cat-maros-megyei-eletrajzi-lexikon","7":"first","8":"instock","9":"shipping-taxable","10":"product-type-simple"},"_links":{"self":[{"href":"https:\/\/uj.adatbank.ro\/lexikon\/wp-json\/wp\/v2\/product\/4561","targetHints":{"allow":["GET"]}}],"collection":[{"href":"https:\/\/uj.adatbank.ro\/lexikon\/wp-json\/wp\/v2\/product"}],"about":[{"href":"https:\/\/uj.adatbank.ro\/lexikon\/wp-json\/wp\/v2\/types\/product"}],"replies":[{"embeddable":true,"href":"https:\/\/uj.adatbank.ro\/lexikon\/wp-json\/wp\/v2\/comments?post=4561"}],"wp:attachment":[{"href":"https:\/\/uj.adatbank.ro\/lexikon\/wp-json\/wp\/v2\/media?parent=4561"}],"wp:term":[{"taxonomy":"product_brand","embeddable":true,"href":"https:\/\/uj.adatbank.ro\/lexikon\/wp-json\/wp\/v2\/product_brand?post=4561"},{"taxonomy":"product_cat","embeddable":true,"href":"https:\/\/uj.adatbank.ro\/lexikon\/wp-json\/wp\/v2\/product_cat?post=4561"},{"taxonomy":"product_tag","embeddable":true,"href":"https:\/\/uj.adatbank.ro\/lexikon\/wp-json\/wp\/v2\/product_tag?post=4561"}],"curies":[{"name":"wp","href":"https:\/\/api.w.org\/{rel}","templated":true}]}}