{"id":4562,"date":"2025-06-28T16:46:01","date_gmt":"2025-06-28T14:46:01","guid":{"rendered":"https:\/\/uj.adatbank.ro\/lexikon\/termek\/bethlen-adam-bethleni-gr\/"},"modified":"2025-06-28T16:46:01","modified_gmt":"2025-06-28T14:46:01","slug":"bethlen-adam-bethleni-gr","status":"publish","type":"product","link":"https:\/\/uj.adatbank.ro\/lexikon\/termek\/bethlen-adam-bethleni-gr\/","title":{"rendered":"BETHLEN \u00c1d\u00e1m, bethleni gr."},"content":{"rendered":"<p>1750., \u2020 Bonyha, 1789. dec. 27.: f\u00f6ldbirtokos. \u2013 B. J\u00e1nos \u00e9s nagyszalontai Tholdy Borb\u00e1la fia. Feles\u00e9ge gr. Gyulai Kata \/Katalin (1760\u20131844. Bonyh\u00e1n temett\u00e9k; esk\u00fcv\u0151: 1779.). Gyermekei: Jozefa (1783\u20131810), \u00c1d\u00e1m (1789\u20131863). \u2013 Feles\u00e9g\u00e9vel a bonyhai ref. templomot \u00fajj\u00e1\u00e9p\u00edtett\u00e9k (1796). T\u00f6bb adom\u00e1nya van a bonyhai, bethleni egyh\u00e1zk\u00f6zs\u00e9g tulajdon\u00e1ban. A feles\u00e9ge a cs\u00e1v\u00e1si egyh\u00e1zk\u00f6zs\u00e9gnek adom\u00e1nyozott egy 16. sz. v\u00e9g\u00e9n k\u00e9sz\u00fclt, r\u00e9szben aranyozott ez\u00fcst, t\u00f6lcs\u00e9res poharat (1819). Halotti c\u00edmere a kv.-i Farkas utcai templomban van. <br \/><strong>Irod.:<\/strong> Bics\u00f3k-Orb\u00e1n; Entz\u2013Kov\u00e1cs; Fogarasi; Gudenus; Kempelen; K\u00fck\u00fcll\u0151i Ref. Egyh\u00e1zm. 1.; Lukinich; Nagy Iv\u00e1n; P\u00e1lmay<\/br><\/p>\n","protected":false},"excerpt":{"rendered":"<p>1750., \u2020 Bonyha, 1789. dec. 27.: f\u00f6ldbirtokos. \u2013 B. J\u00e1nos \u00e9s nagyszalontai Tholdy Borb\u00e1la fia. Feles\u00e9ge gr. Gyulai Kata \/Katalin (1760\u20131844. Bonyh\u00e1n temett\u00e9k; esk\u00fcv\u0151: 1779.). Gyermekei: Jozefa (1783\u20131810), \u00c1d\u00e1m (1789\u20131863). \u2013 Feles\u00e9g\u00e9vel a bonyhai ref. templomot \u00fajj\u00e1\u00e9p\u00edtett\u00e9k (1796). T\u00f6bb adom\u00e1nya van a bonyhai, bethleni egyh\u00e1zk\u00f6zs\u00e9g tulajdon\u00e1ban. A feles\u00e9ge a cs\u00e1v\u00e1si egyh\u00e1zk\u00f6zs\u00e9gnek adom\u00e1nyozott egy 16. sz. [&hellip;]<\/p>\n","protected":false},"featured_media":0,"comment_status":"open","ping_status":"closed","template":"","meta":[],"product_brand":[],"product_cat":[137],"product_tag":[],"class_list":{"0":"post-4562","1":"product","2":"type-product","3":"status-publish","5":"product_cat-maros-megyei-eletrajzi-lexikon","7":"first","8":"instock","9":"shipping-taxable","10":"product-type-simple"},"_links":{"self":[{"href":"https:\/\/uj.adatbank.ro\/lexikon\/wp-json\/wp\/v2\/product\/4562","targetHints":{"allow":["GET"]}}],"collection":[{"href":"https:\/\/uj.adatbank.ro\/lexikon\/wp-json\/wp\/v2\/product"}],"about":[{"href":"https:\/\/uj.adatbank.ro\/lexikon\/wp-json\/wp\/v2\/types\/product"}],"replies":[{"embeddable":true,"href":"https:\/\/uj.adatbank.ro\/lexikon\/wp-json\/wp\/v2\/comments?post=4562"}],"wp:attachment":[{"href":"https:\/\/uj.adatbank.ro\/lexikon\/wp-json\/wp\/v2\/media?parent=4562"}],"wp:term":[{"taxonomy":"product_brand","embeddable":true,"href":"https:\/\/uj.adatbank.ro\/lexikon\/wp-json\/wp\/v2\/product_brand?post=4562"},{"taxonomy":"product_cat","embeddable":true,"href":"https:\/\/uj.adatbank.ro\/lexikon\/wp-json\/wp\/v2\/product_cat?post=4562"},{"taxonomy":"product_tag","embeddable":true,"href":"https:\/\/uj.adatbank.ro\/lexikon\/wp-json\/wp\/v2\/product_tag?post=4562"}],"curies":[{"name":"wp","href":"https:\/\/api.w.org\/{rel}","templated":true}]}}