{"id":4563,"date":"2025-06-28T16:46:02","date_gmt":"2025-06-28T14:46:02","guid":{"rendered":"https:\/\/uj.adatbank.ro\/lexikon\/termek\/bethlen-adam-bethleni-gr-2\/"},"modified":"2025-06-28T16:46:02","modified_gmt":"2025-06-28T14:46:02","slug":"bethlen-adam-bethleni-gr-2","status":"publish","type":"product","link":"https:\/\/uj.adatbank.ro\/lexikon\/termek\/bethlen-adam-bethleni-gr-2\/","title":{"rendered":"BETHLEN \u00c1d\u00e1m, bethleni gr."},"content":{"rendered":"<p>Nagyszeben, 1691. nov. 3., \u2020 Kv., 1748. szept. 8., temetve Nagyteremi-i kript\u00e1ba: cs. k. kamar\u00e1s, titkos tan\u00e1csos, kir. t\u00e1blai \u00fcln\u00f6k, f\u0151isp\u00e1n. \u2013 B. S\u00e1muel, marossz\u00e9ki f\u0151kapit\u00e1ny \u00e9s veresegyh\u00e1zi Borsai Nagy Borb\u00e1la fia. \u00d6ccse: S\u00e1muel. Feles\u00e9ge: Gr. B\u00e1nffy Kl\u00e1ra, B\u00e1nffy Gy\u00f6rgy gubern\u00e1tor le\u00e1nya (1692\u20131767) (esk\u00fcv\u0151: 1711). \u00d6t gyermek\u00fck k\u00f6z\u00fcl h\u00e1rom fontos szerepet j\u00e1tszott: G\u00e1bor (1712\u20131768), \u00c1d\u00e1m (1719\u20131772)., Mikl\u00f3s (1720\u20131781). \u2013 A R\u00e1k\u00f3czi-mozgalom idej\u00e9n az apj\u00e1val egy\u00fctt Szebenben tart\u00f3zkodott. R\u00e9szt vett az ogy.-en (1723), amely hat\u00e1lyosnak fogadta el Erd\u00e9lyben is a Pragmatica Sancti\u00f3t. III. K\u00e1roly cs. kamar\u00e1ss\u00e1 \u00e9s titkos tan\u00e1csoss\u00e1 nevezte ki (1727). Az erd\u00e9lyi kir. t\u00e1bla \u00fcln\u00f6ke (1727\u201336), Feh\u00e9r vm. f\u0151isp\u00e1nja (1736\u2013), lek\u00f6sz\u00f6nt a kir. t\u00e1bla \u00fcln\u00f6ki tisztj\u00e9b\u0151l, hely\u00e9t \u00f6ccse, S\u00e1muel foglalta el. Kir. kamar\u00e1s \u00e9s titkos tan\u00e1csos, orsz\u00e1gos eln\u00f6k \u00e9s guberniumi tan\u00e1csosos (1742\u2013). Birtokos Nagyteremiben. K\u00fari\u00e1ja volt Backamadarason. Anyagilag is t\u00e1mogatta a mv.-i Ref. Koll. \u2013ot, amelynek f\u0151gondnoka (1730\u201345), mint a ref. konziszt\u00f3rium eln\u00f6ke halt meg Kv.-on. H\u00e1zass\u00e1g r\u00e9v\u00e9n jutott az \u00e1rokalji kast\u00e9ly a Bethlenek birtok\u00e1ba. <br \/><strong>Irod.:<\/strong> \u00c1ll\u00f3- \u00e9s mozg\u00f3k\u00e9pek; \u00c1rva Bethlen K.; Backamadaras; Bicsok\u2013Orb\u00e1n; Borosnyai Luk\u00e1cs Simon: Temet\u00e9si pr\u00e9dik\u00e1ci\u00f3&#8230; B\u00e1nffy Kl\u00e1ra felett (Kv., 1768), Gudenus; Incze Istv\u00e1n: Halotti oratio&#8230; B\u00e1nffy Kl\u00e1ra felett (Kv., 1768), Keresztes 1995; Koncz; Lukinich; Orb\u00e1n Bal\u00e1zs; Tr\u00f3cs\u00e1nyi 1988; Wessel\u00e9nyi Istv\u00e1n<\/br><\/p>\n","protected":false},"excerpt":{"rendered":"<p>Nagyszeben, 1691. nov. 3., \u2020 Kv., 1748. szept. 8., temetve Nagyteremi-i kript\u00e1ba: cs. k. kamar\u00e1s, titkos tan\u00e1csos, kir. t\u00e1blai \u00fcln\u00f6k, f\u0151isp\u00e1n. \u2013 B. S\u00e1muel, marossz\u00e9ki f\u0151kapit\u00e1ny \u00e9s veresegyh\u00e1zi Borsai Nagy Borb\u00e1la fia. \u00d6ccse: S\u00e1muel. Feles\u00e9ge: Gr. B\u00e1nffy Kl\u00e1ra, B\u00e1nffy Gy\u00f6rgy gubern\u00e1tor le\u00e1nya (1692\u20131767) (esk\u00fcv\u0151: 1711). \u00d6t gyermek\u00fck k\u00f6z\u00fcl h\u00e1rom fontos szerepet j\u00e1tszott: G\u00e1bor (1712\u20131768), \u00c1d\u00e1m [&hellip;]<\/p>\n","protected":false},"featured_media":0,"comment_status":"open","ping_status":"closed","template":"","meta":[],"product_brand":[],"product_cat":[137],"product_tag":[],"class_list":{"0":"post-4563","1":"product","2":"type-product","3":"status-publish","5":"product_cat-maros-megyei-eletrajzi-lexikon","7":"first","8":"instock","9":"shipping-taxable","10":"product-type-simple"},"_links":{"self":[{"href":"https:\/\/uj.adatbank.ro\/lexikon\/wp-json\/wp\/v2\/product\/4563","targetHints":{"allow":["GET"]}}],"collection":[{"href":"https:\/\/uj.adatbank.ro\/lexikon\/wp-json\/wp\/v2\/product"}],"about":[{"href":"https:\/\/uj.adatbank.ro\/lexikon\/wp-json\/wp\/v2\/types\/product"}],"replies":[{"embeddable":true,"href":"https:\/\/uj.adatbank.ro\/lexikon\/wp-json\/wp\/v2\/comments?post=4563"}],"wp:attachment":[{"href":"https:\/\/uj.adatbank.ro\/lexikon\/wp-json\/wp\/v2\/media?parent=4563"}],"wp:term":[{"taxonomy":"product_brand","embeddable":true,"href":"https:\/\/uj.adatbank.ro\/lexikon\/wp-json\/wp\/v2\/product_brand?post=4563"},{"taxonomy":"product_cat","embeddable":true,"href":"https:\/\/uj.adatbank.ro\/lexikon\/wp-json\/wp\/v2\/product_cat?post=4563"},{"taxonomy":"product_tag","embeddable":true,"href":"https:\/\/uj.adatbank.ro\/lexikon\/wp-json\/wp\/v2\/product_tag?post=4563"}],"curies":[{"name":"wp","href":"https:\/\/api.w.org\/{rel}","templated":true}]}}