{"id":4566,"date":"2025-06-28T16:46:06","date_gmt":"2025-06-28T14:46:06","guid":{"rendered":"https:\/\/uj.adatbank.ro\/lexikon\/termek\/bethlen-antonia-bethleni-haller-gaborne-gr-no\/"},"modified":"2025-06-28T16:46:06","modified_gmt":"2025-06-28T14:46:06","slug":"bethlen-antonia-bethleni-haller-gaborne-gr-no","status":"publish","type":"product","link":"https:\/\/uj.adatbank.ro\/lexikon\/termek\/bethlen-antonia-bethleni-haller-gaborne-gr-no\/","title":{"rendered":"BETHLEN Ant\u00f3nia, bethleni, Haller G\u00e1born\u00e9 gr-n\u0151"},"content":{"rendered":"<p>B\u00e9cs, 1794. dec. 10., \u2020 Kalksburg, 1880. j\u00fan. 24., a kerel\u0151szentp\u00e1li Haller kript\u00e1ban nyugszik: f\u00f6ldbirtokos. \u2013 B. J\u00f3zsef \u00e9s Zichy Jozefa le\u00e1nya. F\u00e9rje Haller G\u00e1bor az ugrai oldal\u00e1gb\u00f3l (1790\u20131832). Gyermekei: Franciska, Gabriella, Gy\u00f6rgy. Marosugrai f\u00f6ldbirtokos. F\u00e9rje hal\u00e1la ut\u00e1n Haller Gy\u00f6rggyel t\u00e1rstulajdonosa volt Darlacon 738 hold \u00e9s J\u00f6vedicsen 398 hold f\u00f6ldnek. Alap\u00edtv\u00e1nyt tett a marosugrai ref. iskola l\u00e9trehoz\u00e1s\u00e1ra (1838. nov. 6), amelynek fel\u00e9p\u00edt\u00e9s\u00e9hez f\u00f6ldter\u00fcletet is adom\u00e1nyozott. Az iskola m\u00e9g ugyanabban az \u00e9vben fel is \u00e9p\u00fclt. Sz\u00e9lesk\u00f6r\u0171 adakoz\u00e1st szervezett (1855) az iskola \u00e9s a tan\u00edt\u00f3 fenntart\u00e1s\u00e1hoz. <br \/><strong>Irod.:<\/strong> Gy\u00e1szjelent\u0151; Ogra; Prozan<\/br><\/p>\n","protected":false},"excerpt":{"rendered":"<p>B\u00e9cs, 1794. dec. 10., \u2020 Kalksburg, 1880. j\u00fan. 24., a kerel\u0151szentp\u00e1li Haller kript\u00e1ban nyugszik: f\u00f6ldbirtokos. \u2013 B. J\u00f3zsef \u00e9s Zichy Jozefa le\u00e1nya. F\u00e9rje Haller G\u00e1bor az ugrai oldal\u00e1gb\u00f3l (1790\u20131832). Gyermekei: Franciska, Gabriella, Gy\u00f6rgy. Marosugrai f\u00f6ldbirtokos. F\u00e9rje hal\u00e1la ut\u00e1n Haller Gy\u00f6rggyel t\u00e1rstulajdonosa volt Darlacon 738 hold \u00e9s J\u00f6vedicsen 398 hold f\u00f6ldnek. Alap\u00edtv\u00e1nyt tett a marosugrai ref. [&hellip;]<\/p>\n","protected":false},"featured_media":0,"comment_status":"open","ping_status":"closed","template":"","meta":[],"product_brand":[],"product_cat":[137],"product_tag":[],"class_list":{"0":"post-4566","1":"product","2":"type-product","3":"status-publish","5":"product_cat-maros-megyei-eletrajzi-lexikon","7":"first","8":"instock","9":"shipping-taxable","10":"product-type-simple"},"_links":{"self":[{"href":"https:\/\/uj.adatbank.ro\/lexikon\/wp-json\/wp\/v2\/product\/4566","targetHints":{"allow":["GET"]}}],"collection":[{"href":"https:\/\/uj.adatbank.ro\/lexikon\/wp-json\/wp\/v2\/product"}],"about":[{"href":"https:\/\/uj.adatbank.ro\/lexikon\/wp-json\/wp\/v2\/types\/product"}],"replies":[{"embeddable":true,"href":"https:\/\/uj.adatbank.ro\/lexikon\/wp-json\/wp\/v2\/comments?post=4566"}],"wp:attachment":[{"href":"https:\/\/uj.adatbank.ro\/lexikon\/wp-json\/wp\/v2\/media?parent=4566"}],"wp:term":[{"taxonomy":"product_brand","embeddable":true,"href":"https:\/\/uj.adatbank.ro\/lexikon\/wp-json\/wp\/v2\/product_brand?post=4566"},{"taxonomy":"product_cat","embeddable":true,"href":"https:\/\/uj.adatbank.ro\/lexikon\/wp-json\/wp\/v2\/product_cat?post=4566"},{"taxonomy":"product_tag","embeddable":true,"href":"https:\/\/uj.adatbank.ro\/lexikon\/wp-json\/wp\/v2\/product_tag?post=4566"}],"curies":[{"name":"wp","href":"https:\/\/api.w.org\/{rel}","templated":true}]}}