{"id":4567,"date":"2025-06-28T16:46:09","date_gmt":"2025-06-28T14:46:09","guid":{"rendered":"https:\/\/uj.adatbank.ro\/lexikon\/termek\/bethlen-arpad-bethleni-gr\/"},"modified":"2025-06-28T16:46:09","modified_gmt":"2025-06-28T14:46:09","slug":"bethlen-arpad-bethleni-gr","status":"publish","type":"product","link":"https:\/\/uj.adatbank.ro\/lexikon\/termek\/bethlen-arpad-bethleni-gr\/","title":{"rendered":"BETHLEN \u00c1rp\u00e1d, bethleni gr."},"content":{"rendered":"<p>Bonyha, 1850. okt. 25., \u2020 Bonyha, 1912. j\u00fal. 5.: f\u00f6ldbirtokos. \u2013 B. Farkas \u00e9s sz\u00e9ki Teleki R\u00f3za fia, Teleki S\u00e1ndor unoka\u00f6ccse. Feles\u00e9ge mez\u0151k\u00f6vesdi br. Husz\u00e1r Margit, fest\u0151m\u0171v\u00e9sz (1854. m\u00e1rc. 23.- Szentmargita, 1927. nov. 27). esk\u00fcv\u0151 Abaf\u00e1j\u00e1n (1880. aug. 1). Gyermekeik: \u00c1d\u00e1m (Bonyha, 1881. aug. 15.- H\u00e1tszeg, ?), m. kir. f\u0151hadnagy. Feles\u00e9ge losonczy br. B\u00e1nffy Judit, B\u00e1nffy Gy\u00f6rgy \u00e9s betleni gr. Bethlen Margit le\u00e1nya, szint\u00e9n a k\u00e9nyszerlakhelyen hunyt el; R\u00f3za (Bonyha, 1882. szept. 4.- H\u00e1tszeg, 1955. \u00e1pr. 29.). \u2013 K\u00fck\u00fcll\u0151- \u00e9s Maros-Torda vm. f\u0151isp\u00e1nja Bonyh\u00e1n \u00e9lt, ahol h\u00edres mintagazdas\u00e1got l\u00e9tes\u00edtett. Fechetici Nicolae paps\u00e1ga alatt Bonyh\u00e1n a r\u00e9gi fagerend\u00e1b\u00f3l k\u00e9sz\u00fclt rom\u00e1n templom \u00f6sszeomlott, ez\u00e9rt ter\u00fcletet adom\u00e1nyozott a templom r\u00e9sz\u00e9re \u00e9s \u00fajat \u00e9p\u00edtetetett (1876), amely ma is \u00e1ll. 200 frt.-ot adott a dics\u0151szentm\u00e1rtoni tervbe vett templomi \u00e9p\u00edtkez\u00e9skre is. Az EMKE alap\u00edt\u00f3 \u00e9s v\u00e1lasztm\u00e1nyi tagja, l\u00e1togatta az igazgat\u00f3-v\u00e1lasztm\u00e1nyi \u00fcl\u00e9seket (1885\u201389). <br \/><strong>Irod.:<\/strong> Bencz\u00e9di Albert: \u00dczenet Bonyh\u00e1nak (N\u00fa., 2005. aug. 23.); Bonyha \u00e9s egyh\u00e1za; B\u00f6l\u00f6ni Domokos: Mi lesz a bonyhai Bethlen kast\u00e9ly sorsa (N\u00fa. 2002. febr. 21); Az Erd\u00e9lyi Ref. Egyh\u00e1zker\u00fclet k\u00f6zgy\u0171l\u00e9s\u00e9nek jegyz\u0151k\u00f6nyve (Kv., 1888); Gudenus; Gy\u00e1szjelent\u0151; Kornis; MNZS; S\u00e1ndor; Teleki S\u00e1ndor: Eml\u00e9kezz\u00fcnk r\u00e9giekr\u0151l (Buk., 1973)<\/br><\/p>\n","protected":false},"excerpt":{"rendered":"<p>Bonyha, 1850. okt. 25., \u2020 Bonyha, 1912. j\u00fal. 5.: f\u00f6ldbirtokos. \u2013 B. Farkas \u00e9s sz\u00e9ki Teleki R\u00f3za fia, Teleki S\u00e1ndor unoka\u00f6ccse. Feles\u00e9ge mez\u0151k\u00f6vesdi br. Husz\u00e1r Margit, fest\u0151m\u0171v\u00e9sz (1854. m\u00e1rc. 23.- Szentmargita, 1927. nov. 27). esk\u00fcv\u0151 Abaf\u00e1j\u00e1n (1880. aug. 1). Gyermekeik: \u00c1d\u00e1m (Bonyha, 1881. aug. 15.- H\u00e1tszeg, ?), m. kir. f\u0151hadnagy. Feles\u00e9ge losonczy br. B\u00e1nffy Judit, [&hellip;]<\/p>\n","protected":false},"featured_media":0,"comment_status":"open","ping_status":"closed","template":"","meta":[],"product_brand":[],"product_cat":[137],"product_tag":[],"class_list":{"0":"post-4567","1":"product","2":"type-product","3":"status-publish","5":"product_cat-maros-megyei-eletrajzi-lexikon","7":"first","8":"instock","9":"shipping-taxable","10":"product-type-simple"},"_links":{"self":[{"href":"https:\/\/uj.adatbank.ro\/lexikon\/wp-json\/wp\/v2\/product\/4567","targetHints":{"allow":["GET"]}}],"collection":[{"href":"https:\/\/uj.adatbank.ro\/lexikon\/wp-json\/wp\/v2\/product"}],"about":[{"href":"https:\/\/uj.adatbank.ro\/lexikon\/wp-json\/wp\/v2\/types\/product"}],"replies":[{"embeddable":true,"href":"https:\/\/uj.adatbank.ro\/lexikon\/wp-json\/wp\/v2\/comments?post=4567"}],"wp:attachment":[{"href":"https:\/\/uj.adatbank.ro\/lexikon\/wp-json\/wp\/v2\/media?parent=4567"}],"wp:term":[{"taxonomy":"product_brand","embeddable":true,"href":"https:\/\/uj.adatbank.ro\/lexikon\/wp-json\/wp\/v2\/product_brand?post=4567"},{"taxonomy":"product_cat","embeddable":true,"href":"https:\/\/uj.adatbank.ro\/lexikon\/wp-json\/wp\/v2\/product_cat?post=4567"},{"taxonomy":"product_tag","embeddable":true,"href":"https:\/\/uj.adatbank.ro\/lexikon\/wp-json\/wp\/v2\/product_tag?post=4567"}],"curies":[{"name":"wp","href":"https:\/\/api.w.org\/{rel}","templated":true}]}}