{"id":4569,"date":"2025-06-28T16:46:13","date_gmt":"2025-06-28T14:46:13","guid":{"rendered":"https:\/\/uj.adatbank.ro\/lexikon\/termek\/bethlen-balazs-%c2%a7-bethleni-gr\/"},"modified":"2025-06-28T16:46:13","modified_gmt":"2025-06-28T14:46:13","slug":"bethlen-balazs-%c2%a7-bethleni-gr","status":"publish","type":"product","link":"https:\/\/uj.adatbank.ro\/lexikon\/termek\/bethlen-balazs-%c2%a7-bethleni-gr\/","title":{"rendered":"BETHLEN Bal\u00e1zs, \u00a7 , bethleni gr."},"content":{"rendered":"<p>Kv., 1864. aug. 8., \u2020 \u00c1rokalja, 1946. dec. 21. Segesv\u00e1r, 1946. m\u00e1j.: cs. \u00e9s kir. kamar\u00e1s, politikus, m\u00e9rn\u00f6k, f\u00f6ldbirtokos. \u2013 B. G\u00e9za f\u0151isp\u00e1n (1838\u20131911) \u00e9s ka\u00e1li Nagy Berta fia. Feles\u00e9ge: branyicskai br. Josika Beatrix (J\u00f3sika 1893-t\u00f3l.), (Tiszaroff, 1877. j\u00fan. 21.-Mv., 1963. \u00e1pr. 16. Nagysarl\u00f3i Magyary-Kossa S\u00e1muel (1849. aug. 20. \u2013 1921. \u00e1pr. 2.) \u00e9s gr. Waldeck Val\u00e9ria (1858. aug. 26. \u2013 1888. \u00e1pr. 19.) le\u00e1nya. \u00d6r\u00f6kbefogd\u00f3 mostohaapja: branyicsai br. J\u00f3sika G\u00e1bor (1854. febr. 13. \u2013 1930. dec. 23.). Esk\u00fcv\u0151: Szamosfalva, 1899. j\u00fal. 15. Gyermekeik: Gabriella-Val\u00e9ria (1900. \u00e1pr. 28.-Mv., 1985. m\u00e1rc. 19.), Bal\u00e1zs (1901. m\u00e1j. 18.-Mv., 1981. j\u00fan. 26.), Be\u00e1ta Atz\u00e9l Ed\u00e9n\u00e9 (1908\u20131978). \u2013 Elv\u00e9gezve Bp-en a m\u0171szaki egyetemet, kult\u00farm\u00e9rn\u00f6ki (\u00fat, h\u00edd, vasut) diplom\u00e1t szerzett (1887). Kinevezt\u00e9k az \u00e1llam\u00e9p\u00edt\u00e9szeti hivatalba m\u00e9rn\u00f6knek, majd a K\u00f6zmunka \u00e9s K\u00f6zeg\u00e9szs\u00e9g\u00fcgyi Miniszt\u00e9riumban dolgozott. Megv\u00e1lt \u00e1llami szolg\u00e1lat\u00e1t\u00f3l (1892) \u00e9s MT vm. marosludasi v\u00e1laszt\u00f3ker\u00fclet\u00e9ben Szabadelv\u0171 P\u00e1rti programmal ogy.-i k\u00e9pvisel\u0151 lett (1892\u201396\u20131901\u20131905). Cs. k. kamar\u00e1s (1892). Tagja majd jegyz\u0151je a k\u00f6zleked\u00e9si bizotts\u00e1gnak. Szolnok-Doboka megye f\u0151isp\u00e1nja (1910\u201317); Beszterce-Nasz\u00f3dmegye korm\u00e1nybiztosa, f\u00f6isp\u00e1nja az I. vh. alatt (\u20131917). \u00c1rokalj\u00e1n \u00e9lt (1934\u2013), birtokai voltak Keresden \u00e9s Kerl\u00e9sen is. Az ezred\u00e9ves orsz\u00e1gos ki\u00e1ll\u00edt\u00e1s szervez\u00e9se \u00e9s rendez\u00e9se k\u00f6r\u00fcl szerzett \u00e9rdemei\u00e9rt a 3. o. Vaskorona Rendet kapta meg (1896). \u2013 <strong>F. m.:<\/strong> Besz\u00e1mol\u00f3 a h\u00e1rom utols\u00f3 \u00e9vr\u0151l (Kv., 1904); Besz\u00e1mol\u00f3 \u00e9s programbesz\u00e9de (Marosludas, 1905, 1906); Szolnok-Dob\u00f3ka vm. f\u0151isp\u00e1nj\u00e1nak sz\u00e9kfoglal\u00f3 besz\u00e9de (D\u00e9s, 1910). <br \/><strong>Irod.:<\/strong> Bicsok\u2013Orb\u00e1n; Gudenus; Guly\u00e1s; Kornis; Lukinich; Mik\u00f3 I. Ogy.-i almanach (1892\u201396)<\/br><\/p>\n","protected":false},"excerpt":{"rendered":"<p>Kv., 1864. aug. 8., \u2020 \u00c1rokalja, 1946. dec. 21. Segesv\u00e1r, 1946. m\u00e1j.: cs. \u00e9s kir. kamar\u00e1s, politikus, m\u00e9rn\u00f6k, f\u00f6ldbirtokos. \u2013 B. G\u00e9za f\u0151isp\u00e1n (1838\u20131911) \u00e9s ka\u00e1li Nagy Berta fia. Feles\u00e9ge: branyicskai br. Josika Beatrix (J\u00f3sika 1893-t\u00f3l.), (Tiszaroff, 1877. j\u00fan. 21.-Mv., 1963. \u00e1pr. 16. Nagysarl\u00f3i Magyary-Kossa S\u00e1muel (1849. aug. 20. \u2013 1921. \u00e1pr. 2.) \u00e9s gr. [&hellip;]<\/p>\n","protected":false},"featured_media":0,"comment_status":"open","ping_status":"closed","template":"","meta":[],"product_brand":[],"product_cat":[137],"product_tag":[],"class_list":{"0":"post-4569","1":"product","2":"type-product","3":"status-publish","5":"product_cat-maros-megyei-eletrajzi-lexikon","7":"first","8":"instock","9":"shipping-taxable","10":"product-type-simple"},"_links":{"self":[{"href":"https:\/\/uj.adatbank.ro\/lexikon\/wp-json\/wp\/v2\/product\/4569","targetHints":{"allow":["GET"]}}],"collection":[{"href":"https:\/\/uj.adatbank.ro\/lexikon\/wp-json\/wp\/v2\/product"}],"about":[{"href":"https:\/\/uj.adatbank.ro\/lexikon\/wp-json\/wp\/v2\/types\/product"}],"replies":[{"embeddable":true,"href":"https:\/\/uj.adatbank.ro\/lexikon\/wp-json\/wp\/v2\/comments?post=4569"}],"wp:attachment":[{"href":"https:\/\/uj.adatbank.ro\/lexikon\/wp-json\/wp\/v2\/media?parent=4569"}],"wp:term":[{"taxonomy":"product_brand","embeddable":true,"href":"https:\/\/uj.adatbank.ro\/lexikon\/wp-json\/wp\/v2\/product_brand?post=4569"},{"taxonomy":"product_cat","embeddable":true,"href":"https:\/\/uj.adatbank.ro\/lexikon\/wp-json\/wp\/v2\/product_cat?post=4569"},{"taxonomy":"product_tag","embeddable":true,"href":"https:\/\/uj.adatbank.ro\/lexikon\/wp-json\/wp\/v2\/product_tag?post=4569"}],"curies":[{"name":"wp","href":"https:\/\/api.w.org\/{rel}","templated":true}]}}