{"id":4572,"date":"2025-06-28T16:46:23","date_gmt":"2025-06-28T14:46:23","guid":{"rendered":"https:\/\/uj.adatbank.ro\/lexikon\/termek\/bethlen-bela-%c2%a7-bethleni-gr\/"},"modified":"2025-06-28T16:46:23","modified_gmt":"2025-06-28T14:46:23","slug":"bethlen-bela-%c2%a7-bethleni-gr","status":"publish","type":"product","link":"https:\/\/uj.adatbank.ro\/lexikon\/termek\/bethlen-bela-%c2%a7-bethleni-gr\/","title":{"rendered":"BETHLEN B\u00e9la, \u00a7 bethleni gr."},"content":{"rendered":"<p>Aranyosr\u00e1kos, 1888. nov. 2., \u2020 Kv., 1979. nov. 16., a H\u00e1zsong\u00e1rfdi temet\u0151ben, a B. kript\u00e1ban nyugszik: bethleni birtokos, mez\u0151gazd\u00e1sz, politikus, jog\u00e1sz, f\u0151isp\u00e1n, korm\u00e1nybiztos. \u2013 B. B\u00e1lint (1856\u20131913) \u00e9s gr. B\u00e9ldi Berta (1863\u20131946) fia. Feles\u00e9ge g\u00f6ncruszkai gr. Kornis Kl\u00e1ra; le\u00e1nyaik: \u00c9va Szentkir\u00e1lyi Gyul\u00e1n\u00e9 (1920-Mv., 2008), Kl\u00e1ra Martin Ferencn\u00e9 (1921\u2013), Ilona Bethlen D\u00e1nieln\u00e9 (1924\u2013), \u00c1gnes, D\u00e9genfeld-Schonburg S\u00e1ndorn\u00e9 (1928\u2013). \u2013 Az I. vh. Idej\u00e9n a mv.-i 9-es honv\u00e9d husz\u00e1rezred g\u00e9ppusk\u00e1s sz\u00e1zad\u00e1nak parancsnoka, f\u0151hadnagy. Trianon ut\u00e1n bethleni birtok\u00e1n gazd\u00e1lkodott, szarvasmarh\u00e1t teny\u00e9sztett \u00e9s m\u00e9nest tartott. Az EGE aleln\u00f6ke (1916.), eln\u00f6ke (1931\u201336), az Erd\u00e9lyi Ref. Egyh\u00e1zker\u00fclet f\u00f6gondnoka (1928). \u00c9-Erd\u00e9ly visszacsatol\u00e1sa ut\u00e1n Szolnok-Doboka \u00e9s Beszterce-Nasz\u00f3d megye f\u0151isp\u00e1nja (1940\u201344). \u00c9. Erd\u00e9ly hadm\u0171veleti korm\u00e1nybiztosa volt (1944. aug. \u2013) a Lakatos korm\u00e1ny idej\u00e9n. Zsid\u00f3kat mentett meg a deport\u00e1l\u00e1st\u00f3l. Aranysarkanty\u00fas vit\u00e9z (1916) c\u00edmet viselt. A rom\u00e1n hat\u00f3s\u00e1gok letart\u00f3ztatt\u00e1k, beb\u00f6rt\u00f6n\u00f6zt\u00e9k (1946\u201352; 1952\u201355). Rehabilit\u00e1lt\u00e1k (1959). Fizikai munk\u00e1s. A kv.-i Farkas utcai templomban ker\u00fclt c\u00edmeres eml\u00e9ke. Mellszobra a bethleni ref. par\u00f3kia udvar\u00e1n \u2013 <strong>F. m.:<\/strong> \u00c9szak-Erd\u00e9ly korm\u00e1nybiztosa voltam (Bp., 1989). <br \/><strong>Irod.:<\/strong> \u00c1ll\u00f3- \u00e9s mozg\u00f3k\u00e9pek; Bicsok\u2013Orb\u00e1n; \u00c1ll\u00f3- \u00e9s mozg\u00f3k\u00e9pek; Castellum \u00c9rtes\u00edt\u0151 (15\/2. sz., 2005); Entz\u2013Kov\u00e1cs; H\u00e1zsong\u00e1rd; Kornis; Lukinich; Mik\u00f3<\/br><\/p>\n","protected":false},"excerpt":{"rendered":"<p>Aranyosr\u00e1kos, 1888. nov. 2., \u2020 Kv., 1979. nov. 16., a H\u00e1zsong\u00e1rfdi temet\u0151ben, a B. kript\u00e1ban nyugszik: bethleni birtokos, mez\u0151gazd\u00e1sz, politikus, jog\u00e1sz, f\u0151isp\u00e1n, korm\u00e1nybiztos. \u2013 B. B\u00e1lint (1856\u20131913) \u00e9s gr. B\u00e9ldi Berta (1863\u20131946) fia. Feles\u00e9ge g\u00f6ncruszkai gr. Kornis Kl\u00e1ra; le\u00e1nyaik: \u00c9va Szentkir\u00e1lyi Gyul\u00e1n\u00e9 (1920-Mv., 2008), Kl\u00e1ra Martin Ferencn\u00e9 (1921\u2013), Ilona Bethlen D\u00e1nieln\u00e9 (1924\u2013), \u00c1gnes, D\u00e9genfeld-Schonburg S\u00e1ndorn\u00e9 [&hellip;]<\/p>\n","protected":false},"featured_media":0,"comment_status":"open","ping_status":"closed","template":"","meta":[],"product_brand":[],"product_cat":[137],"product_tag":[],"class_list":{"0":"post-4572","1":"product","2":"type-product","3":"status-publish","5":"product_cat-maros-megyei-eletrajzi-lexikon","7":"first","8":"instock","9":"shipping-taxable","10":"product-type-simple"},"_links":{"self":[{"href":"https:\/\/uj.adatbank.ro\/lexikon\/wp-json\/wp\/v2\/product\/4572","targetHints":{"allow":["GET"]}}],"collection":[{"href":"https:\/\/uj.adatbank.ro\/lexikon\/wp-json\/wp\/v2\/product"}],"about":[{"href":"https:\/\/uj.adatbank.ro\/lexikon\/wp-json\/wp\/v2\/types\/product"}],"replies":[{"embeddable":true,"href":"https:\/\/uj.adatbank.ro\/lexikon\/wp-json\/wp\/v2\/comments?post=4572"}],"wp:attachment":[{"href":"https:\/\/uj.adatbank.ro\/lexikon\/wp-json\/wp\/v2\/media?parent=4572"}],"wp:term":[{"taxonomy":"product_brand","embeddable":true,"href":"https:\/\/uj.adatbank.ro\/lexikon\/wp-json\/wp\/v2\/product_brand?post=4572"},{"taxonomy":"product_cat","embeddable":true,"href":"https:\/\/uj.adatbank.ro\/lexikon\/wp-json\/wp\/v2\/product_cat?post=4572"},{"taxonomy":"product_tag","embeddable":true,"href":"https:\/\/uj.adatbank.ro\/lexikon\/wp-json\/wp\/v2\/product_tag?post=4572"}],"curies":[{"name":"wp","href":"https:\/\/api.w.org\/{rel}","templated":true}]}}