{"id":4574,"date":"2025-06-28T16:46:27","date_gmt":"2025-06-28T14:46:27","guid":{"rendered":"https:\/\/uj.adatbank.ro\/lexikon\/termek\/bethlen-camillo-kamillo-bethleni-gr\/"},"modified":"2025-06-28T16:46:27","modified_gmt":"2025-06-28T14:46:27","slug":"bethlen-camillo-kamillo-bethleni-gr","status":"publish","type":"product","link":"https:\/\/uj.adatbank.ro\/lexikon\/termek\/bethlen-camillo-kamillo-bethleni-gr\/","title":{"rendered":"BETHLEN Camillo, Kamill\u00f3, bethleni gr."},"content":{"rendered":"<p>1827. nov. 16., \u2020 \u00c1d\u00e1mos, 1883. m\u00e1j. 6., Nagyteremiben a csal\u00e1di s\u00edrboltba temett\u00e9k: birtokos. \u2013 B. J\u00f3zsef (1788\u20131846) \u00e9s hallerk\u0151i Haller Borb\u00e1la (1800\u20131883) fia. Testv\u00e9rei: G\u00e1bor, J\u00f3zsef, Ad\u00e9le branyicskai br. J\u00f3sika Lajosn\u00e9; Rosalie k\u00e1szoni br. Bornemisza Tivadarn\u00e9; Emil; Mih\u00e1ly; Irma. Feles\u00e9ge k\u00f6vesdi br. Husz\u00e1r Erzs\u00e9bet (1833\u20131856). Fi\u00fak: Markus (1852\u20131917). \u2013 A nagyteremii birtokot vette unokatestv\u00e9r\u00e9t\u0151l, Bethlen Leopoldin\u00e1t\u00f3l. A kast\u00e9ly \u00e9p\u00edttet\u0151je. Fia k\u00e1rtyaad\u00f3s\u00e1gai miatt el\u00e1rverezt\u00e9k. Orb\u00e1n Bal\u00e1zs m\u0171v\u00e9ben f\u00e9nyk\u00e9pe van a m\u00e1r nyomtalan kast\u00e9lynak. <br \/><strong>Irod.:<\/strong> Bicsok\u2013Orb\u00e1n; Gy\u00e1szjelent\u0151; Keresztes 1995; Orb\u00e1n Bal\u00e1zs<\/br><\/p>\n","protected":false},"excerpt":{"rendered":"<p>1827. nov. 16., \u2020 \u00c1d\u00e1mos, 1883. m\u00e1j. 6., Nagyteremiben a csal\u00e1di s\u00edrboltba temett\u00e9k: birtokos. \u2013 B. J\u00f3zsef (1788\u20131846) \u00e9s hallerk\u0151i Haller Borb\u00e1la (1800\u20131883) fia. Testv\u00e9rei: G\u00e1bor, J\u00f3zsef, Ad\u00e9le branyicskai br. J\u00f3sika Lajosn\u00e9; Rosalie k\u00e1szoni br. Bornemisza Tivadarn\u00e9; Emil; Mih\u00e1ly; Irma. Feles\u00e9ge k\u00f6vesdi br. Husz\u00e1r Erzs\u00e9bet (1833\u20131856). Fi\u00fak: Markus (1852\u20131917). \u2013 A nagyteremii birtokot vette unokatestv\u00e9r\u00e9t\u0151l, [&hellip;]<\/p>\n","protected":false},"featured_media":0,"comment_status":"open","ping_status":"closed","template":"","meta":[],"product_brand":[],"product_cat":[137],"product_tag":[],"class_list":{"0":"post-4574","1":"product","2":"type-product","3":"status-publish","5":"product_cat-maros-megyei-eletrajzi-lexikon","7":"first","8":"instock","9":"shipping-taxable","10":"product-type-simple"},"_links":{"self":[{"href":"https:\/\/uj.adatbank.ro\/lexikon\/wp-json\/wp\/v2\/product\/4574","targetHints":{"allow":["GET"]}}],"collection":[{"href":"https:\/\/uj.adatbank.ro\/lexikon\/wp-json\/wp\/v2\/product"}],"about":[{"href":"https:\/\/uj.adatbank.ro\/lexikon\/wp-json\/wp\/v2\/types\/product"}],"replies":[{"embeddable":true,"href":"https:\/\/uj.adatbank.ro\/lexikon\/wp-json\/wp\/v2\/comments?post=4574"}],"wp:attachment":[{"href":"https:\/\/uj.adatbank.ro\/lexikon\/wp-json\/wp\/v2\/media?parent=4574"}],"wp:term":[{"taxonomy":"product_brand","embeddable":true,"href":"https:\/\/uj.adatbank.ro\/lexikon\/wp-json\/wp\/v2\/product_brand?post=4574"},{"taxonomy":"product_cat","embeddable":true,"href":"https:\/\/uj.adatbank.ro\/lexikon\/wp-json\/wp\/v2\/product_cat?post=4574"},{"taxonomy":"product_tag","embeddable":true,"href":"https:\/\/uj.adatbank.ro\/lexikon\/wp-json\/wp\/v2\/product_tag?post=4574"}],"curies":[{"name":"wp","href":"https:\/\/api.w.org\/{rel}","templated":true}]}}