{"id":4578,"date":"2025-06-28T16:46:35","date_gmt":"2025-06-28T14:46:35","guid":{"rendered":"https:\/\/uj.adatbank.ro\/lexikon\/termek\/bethlen-domokos-iktari-gr-2\/"},"modified":"2025-06-28T16:46:35","modified_gmt":"2025-06-28T14:46:35","slug":"bethlen-domokos-iktari-gr-2","status":"publish","type":"product","link":"https:\/\/uj.adatbank.ro\/lexikon\/termek\/bethlen-domokos-iktari-gr-2\/","title":{"rendered":"BETHLEN Domokos, ikt\u00e1ri gr."},"content":{"rendered":"<p>1810. m\u00e1rc. 15., \u2020\u00a0Hetzendorf, 1866. m\u00e1rc. 10. Kv.-t a H\u00e1zsong\u00e1rdi temet\u0151ben az \u00e1ltala \u00e9p\u00edttetett, Ybl Mikl\u00f3s tervezte, ikt\u00e1ri B. kript\u00e1ban nyugszik: cs. kir. kamar\u00e1s. \u2013 B. S\u00e1muel \u00e9s Sim\u00e9n Kl\u00e1ra fia, \u00e1ll\u00edt\u00f3lag term\u00e9szetes apja Gecse D\u00e1niel orvos. Testv\u00e9re: B. Kata gr. B\u00e1nffy Mikl\u00f3sn\u00e9. Feles\u00e9ge br. Wessel\u00e9nyi Zsuzsanna (1854\u2013), elv\u00e1ltak. Ut\u00f3da nem maradt. \u2013 Cs. \u00e9s k. kamar\u00e1s, a Szent J\u00e1nos Rend lovagja. Ogy.-i k\u00f6vet (1834). \u00c9lete nagyr\u00e9sz\u00e9t a B\u00e9cs melletti hetzendorfi birtok\u00e1n t\u00f6lt\u00f6tte. A\u2019 nemzet j\u00f3l-l\u00e9t\u00e9r\u0151l c. k\u00f6nyv\u00e9ben a kor k\u00f6zgazdas\u00e1gi elm\u00e9leteit ismertette. Kit\u00fcntet\u00e9sei \u00e9s c\u00edmei: cs. \u00e9s kir. kamar\u00e1s, a Lip\u00f3t-rend kis keresztje, aranysarkanty\u00fas vit\u00e9z. Vele kihalt a fejedelmi ikt\u00e1ri B.-csal\u00e1d f\u00e9rfi-\u00e1ga. \u2013 <strong>F. m.:<\/strong> A&#8217; nemzeti j\u00f3l-l\u00e9tr\u0151l (B\u00e9cs, 1831; Repr. kiad. \/ ut\u00f3sz\u00f3 Bekker Zsuzsa; Bp., 2003). <br \/><strong>Irod.:<\/strong> Bir\u00f3 J\u00f3zsef. A bonchidai B\u00e1nffy-kast\u00e9ly csal\u00e1di arck\u00e9pei = Lyka eml\u00e9kk.; Ga\u00e1l: Kv. Vonz\u00e1s\u00e1ban; H\u00e1zsong\u00e1rd; Lukinich Imre: A podmanini Podmaniczky csal\u00e1d oklev\u00e9lt\u00e1ra (Bp., 1937\u201341); M. Johannita csal\u00e1dt\u00f6rt.; Lev\u00e9lt\u00e1ri gy\u00e1szj.; Orsz\u00e1gos M. K\u00e9pz\u0151m\u0171v\u00e9szeti T\u00e1rsulat R\u00e9gis\u00e9gki\u00e1ll\u00edt\u00e1s\u00e1nak magyar\u00e1z\u00f3 sz\u00f6vege (Pest, 1867); P\u00e1lffy; Radv\u00e1nszky B\u00e9la: M. csal\u00e1d\u00e9let \u00e9s h\u00e1ztart\u00e1s a XVI- XVII. sz.-ban (Bp., 1879\u201396); RMK Ellen\u0151rizni a helyi vonatkoz\u00e1st<\/br><\/p>\n","protected":false},"excerpt":{"rendered":"<p>1810. m\u00e1rc. 15., \u2020\u00a0Hetzendorf, 1866. m\u00e1rc. 10. Kv.-t a H\u00e1zsong\u00e1rdi temet\u0151ben az \u00e1ltala \u00e9p\u00edttetett, Ybl Mikl\u00f3s tervezte, ikt\u00e1ri B. kript\u00e1ban nyugszik: cs. kir. kamar\u00e1s. \u2013 B. S\u00e1muel \u00e9s Sim\u00e9n Kl\u00e1ra fia, \u00e1ll\u00edt\u00f3lag term\u00e9szetes apja Gecse D\u00e1niel orvos. Testv\u00e9re: B. Kata gr. B\u00e1nffy Mikl\u00f3sn\u00e9. Feles\u00e9ge br. Wessel\u00e9nyi Zsuzsanna (1854\u2013), elv\u00e1ltak. Ut\u00f3da nem maradt. \u2013 Cs. \u00e9s [&hellip;]<\/p>\n","protected":false},"featured_media":0,"comment_status":"open","ping_status":"closed","template":"","meta":[],"product_brand":[],"product_cat":[137],"product_tag":[],"class_list":{"0":"post-4578","1":"product","2":"type-product","3":"status-publish","5":"product_cat-maros-megyei-eletrajzi-lexikon","7":"first","8":"instock","9":"shipping-taxable","10":"product-type-simple"},"_links":{"self":[{"href":"https:\/\/uj.adatbank.ro\/lexikon\/wp-json\/wp\/v2\/product\/4578","targetHints":{"allow":["GET"]}}],"collection":[{"href":"https:\/\/uj.adatbank.ro\/lexikon\/wp-json\/wp\/v2\/product"}],"about":[{"href":"https:\/\/uj.adatbank.ro\/lexikon\/wp-json\/wp\/v2\/types\/product"}],"replies":[{"embeddable":true,"href":"https:\/\/uj.adatbank.ro\/lexikon\/wp-json\/wp\/v2\/comments?post=4578"}],"wp:attachment":[{"href":"https:\/\/uj.adatbank.ro\/lexikon\/wp-json\/wp\/v2\/media?parent=4578"}],"wp:term":[{"taxonomy":"product_brand","embeddable":true,"href":"https:\/\/uj.adatbank.ro\/lexikon\/wp-json\/wp\/v2\/product_brand?post=4578"},{"taxonomy":"product_cat","embeddable":true,"href":"https:\/\/uj.adatbank.ro\/lexikon\/wp-json\/wp\/v2\/product_cat?post=4578"},{"taxonomy":"product_tag","embeddable":true,"href":"https:\/\/uj.adatbank.ro\/lexikon\/wp-json\/wp\/v2\/product_tag?post=4578"}],"curies":[{"name":"wp","href":"https:\/\/api.w.org\/{rel}","templated":true}]}}