{"id":4581,"date":"2025-06-28T16:46:41","date_gmt":"2025-06-28T14:46:41","guid":{"rendered":"https:\/\/uj.adatbank.ro\/lexikon\/termek\/bethlen-elek-gr-bethleni\/"},"modified":"2025-06-28T16:46:41","modified_gmt":"2025-06-28T14:46:41","slug":"bethlen-elek-gr-bethleni","status":"publish","type":"product","link":"https:\/\/uj.adatbank.ro\/lexikon\/termek\/bethlen-elek-gr-bethleni\/","title":{"rendered":"BETHLEN Elek, gr., bethleni"},"content":{"rendered":"<p>Ureg, 1777. m\u00e1rc. 20., \u2020\u00a0Pest, 1841. febr. 10. t\u00f6rt\u00e9\u00adn\u00e9sz. \u2013 Fia: bethleni gr. B. P\u00e1l, cs. kir. aranykulcsos, Bels\u0151-Szolnok vm. f\u0151isp\u00e1nja. \u2013 A g\u00f6ttingeni egyetemen tanult. Itt ismerkedett meg a felvil\u00e1gosod\u00e1s eszm\u00e9ivel. Az erd\u00e9lyi nemesi felkel\u00e9s f\u0151parancsnok\u00e1nak, Miksa f\u0151hercegnek a hadseg\u00e9dje volt (1809\u201310 ), a felkel\u00e9sr\u0151l vezetett napl\u00f3ja kort\u00f6rt\u00e9neti jelent\u0151s\u00e9g\u0171. A R\u00e1k\u00f3czi szabads\u00e1gharc idej\u00e9n a bonyhai kast\u00e9ly az \u0151 tulajdona votl. Az erd\u00e9lyi kir. f\u0151korm\u00e1nysz\u00e9k tan\u00e1csosa (1835\u2013), cs. kir. aranykulcsos. Fiatal kor\u00e1b\u00f3l k\u00e9t dr\u00e1maford\u00edt\u00e1sa ismert. T\u00f6rt\u00e9neti, k\u00f6zgazdas\u00e1gi m\u0171veit n\u00e9met\u00fcl \u00edrta. T\u00f6bb m\u0171v\u00e9ben foglalkozott Erd\u00e9ly k\u00f6z\u00e9pkori t\u00f6rt\u00e9net\u00e9vel. Ny.-eur\u00f3pai utaz\u00e1s\u00e1r\u00f3l napl\u00f3t vezetett. Mindenhol kereste a kapcsolatot az irodalom jeles k\u00e9pvisel\u0151ivel (Herder, Wieland, Klopstock). Fogarasi S\u00e1muel patr\u00f3nusa volt, a peregrin\u00e1ci\u00f3s \u00fatj\u00e1n. M\u0171veinek nagyr\u00e9sze k\u00e9ziratban maradt. \u2013 <strong>F. m.:<\/strong> Hal\u00e1lf\u0151 (Kv-Szeben, 1793), Vestigia illustris familiae della Genga in Transilvania. (Claudiopoli 1826 ); Geschichtliche Darstellung des Deutschen Ordens im Siebenb\u00fcrgen. (B\u00e9cs-Lipcse 1831): Napl\u00f3jegyzetei az 1809-es nemesi f\u00f6lkel\u00e9sr\u0151l (Kiadja Lukinich Imre. Hadt\u00f6rt\u00e9neti k\u00f6zlem\u00e9nyek, 1928). <br \/><strong>Irod.:<\/strong> Fogarasi Internet; Keresztes; Lev\u00e9lt\u00e1ri<\/br><\/p>\n","protected":false},"excerpt":{"rendered":"<p>Ureg, 1777. m\u00e1rc. 20., \u2020\u00a0Pest, 1841. febr. 10. t\u00f6rt\u00e9\u00adn\u00e9sz. \u2013 Fia: bethleni gr. B. P\u00e1l, cs. kir. aranykulcsos, Bels\u0151-Szolnok vm. f\u0151isp\u00e1nja. \u2013 A g\u00f6ttingeni egyetemen tanult. Itt ismerkedett meg a felvil\u00e1gosod\u00e1s eszm\u00e9ivel. Az erd\u00e9lyi nemesi felkel\u00e9s f\u0151parancsnok\u00e1nak, Miksa f\u0151hercegnek a hadseg\u00e9dje volt (1809\u201310 ), a felkel\u00e9sr\u0151l vezetett napl\u00f3ja kort\u00f6rt\u00e9neti jelent\u0151s\u00e9g\u0171. A R\u00e1k\u00f3czi szabads\u00e1gharc idej\u00e9n a [&hellip;]<\/p>\n","protected":false},"featured_media":0,"comment_status":"open","ping_status":"closed","template":"","meta":[],"product_brand":[],"product_cat":[137],"product_tag":[],"class_list":{"0":"post-4581","1":"product","2":"type-product","3":"status-publish","5":"product_cat-maros-megyei-eletrajzi-lexikon","7":"first","8":"instock","9":"shipping-taxable","10":"product-type-simple"},"_links":{"self":[{"href":"https:\/\/uj.adatbank.ro\/lexikon\/wp-json\/wp\/v2\/product\/4581","targetHints":{"allow":["GET"]}}],"collection":[{"href":"https:\/\/uj.adatbank.ro\/lexikon\/wp-json\/wp\/v2\/product"}],"about":[{"href":"https:\/\/uj.adatbank.ro\/lexikon\/wp-json\/wp\/v2\/types\/product"}],"replies":[{"embeddable":true,"href":"https:\/\/uj.adatbank.ro\/lexikon\/wp-json\/wp\/v2\/comments?post=4581"}],"wp:attachment":[{"href":"https:\/\/uj.adatbank.ro\/lexikon\/wp-json\/wp\/v2\/media?parent=4581"}],"wp:term":[{"taxonomy":"product_brand","embeddable":true,"href":"https:\/\/uj.adatbank.ro\/lexikon\/wp-json\/wp\/v2\/product_brand?post=4581"},{"taxonomy":"product_cat","embeddable":true,"href":"https:\/\/uj.adatbank.ro\/lexikon\/wp-json\/wp\/v2\/product_cat?post=4581"},{"taxonomy":"product_tag","embeddable":true,"href":"https:\/\/uj.adatbank.ro\/lexikon\/wp-json\/wp\/v2\/product_tag?post=4581"}],"curies":[{"name":"wp","href":"https:\/\/api.w.org\/{rel}","templated":true}]}}