{"id":4583,"date":"2025-06-28T16:46:44","date_gmt":"2025-06-28T14:46:44","guid":{"rendered":"https:\/\/uj.adatbank.ro\/lexikon\/termek\/bethlen-eva-bethleni-gr-szentkiralyi-gyulane\/"},"modified":"2026-02-17T16:50:33","modified_gmt":"2026-02-17T15:50:33","slug":"bethlen-eva-bethleni-gr-szentkiralyi-gyulane","status":"publish","type":"product","link":"https:\/\/uj.adatbank.ro\/lexikon\/termek\/bethlen-eva-bethleni-gr-szentkiralyi-gyulane\/","title":{"rendered":"BETHLEN \u00c9va, bethleni gr., Szentkir\u00e1lyi Gyul\u00e1n\u00e9"},"content":{"rendered":"<p>Bethlen, 1920. m\u00e1j. 15., \u2020 Mv., 2008. j\u00fal. 26.: gr\u00f3fn\u0151, f\u00f6ldbirtokos. \u2013 B. B\u00e9la, \u00c9szak-Erd\u00e9ly korm\u00e1nybiztos\u00e1nak \u00e9s gr. Kornis Kl\u00e1ra legnagyobbik le\u00e1nya. F\u00e9rjhez ment (1940. aug. 31) Szentkir\u00e1lyi Gyul\u00e1hoz (Kv., 1912- Mv, 1988. jan. 26). Esk\u00fcv\u0151j\u00fck ut\u00e1n a f\u00e9rje birtok\u00e1ra Mez\u0151pagocs\u00e1ra k\u00f6lt\u00f6ztek (1940. aug. 21. \u2013 1942), ut\u00e1na Mo.-n \u00e9ltek, a f\u00e9rje ifj. Teleki Mih\u00e1ly kocsordi birtok\u00e1nak gazdatisztje volt. Hazat\u00e9rtek Mez\u0151pagocs\u00e1ra (1945 ut\u00e1n\u20131949. m\u00e1rc. 3.), majd Mv.-re hurcolt\u00e1k a csal\u00e1dot k\u00e9nyszerlakhelyre, annak megsz\u0171nt\u00e9ig (1963. aug.). Itt fizikai munk\u00e1s, kert\u00e9sz, piaci vir\u00e1g\u00e1rus, varr\u00e1s \u00e9s k\u00e9zik\u00f6t\u00e9ssel is foglalkozott.<br \/>\n<strong>Irod.:<\/strong> Gudenus, Kornis<\/p>\n","protected":false},"excerpt":{"rendered":"<p>Bethlen, 1920. m\u00e1j. 15., \u2020 Mv., 2008. j\u00fal. 26.: gr\u00f3fn\u0151, f\u00f6ldbirtokos. \u2013 B. B\u00e9la, \u00c9szak-Erd\u00e9ly korm\u00e1nybiztos\u00e1nak \u00e9s gr. Kornis Kl\u00e1ra legnagyobbik le\u00e1nya. F\u00e9rjhez ment (1940. aug. 31) Szentkir\u00e1lyi Gyul\u00e1hoz (Kv., 1912- Mv, 1988. jan. 26). Esk\u00fcv\u0151j\u00fck ut\u00e1n a f\u00e9rje birtok\u00e1ra Mez\u0151pagocs\u00e1ra k\u00f6lt\u00f6ztek (1940. aug. 21. \u2013 1942), ut\u00e1na Mo.-n \u00e9ltek, a f\u00e9rje ifj. Teleki Mih\u00e1ly [&hellip;]<\/p>\n","protected":false},"featured_media":0,"comment_status":"open","ping_status":"closed","template":"","meta":[],"product_brand":[],"product_cat":[137],"product_tag":[],"class_list":{"0":"post-4583","1":"product","2":"type-product","3":"status-publish","5":"product_cat-maros-megyei-eletrajzi-lexikon","7":"first","8":"instock","9":"shipping-taxable","10":"product-type-simple"},"_links":{"self":[{"href":"https:\/\/uj.adatbank.ro\/lexikon\/wp-json\/wp\/v2\/product\/4583","targetHints":{"allow":["GET"]}}],"collection":[{"href":"https:\/\/uj.adatbank.ro\/lexikon\/wp-json\/wp\/v2\/product"}],"about":[{"href":"https:\/\/uj.adatbank.ro\/lexikon\/wp-json\/wp\/v2\/types\/product"}],"replies":[{"embeddable":true,"href":"https:\/\/uj.adatbank.ro\/lexikon\/wp-json\/wp\/v2\/comments?post=4583"}],"wp:attachment":[{"href":"https:\/\/uj.adatbank.ro\/lexikon\/wp-json\/wp\/v2\/media?parent=4583"}],"wp:term":[{"taxonomy":"product_brand","embeddable":true,"href":"https:\/\/uj.adatbank.ro\/lexikon\/wp-json\/wp\/v2\/product_brand?post=4583"},{"taxonomy":"product_cat","embeddable":true,"href":"https:\/\/uj.adatbank.ro\/lexikon\/wp-json\/wp\/v2\/product_cat?post=4583"},{"taxonomy":"product_tag","embeddable":true,"href":"https:\/\/uj.adatbank.ro\/lexikon\/wp-json\/wp\/v2\/product_tag?post=4583"}],"curies":[{"name":"wp","href":"https:\/\/api.w.org\/{rel}","templated":true}]}}