{"id":4584,"date":"2025-06-28T16:46:45","date_gmt":"2025-06-28T14:46:45","guid":{"rendered":"https:\/\/uj.adatbank.ro\/lexikon\/termek\/bethlen-farkas\/"},"modified":"2025-06-28T16:46:45","modified_gmt":"2025-06-28T14:46:45","slug":"bethlen-farkas","status":"publish","type":"product","link":"https:\/\/uj.adatbank.ro\/lexikon\/termek\/bethlen-farkas\/","title":{"rendered":"BETHLEN Farkas"},"content":{"rendered":"<p>1505., \u2020 1552 k.: bonyhai birtokos, f\u0151kapit\u00e1ny, tan\u00e1csos. \u2013 B. Mikl\u00f3s \u00e9s Alm\u00e1sdi Chyre Margit fia. Vele a fi\u00fai \u00e1g kihalt, le\u00e1nytestv\u00e9r\u00fck B. Erzse (1501\u201345) \u00e9s Path\u00f3csy Mikl\u00f3s fiai, unok\u00e1i \u00f6r\u00f6k\u00f6lt\u00e9k a kast\u00e9lyt. Szapolya J\u00e1nos h\u00edve, orsz\u00e1gos f\u0151kapit\u00e1ny (1540), Izabella kir\u00e1lyn\u00e9 tan\u00e1csosa. Majl\u00e1th Istv\u00e1n erd\u00e9lyi vajda k\u00f6rlev\u00e9lben tiltotta meg, hogy Mv. v\u00e1ros kiv\u00e1lts\u00e1ga ellen\u00e9re a v\u00e1roslak\u00f3kat megv\u00e1molja (1540). A csal\u00e1d m\u00e1r kor\u00e1bban Albert kir\u00e1lyt\u00f3l kapott enged\u00e9lyt v\u00e1r\u00e9p\u00edt\u00e9sre (1438), apja, III. Mikl\u00f3s egy k\u0151h\u00e1zat \u00e9p\u00edtett. A bethleni kast\u00e9ly \u00e9p\u00edtet\u0151je (kezdete 1543\u2013). B\u00e9ldi P\u00e1l a kast\u00e9ly tulajdonosa (1659\u201378), hal\u00e1la ut\u00e1n I. Apafi Mih\u00e1ly fejedelem visszaadta B. Ferenc fiainak: Farkas, Gergely \u00e9s Elek osztozott a bonyhai v\u00e1ron (1679). <br \/><strong>Irod.:<\/strong> Bicsok\u2013Orb\u00e1n; Kiss G\u00e1bor: Erd\u00e9lyi v\u00e1rak, kast\u00e9lyok (Bp., 1990); Lukinich, P\u00e1l-Antal 2009; Pesty 2014; Sz\u00e9pr\u00e9ti: R\u00e9gi \u00e9s \u00faj vil\u00e1g<\/br><\/p>\n","protected":false},"excerpt":{"rendered":"<p>1505., \u2020 1552 k.: bonyhai birtokos, f\u0151kapit\u00e1ny, tan\u00e1csos. \u2013 B. Mikl\u00f3s \u00e9s Alm\u00e1sdi Chyre Margit fia. Vele a fi\u00fai \u00e1g kihalt, le\u00e1nytestv\u00e9r\u00fck B. Erzse (1501\u201345) \u00e9s Path\u00f3csy Mikl\u00f3s fiai, unok\u00e1i \u00f6r\u00f6k\u00f6lt\u00e9k a kast\u00e9lyt. Szapolya J\u00e1nos h\u00edve, orsz\u00e1gos f\u0151kapit\u00e1ny (1540), Izabella kir\u00e1lyn\u00e9 tan\u00e1csosa. Majl\u00e1th Istv\u00e1n erd\u00e9lyi vajda k\u00f6rlev\u00e9lben tiltotta meg, hogy Mv. v\u00e1ros kiv\u00e1lts\u00e1ga ellen\u00e9re a [&hellip;]<\/p>\n","protected":false},"featured_media":0,"comment_status":"open","ping_status":"closed","template":"","meta":[],"product_brand":[],"product_cat":[137],"product_tag":[],"class_list":{"0":"post-4584","1":"product","2":"type-product","3":"status-publish","5":"product_cat-maros-megyei-eletrajzi-lexikon","7":"first","8":"instock","9":"shipping-taxable","10":"product-type-simple"},"_links":{"self":[{"href":"https:\/\/uj.adatbank.ro\/lexikon\/wp-json\/wp\/v2\/product\/4584","targetHints":{"allow":["GET"]}}],"collection":[{"href":"https:\/\/uj.adatbank.ro\/lexikon\/wp-json\/wp\/v2\/product"}],"about":[{"href":"https:\/\/uj.adatbank.ro\/lexikon\/wp-json\/wp\/v2\/types\/product"}],"replies":[{"embeddable":true,"href":"https:\/\/uj.adatbank.ro\/lexikon\/wp-json\/wp\/v2\/comments?post=4584"}],"wp:attachment":[{"href":"https:\/\/uj.adatbank.ro\/lexikon\/wp-json\/wp\/v2\/media?parent=4584"}],"wp:term":[{"taxonomy":"product_brand","embeddable":true,"href":"https:\/\/uj.adatbank.ro\/lexikon\/wp-json\/wp\/v2\/product_brand?post=4584"},{"taxonomy":"product_cat","embeddable":true,"href":"https:\/\/uj.adatbank.ro\/lexikon\/wp-json\/wp\/v2\/product_cat?post=4584"},{"taxonomy":"product_tag","embeddable":true,"href":"https:\/\/uj.adatbank.ro\/lexikon\/wp-json\/wp\/v2\/product_tag?post=4584"}],"curies":[{"name":"wp","href":"https:\/\/api.w.org\/{rel}","templated":true}]}}