{"id":4586,"date":"2025-06-28T16:46:48","date_gmt":"2025-06-28T14:46:48","guid":{"rendered":"https:\/\/uj.adatbank.ro\/lexikon\/termek\/bethlen-farkas-%c2%a7-bethleni-gr\/"},"modified":"2025-06-28T16:46:48","modified_gmt":"2025-06-28T14:46:48","slug":"bethlen-farkas-%c2%a7-bethleni-gr","status":"publish","type":"product","link":"https:\/\/uj.adatbank.ro\/lexikon\/termek\/bethlen-farkas-%c2%a7-bethleni-gr\/","title":{"rendered":"BETHLEN Farkas, \u00a7 bethleni gr."},"content":{"rendered":"<p>Szeben, 1705, \u2020 1763. m\u00e1j. 2., eltemett\u00e9k Nagyteremiben (j\u00fan. 26.): t\u00e1bornok. \u2013 B. S\u00e1muel (1663\u20131708) \u00e9s borsai Nagy Borb\u00e1la (\u20131718) fia. A B. Kata testv\u00e9re. \u2013 Katonai p\u00e1ly\u00e1j\u00e1nak elej\u00e9n a Gyulay-ezred z\u00e1szl\u00f3tart\u00f3ja, majd a Vet\u00e9si-gyalogezred kapit\u00e1nya (1734), f\u0151str\u00e1zsamester, \u00f3bester (1737). R\u00e9szt vett az osztr\u00e1k-t\u00f6r\u00f6k h\u00e1bor\u00faban (1737\u201338), kinevezt\u00e9k a r\u00f3la elnevezett \u00faj gyalogezred, a Bethlen-ezred parancsnok\u00e1v\u00e1 (1741), majd k\u00e9s\u0151bb tulajdonoss\u00e1v\u00e1. Vez\u00e9r\u00f6rnaggy\u00e1 l\u00e9ptett\u00e9k el\u0151 (1745), majd alt\u00e1bornagy (1762). \u00c9rt\u00e9kes k\u00f6nyv- \u00e9s t\u00e9rk\u00e9pgy\u0171jtem\u00e9nye volt. Nem alap\u00edtott csal\u00e1dot, vagyon\u00e1t iskolai \u00e9s egyh\u00e1zi c\u00e9lokra ford\u00edtotta, a mv.-i koll.-nak 8000, az udvarhelyinek 6000 forintot hagyott. R\u00e9szben aranyozott ez\u00fcst talpas pohara (k\u00e9sz\u00edt\u00e9se: Brass\u00f3, 1732) aj\u00e1nd\u00e9kozott a Nagyteremi. i ref. egyh\u00e1zk\u00f6zs\u00e9gnek (1759). <br \/><strong>Irod.:<\/strong> \u00c1ll\u00f3- \u00e9s mozg\u00f3k\u00e9pek; \u00c1rva Bethlen K.; Fekete; K\u00fck\u00fcll\u0151i Ref. Egyh\u00e1zm. 4.; Lukinich; Maros megye<\/br><\/p>\n","protected":false},"excerpt":{"rendered":"<p>Szeben, 1705, \u2020 1763. m\u00e1j. 2., eltemett\u00e9k Nagyteremiben (j\u00fan. 26.): t\u00e1bornok. \u2013 B. S\u00e1muel (1663\u20131708) \u00e9s borsai Nagy Borb\u00e1la (\u20131718) fia. A B. Kata testv\u00e9re. \u2013 Katonai p\u00e1ly\u00e1j\u00e1nak elej\u00e9n a Gyulay-ezred z\u00e1szl\u00f3tart\u00f3ja, majd a Vet\u00e9si-gyalogezred kapit\u00e1nya (1734), f\u0151str\u00e1zsamester, \u00f3bester (1737). R\u00e9szt vett az osztr\u00e1k-t\u00f6r\u00f6k h\u00e1bor\u00faban (1737\u201338), kinevezt\u00e9k a r\u00f3la elnevezett \u00faj gyalogezred, a Bethlen-ezred parancsnok\u00e1v\u00e1 [&hellip;]<\/p>\n","protected":false},"featured_media":0,"comment_status":"open","ping_status":"closed","template":"","meta":[],"product_brand":[],"product_cat":[137],"product_tag":[],"class_list":{"0":"post-4586","1":"product","2":"type-product","3":"status-publish","5":"product_cat-maros-megyei-eletrajzi-lexikon","7":"first","8":"instock","9":"shipping-taxable","10":"product-type-simple"},"_links":{"self":[{"href":"https:\/\/uj.adatbank.ro\/lexikon\/wp-json\/wp\/v2\/product\/4586","targetHints":{"allow":["GET"]}}],"collection":[{"href":"https:\/\/uj.adatbank.ro\/lexikon\/wp-json\/wp\/v2\/product"}],"about":[{"href":"https:\/\/uj.adatbank.ro\/lexikon\/wp-json\/wp\/v2\/types\/product"}],"replies":[{"embeddable":true,"href":"https:\/\/uj.adatbank.ro\/lexikon\/wp-json\/wp\/v2\/comments?post=4586"}],"wp:attachment":[{"href":"https:\/\/uj.adatbank.ro\/lexikon\/wp-json\/wp\/v2\/media?parent=4586"}],"wp:term":[{"taxonomy":"product_brand","embeddable":true,"href":"https:\/\/uj.adatbank.ro\/lexikon\/wp-json\/wp\/v2\/product_brand?post=4586"},{"taxonomy":"product_cat","embeddable":true,"href":"https:\/\/uj.adatbank.ro\/lexikon\/wp-json\/wp\/v2\/product_cat?post=4586"},{"taxonomy":"product_tag","embeddable":true,"href":"https:\/\/uj.adatbank.ro\/lexikon\/wp-json\/wp\/v2\/product_tag?post=4586"}],"curies":[{"name":"wp","href":"https:\/\/api.w.org\/{rel}","templated":true}]}}