{"id":4589,"date":"2025-06-28T16:46:52","date_gmt":"2025-06-28T14:46:52","guid":{"rendered":"https:\/\/uj.adatbank.ro\/lexikon\/termek\/bethlen-farkas-bethleni-gr-3\/"},"modified":"2025-06-28T16:46:52","modified_gmt":"2025-06-28T14:46:52","slug":"bethlen-farkas-bethleni-gr-3","status":"publish","type":"product","link":"https:\/\/uj.adatbank.ro\/lexikon\/termek\/bethlen-farkas-bethleni-gr-3\/","title":{"rendered":"BETHLEN Farkas, bethleni gr."},"content":{"rendered":"<p>Gyulafeh\u00e9rv\u00e1r v. Bethlen-Szentmikl\u00f3s, 1639., \u2020 Bethlenszentmikl\u00f3s, 1679. dec. 30.: politikus, tan\u00e1cs\u00far, kancell\u00e1r, t\u00f6rt\u00e9net\u00edr\u00f3. \u2013 Br. B. Ferenc \u00e9s Kem\u00e9ny Kata fia. Testv\u00e9rei: Krisztina, Gergely (1641\u201397), Elek (1643\u201396). Feles\u00e9ge: Ostrosith Borb\u00e1la. Gyermekei: L\u00e1szl\u00f3, Kata, Istv\u00e1n, Druzsina Mikes Mih\u00e1lyn\u00e9. \u2013 Gyulafeh\u00e9rv\u00e1ron tanult (1654). R\u00e9szt vesz II. R\u00e1k\u00f3czi Gy\u00f6rgy lengyelo.-i hadj\u00e1rat\u00e1ban (1657), elker\u00fclte a krimi tat\u00e1r fogs\u00e1got. Apafi Mih\u00e1ly fejedelem alatt tan\u00e1csos, az erd\u00e9lyi Feh\u00e9r vm. f\u0151isp\u00e1nja (1661\u2013), a tiszts\u00e9get elvesztette \u00e9s \u00fajra megszerezte hal\u00e1l\u00e1ig (1678. \u00e1pr. 19. \u201379. dec. 31.), r\u00e9szt vett a nagysz\u0151ll\u0151si csat\u00e1ban. B. J\u00e1nos sz\u00e1m\u0171zet\u00e9se alatt \u00e1tvette a kancell\u00e1ri feladatokat, Erd\u00e9ly ideiglenes portai k\u00f6vete (1676\u2013), kinevezett kancell\u00e1rja (1678\u2013). Apafi a bethleni v\u00e1rat \u00f6sszes tartoz\u00e9kaival B. Farkasnak \u00e9s testv\u00e9reinek adom\u00e1nyozta (1678. j\u00fal. 25.), \u00edgy a v\u00e1r visszajutott a csal\u00e1d tulajdon\u00e1ba. Szamosk\u00f6zy kr\u00f3nik\u00e1j\u00e1nak felhaszn\u00e1l\u00e1s\u00e1val meg\u00edrta latin nyelven Erd\u00e9ly t\u00f6rt\u00e9net\u00e9t 16 k\u00f6nyvben, amely az 1526\u20131609 k\u00f6z\u00f6tti id\u0151szakot \u00f6leli fel. Hal\u00e1la ut\u00e1n \u00f6ccse, Elek a keresdi Bethlen-kast\u00e9lyban nyomd\u00e1t \u00e1ll\u00edtott fel, hogy kiadja Farkas m\u0171v\u00e9t (1684) \u00e9s megkezdte a Historia de rebus Transylvanicis c. m\u0171v\u00e9nek nyomtat\u00e1s\u00e1t. Th\u00f6k\u00f6ly Imre erd\u00e9lyi bet\u00f6r\u00e9se k\u00f6vetkezt\u00e9ben a nyomda t\u00f6nkrement, a nyomtat\u00e1s alatt lev\u0151 m\u0171 \u00edveinek nagyr\u00e9sze megsemmis\u00fclt, r\u00e9szben elveszett (1690). A keresdi kiad\u00e1s al\u00e1pj\u00e1n Hochmeister M\u00e1rton Szebeneben \u00fajra kiadta (1782\u201393). Keresden nyomt\u00e1k a Heidelbergi k\u00e1t\u00e9t is. \u2013 <strong>F. m.:<\/strong> Historiarum Pannonico-Dacicarum libri X. a clade Mohazensi usque ad finem seculi, 1\u20136. k\u00f6t. (Keresd, 1684\u20131690; Benk\u0151 J\u00f3zsef kiad., Szeben, 1782\u201393); Historia de rebus Transsylvanicis = Erd\u00e9ly t\u00f6rt\u00e9nete (Bp.; Kv., 2000); B\u00e1thori Istv\u00e1n uralkod\u00e1sa = Erd\u00e9ly \u00f6r\u00f6ks\u00e9ge, 2.; B\u00e1thori Istv\u00e1n \u00e9s Bekes G\u00e1sp\u00e1r k\u00fczdelmei = Erd\u00e9lyi magyar eml\u00e9k\u00edr\u00f3k; Kov\u00e1cs Attila Zolt\u00e1n. Erd\u00e9ly szolg\u00e1lat\u00e1ban: Eml\u00e9k\u00edr\u00f3k k\u00f6nyve (Pom\u00e1z, 2007). <br \/><strong>Irod.:<\/strong> \u00c1ll\u00f3- \u00e9s mozg\u00f3k\u00e9pek; Castellum \u00c9rtes\u00edt\u0151 (2005, 15\/2. sz.); Erd\u00e9lyi m. eml\u00e9k\u00edr\u00f3k; Erd\u00e9lyi panteon 1.; Id\u0151t\u00e1r 1; K\u00e9nosi\u2013Uzoni 2.; Kornis; Kov\u00e1cs Kiss Gy\u00f6ngy; Kraus: Erd\u00e9lyi kr\u00f3nika; Lukinich; M. t\u00f6rt. t\u00e1r 18.; MNBK; Mo. f\u0151isp\u00e1njai; RMK; Szinnyei; Teleki Mih\u00e1ly udvartart\u00e1si napl\u00f3ja (1673\u20131681) (Kv., 2007); Tr\u00f3cs\u00e1nyi 1988; \u00daIL; \u00daM\u00c9L<\/br><\/p>\n","protected":false},"excerpt":{"rendered":"<p>Gyulafeh\u00e9rv\u00e1r v. Bethlen-Szentmikl\u00f3s, 1639., \u2020 Bethlenszentmikl\u00f3s, 1679. dec. 30.: politikus, tan\u00e1cs\u00far, kancell\u00e1r, t\u00f6rt\u00e9net\u00edr\u00f3. \u2013 Br. B. Ferenc \u00e9s Kem\u00e9ny Kata fia. Testv\u00e9rei: Krisztina, Gergely (1641\u201397), Elek (1643\u201396). Feles\u00e9ge: Ostrosith Borb\u00e1la. Gyermekei: L\u00e1szl\u00f3, Kata, Istv\u00e1n, Druzsina Mikes Mih\u00e1lyn\u00e9. \u2013 Gyulafeh\u00e9rv\u00e1ron tanult (1654). R\u00e9szt vesz II. R\u00e1k\u00f3czi Gy\u00f6rgy lengyelo.-i hadj\u00e1rat\u00e1ban (1657), elker\u00fclte a krimi tat\u00e1r fogs\u00e1got. Apafi [&hellip;]<\/p>\n","protected":false},"featured_media":0,"comment_status":"open","ping_status":"closed","template":"","meta":[],"product_brand":[],"product_cat":[137],"product_tag":[],"class_list":{"0":"post-4589","1":"product","2":"type-product","3":"status-publish","5":"product_cat-maros-megyei-eletrajzi-lexikon","7":"first","8":"instock","9":"shipping-taxable","10":"product-type-simple"},"_links":{"self":[{"href":"https:\/\/uj.adatbank.ro\/lexikon\/wp-json\/wp\/v2\/product\/4589","targetHints":{"allow":["GET"]}}],"collection":[{"href":"https:\/\/uj.adatbank.ro\/lexikon\/wp-json\/wp\/v2\/product"}],"about":[{"href":"https:\/\/uj.adatbank.ro\/lexikon\/wp-json\/wp\/v2\/types\/product"}],"replies":[{"embeddable":true,"href":"https:\/\/uj.adatbank.ro\/lexikon\/wp-json\/wp\/v2\/comments?post=4589"}],"wp:attachment":[{"href":"https:\/\/uj.adatbank.ro\/lexikon\/wp-json\/wp\/v2\/media?parent=4589"}],"wp:term":[{"taxonomy":"product_brand","embeddable":true,"href":"https:\/\/uj.adatbank.ro\/lexikon\/wp-json\/wp\/v2\/product_brand?post=4589"},{"taxonomy":"product_cat","embeddable":true,"href":"https:\/\/uj.adatbank.ro\/lexikon\/wp-json\/wp\/v2\/product_cat?post=4589"},{"taxonomy":"product_tag","embeddable":true,"href":"https:\/\/uj.adatbank.ro\/lexikon\/wp-json\/wp\/v2\/product_tag?post=4589"}],"curies":[{"name":"wp","href":"https:\/\/api.w.org\/{rel}","templated":true}]}}