{"id":4591,"date":"2025-06-28T16:46:57","date_gmt":"2025-06-28T14:46:57","guid":{"rendered":"https:\/\/uj.adatbank.ro\/lexikon\/termek\/bethlen-ferenc-bethleni-gr\/"},"modified":"2025-06-28T16:46:57","modified_gmt":"2025-06-28T14:46:57","slug":"bethlen-ferenc-bethleni-gr","status":"publish","type":"product","link":"https:\/\/uj.adatbank.ro\/lexikon\/termek\/bethlen-ferenc-bethleni-gr\/","title":{"rendered":"BETHLEN Ferenc, bethleni, gr."},"content":{"rendered":"<p>? \u2020 Kv., 1712. m\u00e1rc. 12.: f\u0151isp\u00e1n. \u2013 B. Gergely \u00e9s Thoroczkai M\u00e1ria fia. Teleki Mih\u00e1ly veje. Feles\u00e9ge: 1.?, 2. Rh\u00e9dey Krisztina. \u2013 Bels\u0151-Szolnok vm. f\u0151isp\u00e1nja (1700\u2013). A cs\u00e1sz\u00e1riak bevonul\u00e1sakor f\u0151hadbiztos. A kv.-i ref. koll. f\u0151gondnoka. Jelent\u0151s szerepe volt az erd\u00e9lyi t\u00f6rv\u00e9nygy\u0171jtem\u00e9ny kidolgoz\u00e1s\u00e1ban. \u2013 <strong>F. m.:<\/strong> <strong>t\u00e1rssz.:<\/strong> CompilataeConstitutiones Regni Transsylvaniae (Kv., 1669). <br \/><strong>Irod.:<\/strong> Gy\u00e1szjelent\u0151; Halotti besz\u00e9dek; Kraus: Erd\u00e9lyi kr\u00f3nika; Tr\u00f3cs\u00e1nyi 1988<\/br><\/p>\n","protected":false},"excerpt":{"rendered":"<p>? \u2020 Kv., 1712. m\u00e1rc. 12.: f\u0151isp\u00e1n. \u2013 B. Gergely \u00e9s Thoroczkai M\u00e1ria fia. Teleki Mih\u00e1ly veje. Feles\u00e9ge: 1.?, 2. Rh\u00e9dey Krisztina. \u2013 Bels\u0151-Szolnok vm. f\u0151isp\u00e1nja (1700\u2013). A cs\u00e1sz\u00e1riak bevonul\u00e1sakor f\u0151hadbiztos. A kv.-i ref. koll. f\u0151gondnoka. Jelent\u0151s szerepe volt az erd\u00e9lyi t\u00f6rv\u00e9nygy\u0171jtem\u00e9ny kidolgoz\u00e1s\u00e1ban. \u2013 F. m.: t\u00e1rssz.: CompilataeConstitutiones Regni Transsylvaniae (Kv., 1669). Irod.: Gy\u00e1szjelent\u0151; Halotti [&hellip;]<\/p>\n","protected":false},"featured_media":0,"comment_status":"open","ping_status":"closed","template":"","meta":[],"product_brand":[],"product_cat":[137],"product_tag":[],"class_list":{"0":"post-4591","1":"product","2":"type-product","3":"status-publish","5":"product_cat-maros-megyei-eletrajzi-lexikon","7":"first","8":"instock","9":"shipping-taxable","10":"product-type-simple"},"_links":{"self":[{"href":"https:\/\/uj.adatbank.ro\/lexikon\/wp-json\/wp\/v2\/product\/4591","targetHints":{"allow":["GET"]}}],"collection":[{"href":"https:\/\/uj.adatbank.ro\/lexikon\/wp-json\/wp\/v2\/product"}],"about":[{"href":"https:\/\/uj.adatbank.ro\/lexikon\/wp-json\/wp\/v2\/types\/product"}],"replies":[{"embeddable":true,"href":"https:\/\/uj.adatbank.ro\/lexikon\/wp-json\/wp\/v2\/comments?post=4591"}],"wp:attachment":[{"href":"https:\/\/uj.adatbank.ro\/lexikon\/wp-json\/wp\/v2\/media?parent=4591"}],"wp:term":[{"taxonomy":"product_brand","embeddable":true,"href":"https:\/\/uj.adatbank.ro\/lexikon\/wp-json\/wp\/v2\/product_brand?post=4591"},{"taxonomy":"product_cat","embeddable":true,"href":"https:\/\/uj.adatbank.ro\/lexikon\/wp-json\/wp\/v2\/product_cat?post=4591"},{"taxonomy":"product_tag","embeddable":true,"href":"https:\/\/uj.adatbank.ro\/lexikon\/wp-json\/wp\/v2\/product_tag?post=4591"}],"curies":[{"name":"wp","href":"https:\/\/api.w.org\/{rel}","templated":true}]}}