{"id":4593,"date":"2025-06-28T16:46:59","date_gmt":"2025-06-28T14:46:59","guid":{"rendered":"https:\/\/uj.adatbank.ro\/lexikon\/termek\/bethlen-ferenc-gr-bethleni\/"},"modified":"2025-06-28T16:46:59","modified_gmt":"2025-06-28T14:46:59","slug":"bethlen-ferenc-gr-bethleni","status":"publish","type":"product","link":"https:\/\/uj.adatbank.ro\/lexikon\/termek\/bethlen-ferenc-gr-bethleni\/","title":{"rendered":"BETHLEN Ferenc, gr., bethleni"},"content":{"rendered":"<p>? \u2020 Bonyha, 1763.: f\u00f6ldbirtokos. \u2013 B. S\u00e1muel \u00e9s sz\u00e1rhegyi L\u00e1z\u00e1r M\u00e1ria fia. Feles\u00e9ge: vargyasi Daniel Krisztina. \u2013 Keny\u00e9roszt\u00f3 t\u00e1ny\u00e9rt adom\u00e1nyozott a bethlenszentmikl\u00f3si ref. egyh\u00e1znak (1745). <br \/><strong>Irod.:<\/strong> K\u00fck\u00fcll\u0151i Ref. Egyh\u00e1zm. 1.<\/br><\/p>\n","protected":false},"excerpt":{"rendered":"<p>? \u2020 Bonyha, 1763.: f\u00f6ldbirtokos. \u2013 B. S\u00e1muel \u00e9s sz\u00e1rhegyi L\u00e1z\u00e1r M\u00e1ria fia. Feles\u00e9ge: vargyasi Daniel Krisztina. \u2013 Keny\u00e9roszt\u00f3 t\u00e1ny\u00e9rt adom\u00e1nyozott a bethlenszentmikl\u00f3si ref. egyh\u00e1znak (1745). Irod.: K\u00fck\u00fcll\u0151i Ref. Egyh\u00e1zm. 1.<\/p>\n","protected":false},"featured_media":0,"comment_status":"open","ping_status":"closed","template":"","meta":[],"product_brand":[],"product_cat":[137],"product_tag":[],"class_list":{"0":"post-4593","1":"product","2":"type-product","3":"status-publish","5":"product_cat-maros-megyei-eletrajzi-lexikon","7":"first","8":"instock","9":"shipping-taxable","10":"product-type-simple"},"_links":{"self":[{"href":"https:\/\/uj.adatbank.ro\/lexikon\/wp-json\/wp\/v2\/product\/4593","targetHints":{"allow":["GET"]}}],"collection":[{"href":"https:\/\/uj.adatbank.ro\/lexikon\/wp-json\/wp\/v2\/product"}],"about":[{"href":"https:\/\/uj.adatbank.ro\/lexikon\/wp-json\/wp\/v2\/types\/product"}],"replies":[{"embeddable":true,"href":"https:\/\/uj.adatbank.ro\/lexikon\/wp-json\/wp\/v2\/comments?post=4593"}],"wp:attachment":[{"href":"https:\/\/uj.adatbank.ro\/lexikon\/wp-json\/wp\/v2\/media?parent=4593"}],"wp:term":[{"taxonomy":"product_brand","embeddable":true,"href":"https:\/\/uj.adatbank.ro\/lexikon\/wp-json\/wp\/v2\/product_brand?post=4593"},{"taxonomy":"product_cat","embeddable":true,"href":"https:\/\/uj.adatbank.ro\/lexikon\/wp-json\/wp\/v2\/product_cat?post=4593"},{"taxonomy":"product_tag","embeddable":true,"href":"https:\/\/uj.adatbank.ro\/lexikon\/wp-json\/wp\/v2\/product_tag?post=4593"}],"curies":[{"name":"wp","href":"https:\/\/api.w.org\/{rel}","templated":true}]}}