{"id":4594,"date":"2025-06-28T16:47:00","date_gmt":"2025-06-28T14:47:00","guid":{"rendered":"https:\/\/uj.adatbank.ro\/lexikon\/termek\/bethlen-ferenc-gr-bethleni-2\/"},"modified":"2025-06-28T16:47:00","modified_gmt":"2025-06-28T14:47:00","slug":"bethlen-ferenc-gr-bethleni-2","status":"publish","type":"product","link":"https:\/\/uj.adatbank.ro\/lexikon\/termek\/bethlen-ferenc-gr-bethleni-2\/","title":{"rendered":"BETHLEN Ferenc, gr., bethleni"},"content":{"rendered":"<p>1801, \u2020 Bethlen, 1875. szept. 3.: katonatiszt, \u00edr\u00f3. \u2013 B. Ferenc (1762\u20131812) \u00e9s br. B\u00e1nffy Zsuzsanna (1763-Kv, 1840. jan 24) fia. Feles\u00e9ge gr. Bethlen Karolina (1803\u20131891). Gyermekeik: S\u00e1ndor, Ferenc, M\u00e1ria, K\u00e1roly, Elek. \u2013 Albisi Bod P\u00e9ter volt gyermekei h\u00e1zitan\u00edt\u00f3ja. Jogot v\u00e9gzett, Bels\u0151-Szolnok vm. t. f\u0151isp\u00e1nja (1822\u201329). K\u00fck\u00fcll\u0151i kast\u00e9ly tulajdonos. Birtok\u00e1n gazd\u00e1lkodott, a kv.-i ref. koll. gondnoka volt. Mv.-en a f\u0151t\u00e9ren fel\u00e9p\u00edtette az Aranykereszt vend\u00e9gl\u0151t \u00e9s vend\u00e9gfogad\u00f3t (1825). A vend\u00e9gl\u0151 szerepet j\u00e1tszott a 48-as esem\u00e9nyek kezdet\u00e9n. T\u00edz \u00e1ltala felszerelt \u00f6nk\u00e9n\u00adtessel Pestre ment (1848. szept. v\u00e9g\u00e9n), hogy r\u00e9szt vegyen a Jellasics horv\u00e1t b\u00e1n vezette sereg elleni harc\u00adban. A fel-dunai hadtestn\u00e9l a Zempl\u00e9n vm.-i \u00f6nk\u00e9ntes nemzet\u0151r-z\u00e1szl\u00f3alj\u00adban sz\u00e1zados (1848. okt. \u2013), a z\u00e1szl\u00f3alj ideiglenes parancsnoka (nov.-t\u0151l), majd annak feloszlat\u00e1s\u00e1ig (1849. febr.) ism\u00e9t sz\u00e1zadparancs\u00adnoka. A 2. honv\u00e9d vad\u00e1szezred 4. oszt\u00e1ly\u00e1nak (7. \u00e9s 8. sz\u00e1zad\u00e1nak) parancs\u00adnoka volt (1849. j\u00fan.-ban). Sz\u00e9pirodalommal \u00e9s mez\u0151g. k\u00e9rd\u00e9\u00adsekkel is foglalkozott. \u2013 <strong>F. m.:<\/strong> \u00c9n (v\u00edgj\u00e1t\u00e9k; bem. pesti Nemzeti Sz\u00edn\u00adh\u00e1z, 1841); Satum k\u00f3rosok (boh\u00f3zat; \u00e9. n.); Adatok a kert\u00e9szet t\u00f6rt\u00e9net\u00e9hez (M. Kert\u00e9sz, 1863); Ha a m. kert\u00e9szeti t\u00e1rsulat igazgat\u00f3-v\u00e1lasztm\u00e1ny\u00e1nak tagja volna, k\u00f6ze\u00adlebbi gy\u0171l\u00e9s\u00e9n a k\u00f6vetkez\u0151 besz\u00e9det tartan\u00e1 (Pest, 1863); <strong>ford.:<\/strong> V. Hug\u00f3: Borgia Lucretia c. szomor\u00faj\u00e1t\u00e9k, t\u00f6bbsz\u00f6r el\u0151adtak Pesten. <br \/><strong>Irod.:<\/strong> Bicsok. Orb\u00e1n; Fogarasi; Jakab Elek: Gr. B. F. h\u00e1trahagyott k\u00e9ziratai (Ellen\u0151r, 1877. 325. sz.); Id\u0151t\u00e1r 1; Lukinich; Terv Erd\u00e9ly elfoglal\u00e1s\u00e1ra. Kiad., bev. Hermann R\u00f3bert: B. F. haditerve, 1848 (M. M\u00faz., 1991)<\/br><\/p>\n","protected":false},"excerpt":{"rendered":"<p>1801, \u2020 Bethlen, 1875. szept. 3.: katonatiszt, \u00edr\u00f3. \u2013 B. Ferenc (1762\u20131812) \u00e9s br. B\u00e1nffy Zsuzsanna (1763-Kv, 1840. jan 24) fia. Feles\u00e9ge gr. Bethlen Karolina (1803\u20131891). Gyermekeik: S\u00e1ndor, Ferenc, M\u00e1ria, K\u00e1roly, Elek. \u2013 Albisi Bod P\u00e9ter volt gyermekei h\u00e1zitan\u00edt\u00f3ja. Jogot v\u00e9gzett, Bels\u0151-Szolnok vm. t. f\u0151isp\u00e1nja (1822\u201329). K\u00fck\u00fcll\u0151i kast\u00e9ly tulajdonos. Birtok\u00e1n gazd\u00e1lkodott, a kv.-i ref. koll. [&hellip;]<\/p>\n","protected":false},"featured_media":0,"comment_status":"open","ping_status":"closed","template":"","meta":[],"product_brand":[],"product_cat":[137],"product_tag":[],"class_list":{"0":"post-4594","1":"product","2":"type-product","3":"status-publish","5":"product_cat-maros-megyei-eletrajzi-lexikon","7":"first","8":"instock","9":"shipping-taxable","10":"product-type-simple"},"_links":{"self":[{"href":"https:\/\/uj.adatbank.ro\/lexikon\/wp-json\/wp\/v2\/product\/4594","targetHints":{"allow":["GET"]}}],"collection":[{"href":"https:\/\/uj.adatbank.ro\/lexikon\/wp-json\/wp\/v2\/product"}],"about":[{"href":"https:\/\/uj.adatbank.ro\/lexikon\/wp-json\/wp\/v2\/types\/product"}],"replies":[{"embeddable":true,"href":"https:\/\/uj.adatbank.ro\/lexikon\/wp-json\/wp\/v2\/comments?post=4594"}],"wp:attachment":[{"href":"https:\/\/uj.adatbank.ro\/lexikon\/wp-json\/wp\/v2\/media?parent=4594"}],"wp:term":[{"taxonomy":"product_brand","embeddable":true,"href":"https:\/\/uj.adatbank.ro\/lexikon\/wp-json\/wp\/v2\/product_brand?post=4594"},{"taxonomy":"product_cat","embeddable":true,"href":"https:\/\/uj.adatbank.ro\/lexikon\/wp-json\/wp\/v2\/product_cat?post=4594"},{"taxonomy":"product_tag","embeddable":true,"href":"https:\/\/uj.adatbank.ro\/lexikon\/wp-json\/wp\/v2\/product_tag?post=4594"}],"curies":[{"name":"wp","href":"https:\/\/api.w.org\/{rel}","templated":true}]}}