{"id":4599,"date":"2025-06-28T16:47:09","date_gmt":"2025-06-28T14:47:09","guid":{"rendered":"https:\/\/uj.adatbank.ro\/lexikon\/termek\/bethlen-gabor-bethleni-gr-2\/"},"modified":"2025-06-28T16:47:09","modified_gmt":"2025-06-28T14:47:09","slug":"bethlen-gabor-bethleni-gr-2","status":"publish","type":"product","link":"https:\/\/uj.adatbank.ro\/lexikon\/termek\/bethlen-gabor-bethleni-gr-2\/","title":{"rendered":"BETHLEN G\u00e1bor, bethleni gr."},"content":{"rendered":"<p>Kv., 1885. szept. 2. \u2020 Segesv\u00e1r, 1914. szept. 16. A Bethleni s\u00edrboltba temett\u00e9k: f\u0151ldbirtokos. \u2013 B\u00e1lint (1856\u20131913) \u00e9s uzoni gr. B\u00e9ldi Berta (1863\u20131946) fia. Testv\u00e9rei: M\u00e1ria gr. Bethlen S\u00e1ndorn\u00e9; B\u00e1lint feles\u00e9ge B\u00e1nffy Marian; B\u00e9la; \u00d6d\u00f6n; Berta. Feles\u00e9ge: sepsir\u00e9tyi Antos Ilona (Bp., 1891. okt. 28.- Bp., 1941. jan. 29.). Esk\u00fcv\u0151: (R\u00e1koscsaba, 1913. \u00e1pr. 28). <br \/><strong>Irod.:<\/strong> \u00c1ll\u00f3- \u00e9s mozg\u00f3k\u00e9pek; Gudenus; Lev\u00e9lt\u00e1ri gy\u00e1szj.<\/br><\/p>\n","protected":false},"excerpt":{"rendered":"<p>Kv., 1885. szept. 2. \u2020 Segesv\u00e1r, 1914. szept. 16. A Bethleni s\u00edrboltba temett\u00e9k: f\u0151ldbirtokos. \u2013 B\u00e1lint (1856\u20131913) \u00e9s uzoni gr. B\u00e9ldi Berta (1863\u20131946) fia. Testv\u00e9rei: M\u00e1ria gr. Bethlen S\u00e1ndorn\u00e9; B\u00e1lint feles\u00e9ge B\u00e1nffy Marian; B\u00e9la; \u00d6d\u00f6n; Berta. Feles\u00e9ge: sepsir\u00e9tyi Antos Ilona (Bp., 1891. okt. 28.- Bp., 1941. jan. 29.). Esk\u00fcv\u0151: (R\u00e1koscsaba, 1913. \u00e1pr. 28). Irod.: \u00c1ll\u00f3- [&hellip;]<\/p>\n","protected":false},"featured_media":0,"comment_status":"open","ping_status":"closed","template":"","meta":[],"product_brand":[],"product_cat":[137],"product_tag":[],"class_list":{"0":"post-4599","1":"product","2":"type-product","3":"status-publish","5":"product_cat-maros-megyei-eletrajzi-lexikon","7":"first","8":"instock","9":"shipping-taxable","10":"product-type-simple"},"_links":{"self":[{"href":"https:\/\/uj.adatbank.ro\/lexikon\/wp-json\/wp\/v2\/product\/4599","targetHints":{"allow":["GET"]}}],"collection":[{"href":"https:\/\/uj.adatbank.ro\/lexikon\/wp-json\/wp\/v2\/product"}],"about":[{"href":"https:\/\/uj.adatbank.ro\/lexikon\/wp-json\/wp\/v2\/types\/product"}],"replies":[{"embeddable":true,"href":"https:\/\/uj.adatbank.ro\/lexikon\/wp-json\/wp\/v2\/comments?post=4599"}],"wp:attachment":[{"href":"https:\/\/uj.adatbank.ro\/lexikon\/wp-json\/wp\/v2\/media?parent=4599"}],"wp:term":[{"taxonomy":"product_brand","embeddable":true,"href":"https:\/\/uj.adatbank.ro\/lexikon\/wp-json\/wp\/v2\/product_brand?post=4599"},{"taxonomy":"product_cat","embeddable":true,"href":"https:\/\/uj.adatbank.ro\/lexikon\/wp-json\/wp\/v2\/product_cat?post=4599"},{"taxonomy":"product_tag","embeddable":true,"href":"https:\/\/uj.adatbank.ro\/lexikon\/wp-json\/wp\/v2\/product_tag?post=4599"}],"curies":[{"name":"wp","href":"https:\/\/api.w.org\/{rel}","templated":true}]}}