{"id":4603,"date":"2025-06-28T16:47:19","date_gmt":"2025-06-28T14:47:19","guid":{"rendered":"https:\/\/uj.adatbank.ro\/lexikon\/termek\/bethlen-gergely-bethleni-gr\/"},"modified":"2025-06-28T16:47:19","modified_gmt":"2025-06-28T14:47:19","slug":"bethlen-gergely-bethleni-gr","status":"publish","type":"product","link":"https:\/\/uj.adatbank.ro\/lexikon\/termek\/bethlen-gergely-bethleni-gr\/","title":{"rendered":"BETHLEN Gergely, bethleni gr."},"content":{"rendered":"<p>1536 e. \u2020\u00a01567. k.: tan\u00e1csos. \u2013 B. Bal\u00e1zs \u00e9s de Chorczo Angelika (Angelika Thurz\u00f3 de Bethlenfalva) fia. Feles\u00e9ge: Nyujt\u00f3di Anna, K\u00e1llay Orsolya. Gyermekei: J\u00e1nos, Anna, Gy\u00f6rgy, Kl\u00e1ra losonczi B\u00e1nffy Farkasn\u00e9; Krisztina Kornis Farkasn\u00e9. \u2013 Szapolyai J\u00e1nos tan\u00e1csosa (1561\u2013). <br \/><strong>Irod.:<\/strong> Gudenus; Kornis.<\/br><\/p>\n","protected":false},"excerpt":{"rendered":"<p>1536 e. \u2020\u00a01567. k.: tan\u00e1csos. \u2013 B. Bal\u00e1zs \u00e9s de Chorczo Angelika (Angelika Thurz\u00f3 de Bethlenfalva) fia. Feles\u00e9ge: Nyujt\u00f3di Anna, K\u00e1llay Orsolya. Gyermekei: J\u00e1nos, Anna, Gy\u00f6rgy, Kl\u00e1ra losonczi B\u00e1nffy Farkasn\u00e9; Krisztina Kornis Farkasn\u00e9. \u2013 Szapolyai J\u00e1nos tan\u00e1csosa (1561\u2013). Irod.: Gudenus; Kornis.<\/p>\n","protected":false},"featured_media":0,"comment_status":"open","ping_status":"closed","template":"","meta":[],"product_brand":[],"product_cat":[137],"product_tag":[],"class_list":{"0":"post-4603","1":"product","2":"type-product","3":"status-publish","5":"product_cat-maros-megyei-eletrajzi-lexikon","7":"first","8":"instock","9":"shipping-taxable","10":"product-type-simple"},"_links":{"self":[{"href":"https:\/\/uj.adatbank.ro\/lexikon\/wp-json\/wp\/v2\/product\/4603","targetHints":{"allow":["GET"]}}],"collection":[{"href":"https:\/\/uj.adatbank.ro\/lexikon\/wp-json\/wp\/v2\/product"}],"about":[{"href":"https:\/\/uj.adatbank.ro\/lexikon\/wp-json\/wp\/v2\/types\/product"}],"replies":[{"embeddable":true,"href":"https:\/\/uj.adatbank.ro\/lexikon\/wp-json\/wp\/v2\/comments?post=4603"}],"wp:attachment":[{"href":"https:\/\/uj.adatbank.ro\/lexikon\/wp-json\/wp\/v2\/media?parent=4603"}],"wp:term":[{"taxonomy":"product_brand","embeddable":true,"href":"https:\/\/uj.adatbank.ro\/lexikon\/wp-json\/wp\/v2\/product_brand?post=4603"},{"taxonomy":"product_cat","embeddable":true,"href":"https:\/\/uj.adatbank.ro\/lexikon\/wp-json\/wp\/v2\/product_cat?post=4603"},{"taxonomy":"product_tag","embeddable":true,"href":"https:\/\/uj.adatbank.ro\/lexikon\/wp-json\/wp\/v2\/product_tag?post=4603"}],"curies":[{"name":"wp","href":"https:\/\/api.w.org\/{rel}","templated":true}]}}