{"id":4604,"date":"2025-06-28T16:47:22","date_gmt":"2025-06-28T14:47:22","guid":{"rendered":"https:\/\/uj.adatbank.ro\/lexikon\/termek\/bethlen-gergely-bethleni-gr-2\/"},"modified":"2025-06-28T16:47:22","modified_gmt":"2025-06-28T14:47:22","slug":"bethlen-gergely-bethleni-gr-2","status":"publish","type":"product","link":"https:\/\/uj.adatbank.ro\/lexikon\/termek\/bethlen-gergely-bethleni-gr-2\/","title":{"rendered":"BETHLEN Gergely, bethleni gr."},"content":{"rendered":"<p>1717. \u2020\u00a01792.: f\u00f6ldbirtokos, f\u0151nemes.- B. L\u00e1szl\u00f3 (1675\u20131716) \u00e9s gr. Folthy M\u00e1ria fia. B. Farkas t\u00f6rt\u00e9net\u00edr\u00f3 unok\u00e1ja. Testv\u00e9rei: Lajos (1714\u201379), L\u00e1szl\u00f3; (apja 2. feles\u00e9g\u00e9t\u0151l, Wessel\u00e9nyi Ann\u00e1t\u00f3l) f\u00e9ltestv\u00e9re Gergely (1680\u20131740), Zsuzs\u00e1nna, Ferenc. Feles\u00e9ge Nal\u00e1czy Borb\u00e1la. Gyermekei: Lajos, Gergely (1760\u20131816), Borb\u00e1la (\u20131831), Ferenc, L\u00e1szl\u00f3. \u2013 Az \u00faj bethleni kast\u00e9ly \u00e9p\u00edtett\u0151je. A gyermektelen\u00fcl elh\u00fanyt testv\u00e9r\u00e9t\u0151l, B. Lajost\u00f3l, \u00f6r\u00f6k\u00f6lte a mv.-i F\u0151t\u00e9ri h\u00e1zat, amelyik a Kir. T\u00e1bla els\u0151 sz\u00e9kh\u00e1za mellett volt (1779), t\u0151le Gergely (1760\u20131816) fia \u00f6r\u00f6k\u00f6lte. <br \/><strong>Irod.:<\/strong> Az erd\u00e9lyi h\u00e1rom nemzetb\u00f6l \u00e1ll\u00f3 rendeknek 1792 e.-ben tartott k\u00f6z\u00f6ns\u00e9ges gy\u0171l\u00e9seikben lett v\u00e9gz\u00e9seinek \u00e9s foglalatoss\u00e1goknak jegyz\u0151k\u00f6nyve (Kv., 1795); Gudenus; Orb\u00e1n J\u00e1nos: A Kir\u00e1lyi T\u00e1bla els\u0151 k\u00e9t mv.-i sz\u00e9kh\u00e1za = St\u00edlusok, m\u0171vek, mesterek<\/br><\/p>\n","protected":false},"excerpt":{"rendered":"<p>1717. \u2020\u00a01792.: f\u00f6ldbirtokos, f\u0151nemes.- B. L\u00e1szl\u00f3 (1675\u20131716) \u00e9s gr. Folthy M\u00e1ria fia. B. Farkas t\u00f6rt\u00e9net\u00edr\u00f3 unok\u00e1ja. Testv\u00e9rei: Lajos (1714\u201379), L\u00e1szl\u00f3; (apja 2. feles\u00e9g\u00e9t\u0151l, Wessel\u00e9nyi Ann\u00e1t\u00f3l) f\u00e9ltestv\u00e9re Gergely (1680\u20131740), Zsuzs\u00e1nna, Ferenc. Feles\u00e9ge Nal\u00e1czy Borb\u00e1la. Gyermekei: Lajos, Gergely (1760\u20131816), Borb\u00e1la (\u20131831), Ferenc, L\u00e1szl\u00f3. \u2013 Az \u00faj bethleni kast\u00e9ly \u00e9p\u00edtett\u0151je. A gyermektelen\u00fcl elh\u00fanyt testv\u00e9r\u00e9t\u0151l, B. Lajost\u00f3l, \u00f6r\u00f6k\u00f6lte a [&hellip;]<\/p>\n","protected":false},"featured_media":0,"comment_status":"open","ping_status":"closed","template":"","meta":[],"product_brand":[],"product_cat":[137],"product_tag":[],"class_list":{"0":"post-4604","1":"product","2":"type-product","3":"status-publish","5":"product_cat-maros-megyei-eletrajzi-lexikon","7":"first","8":"instock","9":"shipping-taxable","10":"product-type-simple"},"_links":{"self":[{"href":"https:\/\/uj.adatbank.ro\/lexikon\/wp-json\/wp\/v2\/product\/4604","targetHints":{"allow":["GET"]}}],"collection":[{"href":"https:\/\/uj.adatbank.ro\/lexikon\/wp-json\/wp\/v2\/product"}],"about":[{"href":"https:\/\/uj.adatbank.ro\/lexikon\/wp-json\/wp\/v2\/types\/product"}],"replies":[{"embeddable":true,"href":"https:\/\/uj.adatbank.ro\/lexikon\/wp-json\/wp\/v2\/comments?post=4604"}],"wp:attachment":[{"href":"https:\/\/uj.adatbank.ro\/lexikon\/wp-json\/wp\/v2\/media?parent=4604"}],"wp:term":[{"taxonomy":"product_brand","embeddable":true,"href":"https:\/\/uj.adatbank.ro\/lexikon\/wp-json\/wp\/v2\/product_brand?post=4604"},{"taxonomy":"product_cat","embeddable":true,"href":"https:\/\/uj.adatbank.ro\/lexikon\/wp-json\/wp\/v2\/product_cat?post=4604"},{"taxonomy":"product_tag","embeddable":true,"href":"https:\/\/uj.adatbank.ro\/lexikon\/wp-json\/wp\/v2\/product_tag?post=4604"}],"curies":[{"name":"wp","href":"https:\/\/api.w.org\/{rel}","templated":true}]}}